{"id":100,"date":"2010-06-11T07:18:09","date_gmt":"2010-06-11T07:18:09","guid":{"rendered":"http:\/\/pracownia52.pl\/www\/?page_id=100"},"modified":"2019-05-21T15:03:26","modified_gmt":"2019-05-21T15:03:26","slug":"beata-molak","status":"publish","type":"page","link":"https:\/\/pracownia52.pl\/www\/?page_id=100","title":{"rendered":"beata molak"},"content":{"rendered":"\n<p>ok\u0142adka na LP, kilka zdj\u0119\u0107. taka sobie (ok\u0142adka). po\u0142owa drogi mi\u0119dzy r\u0119czn\u0105 prac\u0105 \u2013 a komputerami, wtedy (1990) jeszcze \u2013 niewiele <em>umiej\u0105cymi<\/em>. (i ja te\u017c niewiele umia\u0142em niestety.) <a href=\"https:\/\/pl.wikipedia.org\/wiki\/Marek_Bychawski\"><strong>Marek Bychawski<\/strong><\/a> mnie nam\u00f3wi\u0142. ciekawy muzyk \u2013 zmar\u0142 niedawno (2010)<br \/>mr m.<\/p>\n\n\n\n<ul class=\"wp-block-gallery columns-1 is-cropped wp-block-gallery-1 is-layout-flex wp-block-gallery-is-layout-flex\"><li class=\"blocks-gallery-item\"><figure><a href=\"https:\/\/pracownia52.pl\/www\/wp-content\/uploads\/2010\/06\/1990-Beata-Molak-Wolni.jpg\"><img loading=\"lazy\" decoding=\"async\" width=\"400\" height=\"400\" src=\"https:\/\/pracownia52.pl\/www\/wp-content\/uploads\/2010\/06\/1990-Beata-Molak-Wolni.jpg\" alt=\"\" data-id=\"2806\" class=\"wp-image-2806\" srcset=\"https:\/\/pracownia52.pl\/www\/wp-content\/uploads\/2010\/06\/1990-Beata-Molak-Wolni.jpg?v=1763914992 400w, https:\/\/pracownia52.pl\/www\/wp-content\/uploads\/2010\/06\/1990-Beata-Molak-Wolni-300x300.jpg?v=1763914992 300w, https:\/\/pracownia52.pl\/www\/wp-content\/uploads\/2010\/06\/1990-Beata-Molak-Wolni-150x150.jpg?v=1763914992 150w\" sizes=\"auto, (max-width: 400px) 100vw, 400px\" \/><\/a><\/figure><\/li><\/ul>\n","protected":false},"excerpt":{"rendered":"<p>ok\u0142adka na LP, kilka zdj\u0119\u0107. taka sobie (ok\u0142adka). po\u0142owa drogi mi\u0119dzy r\u0119czn\u0105 prac\u0105 \u2013 a komputerami, wtedy (1990) jeszcze \u2013 niewiele umiej\u0105cymi. (i ja te\u017c niewiele umia\u0142em niestety.) Marek Bychawski mnie nam\u00f3wi\u0142. ciekawy muzyk \u2013 zmar\u0142 niedawno (2010)mr m.<\/p>\n","protected":false},"author":1,"featured_media":0,"parent":0,"menu_order":0,"comment_status":"closed","ping_status":"open","template":"","meta":{"footnotes":""},"class_list":["post-100","page","type-page","status-publish","hentry"],"_links":{"self":[{"href":"https:\/\/pracownia52.pl\/www\/index.php?rest_route=\/wp\/v2\/pages\/100","targetHints":{"allow":["GET"]}}],"collection":[{"href":"https:\/\/pracownia52.pl\/www\/index.php?rest_route=\/wp\/v2\/pages"}],"about":[{"href":"https:\/\/pracownia52.pl\/www\/index.php?rest_route=\/wp\/v2\/types\/page"}],"author":[{"embeddable":true,"href":"https:\/\/pracownia52.pl\/www\/index.php?rest_route=\/wp\/v2\/users\/1"}],"replies":[{"embeddable":true,"href":"https:\/\/pracownia52.pl\/www\/index.php?rest_route=%2Fwp%2Fv2%2Fcomments&post=100"}],"version-history":[{"count":19,"href":"https:\/\/pracownia52.pl\/www\/index.php?rest_route=\/wp\/v2\/pages\/100\/revisions"}],"predecessor-version":[{"id":9379,"href":"https:\/\/pracownia52.pl\/www\/index.php?rest_route=\/wp\/v2\/pages\/100\/revisions\/9379"}],"wp:attachment":[{"href":"https:\/\/pracownia52.pl\/www\/index.php?rest_route=%2Fwp%2Fv2%2Fmedia&parent=100"}],"curies":[{"name":"wp","href":"https:\/\/api.w.org\/{rel}","templated":true}]}}