{"id":10024,"date":"2022-01-05T07:48:01","date_gmt":"2022-01-05T07:48:01","guid":{"rendered":"https:\/\/pracownia52.pl\/www\/?page_id=10024"},"modified":"2022-06-06T09:25:55","modified_gmt":"2022-06-06T09:25:55","slug":"andrzej-nowak","status":"publish","type":"page","link":"https:\/\/pracownia52.pl\/www\/?page_id=10024","title":{"rendered":"Andrzej Nowak"},"content":{"rendered":"\n<p>(1959-2022)<br \/><strong><a href=\"https:\/\/pracownia52.pl\/www\/?page_id=1310\" data-type=\"page\" data-id=\"1310\">Andrzej<\/a><\/strong> by\u0142 nies\u0142ychanie\u2026 Fotogeniczny. No, mo\u017ce efektowny wizualnie. I chyba to wiedzia\u0142, pozy umia\u0142 robi\u0107 znakomite. A te jego pasje: <strong><a href=\"https:\/\/pracownia52.pl\/www\/?page_id=1191\" data-type=\"page\" data-id=\"1191\">motory<\/a><\/strong>, stara Simca, p\u00f3\u017aniej, gdy ju\u017c si\u0119 nie widywali\u015bmy, psy\u2026 No, d\u0142u\u017csza opowie\u015b\u0107, do tego zwi\u0105zana z <strong><a href=\"https:\/\/pracownia52.pl\/www\/?page_id=774\" data-type=\"page\" data-id=\"774\">Nalep\u0105<\/a><\/strong>, z <strong><a href=\"https:\/\/pracownia52.pl\/www\/?page_id=501\" data-type=\"page\" data-id=\"501\">Martyn\u0105<\/a><\/strong> ( \u2013 <em>Bardzo gro\u017an<\/em>a <em>Ksi\u0119\u017cniczka i ja<\/em>\u2026 \u2013 jak m\u00f3wi\u0142a: <em>\u2013  \u2026gdzie Ksi\u0119\u017cniczka to Andrzej<\/em>\u2026 \u2013 dodawa\u0142a ze \u015bmiechem. <br \/>Te wyjazdy: do <strong><a href=\"http:\/\/ko\u0142obrzeg\" data-type=\"URL\" data-id=\"ko\u0142obrzeg\">Ko\u0142obrzegu<\/a><\/strong>, do <strong><a href=\"https:\/\/pracownia52.pl\/www\/?page_id=5225\" data-type=\"page\" data-id=\"5225\">Jugos\u0142awii<\/a><\/strong>, do tego <strong><a href=\"https:\/\/pracownia52.pl\/www\/?page_id=1480\" data-type=\"page\" data-id=\"1480\">Opole<\/a><\/strong> (1984 g\u0142\u00f3wnie)\u2026<br \/>Ech.<br \/>mr m.<\/p>\n\n\n\n<figure class=\"wp-block-gallery has-nested-images columns-default is-cropped wp-block-gallery-1 is-layout-flex wp-block-gallery-is-layout-flex\">\n<figure class=\"wp-block-image size-large\"><a href=\"https:\/\/pracownia52.pl\/www\/wp-content\/uploads\/2010\/06\/An-Nowak-1-rockowisko-83.jpg\"><img loading=\"lazy\" decoding=\"async\" width=\"550\" height=\"377\" data-id=\"1314\" src=\"https:\/\/pracownia52.pl\/www\/wp-content\/uploads\/2010\/06\/An-Nowak-1-rockowisko-83.jpg\" alt=\"\" class=\"wp-image-1314\" srcset=\"https:\/\/pracownia52.pl\/www\/wp-content\/uploads\/2010\/06\/An-Nowak-1-rockowisko-83.jpg?v=1627124274 550w, https:\/\/pracownia52.pl\/www\/wp-content\/uploads\/2010\/06\/An-Nowak-1-rockowisko-83-300x206.jpg?v=1627124274 300w\" sizes=\"auto, (max-width: 550px) 100vw, 550px\" \/><\/a><\/figure>\n<\/figure>\n","protected":false},"excerpt":{"rendered":"<p>(1959-2022)Andrzej by\u0142 nies\u0142ychanie\u2026 Fotogeniczny. No, mo\u017ce efektowny wizualnie. I chyba to wiedzia\u0142, pozy umia\u0142 robi\u0107 znakomite. A te jego pasje: motory, stara Simca, p\u00f3\u017aniej, gdy ju\u017c si\u0119 nie widywali\u015bmy, psy\u2026 No, d\u0142u\u017csza opowie\u015b\u0107, do tego zwi\u0105zana z Nalep\u0105, z Martyn\u0105 ( \u2013 Bardzo gro\u017ana Ksi\u0119\u017cniczka i ja\u2026 \u2013 jak m\u00f3wi\u0142a: \u2013 \u2026gdzie Ksi\u0119\u017cniczka to Andrzej\u2026 &hellip; <\/p>\n<p class=\"link-more\"><a href=\"https:\/\/pracownia52.pl\/www\/?page_id=10024\" class=\"more-link\">Czytaj dalej<span class=\"screen-reader-text\"> \u201eAndrzej Nowak\u201d<\/span><\/a><\/p>\n","protected":false},"author":1,"featured_media":0,"parent":0,"menu_order":0,"comment_status":"closed","ping_status":"closed","template":"","meta":{"footnotes":""},"class_list":["post-10024","page","type-page","status-publish","hentry"],"_links":{"self":[{"href":"https:\/\/pracownia52.pl\/www\/index.php?rest_route=\/wp\/v2\/pages\/10024","targetHints":{"allow":["GET"]}}],"collection":[{"href":"https:\/\/pracownia52.pl\/www\/index.php?rest_route=\/wp\/v2\/pages"}],"about":[{"href":"https:\/\/pracownia52.pl\/www\/index.php?rest_route=\/wp\/v2\/types\/page"}],"author":[{"embeddable":true,"href":"https:\/\/pracownia52.pl\/www\/index.php?rest_route=\/wp\/v2\/users\/1"}],"replies":[{"embeddable":true,"href":"https:\/\/pracownia52.pl\/www\/index.php?rest_route=%2Fwp%2Fv2%2Fcomments&post=10024"}],"version-history":[{"count":8,"href":"https:\/\/pracownia52.pl\/www\/index.php?rest_route=\/wp\/v2\/pages\/10024\/revisions"}],"predecessor-version":[{"id":10092,"href":"https:\/\/pracownia52.pl\/www\/index.php?rest_route=\/wp\/v2\/pages\/10024\/revisions\/10092"}],"wp:attachment":[{"href":"https:\/\/pracownia52.pl\/www\/index.php?rest_route=%2Fwp%2Fv2%2Fmedia&parent=10024"}],"curies":[{"name":"wp","href":"https:\/\/api.w.org\/{rel}","templated":true}]}}