{"id":10066,"date":"2022-02-17T17:51:06","date_gmt":"2022-02-17T17:51:06","guid":{"rendered":"https:\/\/pracownia52.pl\/www\/?page_id=10066"},"modified":"2022-02-17T17:51:26","modified_gmt":"2022-02-17T17:51:26","slug":"wladyslaw-jagiello","status":"publish","type":"page","link":"https:\/\/pracownia52.pl\/www\/?page_id=10066","title":{"rendered":"W\u0142adys\u0142aw Jagie\u0142\u0142o"},"content":{"rendered":"\n<p>Kilka zdj\u0119\u0107 (1979?), a w tym jedno, kt\u00f3re bardzo lubi\u0119 \u2013 nie, nie to; takie, kt\u00f3re trafi\u0142o do \u201e<strong><a href=\"http:\/\/obok.info\/?page_id=35\" data-type=\"URL\" data-id=\"http:\/\/obok.info\/?page_id=35\">Obok albo ile procent Babilonu?<\/a><\/strong>\u201d. A to z tego samego dnia, by\u0142 tam jeszcze <strong><a href=\"https:\/\/pracownia52.pl\/www\/?page_id=1063\" data-type=\"page\" data-id=\"1063\">Andrzej Przybielski<\/a><\/strong>, panowie byli tajemniczy, milcz\u0105cy\u2026<br \/>mr m.<\/p>\n\n\n\n<figure class=\"wp-block-image size-full\"><a href=\"https:\/\/pracownia52.pl\/www\/wp-content\/uploads\/2022\/02\/1979-wladyslaw-jagiello-fot-mr-makowski-1800x1180pxl-001.jpg\"><img loading=\"lazy\" decoding=\"async\" width=\"1800\" height=\"1179\" src=\"https:\/\/pracownia52.pl\/www\/wp-content\/uploads\/2022\/02\/1979-wladyslaw-jagiello-fot-mr-makowski-1800x1180pxl-001.jpg?v=1645120116\" alt=\"\" class=\"wp-image-10068\" srcset=\"https:\/\/pracownia52.pl\/www\/wp-content\/uploads\/2022\/02\/1979-wladyslaw-jagiello-fot-mr-makowski-1800x1180pxl-001.jpg?v=1645120116 1800w, https:\/\/pracownia52.pl\/www\/wp-content\/uploads\/2022\/02\/1979-wladyslaw-jagiello-fot-mr-makowski-1800x1180pxl-001-300x197.jpg?v=1645120116 300w, https:\/\/pracownia52.pl\/www\/wp-content\/uploads\/2022\/02\/1979-wladyslaw-jagiello-fot-mr-makowski-1800x1180pxl-001-1024x671.jpg?v=1645120116 1024w, https:\/\/pracownia52.pl\/www\/wp-content\/uploads\/2022\/02\/1979-wladyslaw-jagiello-fot-mr-makowski-1800x1180pxl-001-768x503.jpg?v=1645120116 768w, https:\/\/pracownia52.pl\/www\/wp-content\/uploads\/2022\/02\/1979-wladyslaw-jagiello-fot-mr-makowski-1800x1180pxl-001-1536x1006.jpg?v=1645120116 1536w\" sizes=\"auto, (max-width: 767px) 89vw, (max-width: 1000px) 54vw, (max-width: 1071px) 543px, 580px\" \/><\/a><\/figure>\n","protected":false},"excerpt":{"rendered":"<p>Kilka zdj\u0119\u0107 (1979?), a w tym jedno, kt\u00f3re bardzo lubi\u0119 \u2013 nie, nie to; takie, kt\u00f3re trafi\u0142o do \u201eObok albo ile procent Babilonu?\u201d. A to z tego samego dnia, by\u0142 tam jeszcze Andrzej Przybielski, panowie byli tajemniczy, milcz\u0105cy\u2026mr m.<\/p>\n","protected":false},"author":1,"featured_media":0,"parent":0,"menu_order":0,"comment_status":"closed","ping_status":"closed","template":"","meta":{"footnotes":""},"class_list":["post-10066","page","type-page","status-publish","hentry"],"_links":{"self":[{"href":"https:\/\/pracownia52.pl\/www\/index.php?rest_route=\/wp\/v2\/pages\/10066","targetHints":{"allow":["GET"]}}],"collection":[{"href":"https:\/\/pracownia52.pl\/www\/index.php?rest_route=\/wp\/v2\/pages"}],"about":[{"href":"https:\/\/pracownia52.pl\/www\/index.php?rest_route=\/wp\/v2\/types\/page"}],"author":[{"embeddable":true,"href":"https:\/\/pracownia52.pl\/www\/index.php?rest_route=\/wp\/v2\/users\/1"}],"replies":[{"embeddable":true,"href":"https:\/\/pracownia52.pl\/www\/index.php?rest_route=%2Fwp%2Fv2%2Fcomments&post=10066"}],"version-history":[{"count":4,"href":"https:\/\/pracownia52.pl\/www\/index.php?rest_route=\/wp\/v2\/pages\/10066\/revisions"}],"predecessor-version":[{"id":10071,"href":"https:\/\/pracownia52.pl\/www\/index.php?rest_route=\/wp\/v2\/pages\/10066\/revisions\/10071"}],"wp:attachment":[{"href":"https:\/\/pracownia52.pl\/www\/index.php?rest_route=%2Fwp%2Fv2%2Fmedia&parent=10066"}],"curies":[{"name":"wp","href":"https:\/\/api.w.org\/{rel}","templated":true}]}}