{"id":10222,"date":"2023-08-17T17:16:48","date_gmt":"2023-08-17T17:16:48","guid":{"rendered":"https:\/\/pracownia52.pl\/www\/?page_id=10222"},"modified":"2023-08-17T17:16:48","modified_gmt":"2023-08-17T17:16:48","slug":"bank","status":"publish","type":"page","link":"https:\/\/pracownia52.pl\/www\/?page_id=10222","title":{"rendered":"Bank"},"content":{"rendered":"\n<p><strong><a href=\"https:\/\/pl.wikipedia.org\/wiki\/Bank_(zesp\u00f3\u0142_muzyczny)\" data-type=\"link\" data-id=\"https:\/\/pl.wikipedia.org\/wiki\/Bank_(zesp\u00f3\u0142_muzyczny)\">grupa<\/a><\/strong> z pocz. 80. \u2013 to czasy <strong><a href=\"https:\/\/pracownia52.pl\/www\/?page_id=1523\" data-type=\"page\" data-id=\"1523\">MMG<\/a><\/strong>. zrobi\u0142em tylko kilka zdj\u0119\u0107 z koncertu (1981), manager \u00f3wczesny mnie poprosi\u0142; nic z tej wsp\u00f3\u0142pracy nie wysz\u0142o jako\u015b. a tu jedno najdziwniejsze chyba: inny pan fotograf w\u0142a\u015bnie \u015bwieci fleszem, jak i ja\u2026<br \/>m.<\/p>\n\n\n\n<figure class=\"wp-block-image size-full\"><a href=\"https:\/\/pracownia52.pl\/www\/wp-content\/uploads\/2023\/08\/1981-grupa-Bank-fot-mr-makowski-low-res-foto-v700-013-.jpg\"><img loading=\"lazy\" decoding=\"async\" width=\"1800\" height=\"1192\" src=\"https:\/\/pracownia52.pl\/www\/wp-content\/uploads\/2023\/08\/1981-grupa-Bank-fot-mr-makowski-low-res-foto-v700-013-.jpg\" alt=\"\" class=\"wp-image-10224\" srcset=\"https:\/\/pracownia52.pl\/www\/wp-content\/uploads\/2023\/08\/1981-grupa-Bank-fot-mr-makowski-low-res-foto-v700-013-.jpg?v=1692292478 1800w, https:\/\/pracownia52.pl\/www\/wp-content\/uploads\/2023\/08\/1981-grupa-Bank-fot-mr-makowski-low-res-foto-v700-013--300x199.jpg?v=1692292478 300w, https:\/\/pracownia52.pl\/www\/wp-content\/uploads\/2023\/08\/1981-grupa-Bank-fot-mr-makowski-low-res-foto-v700-013--768x509.jpg?v=1692292478 768w, https:\/\/pracownia52.pl\/www\/wp-content\/uploads\/2023\/08\/1981-grupa-Bank-fot-mr-makowski-low-res-foto-v700-013--1024x678.jpg?v=1692292478 1024w, https:\/\/pracownia52.pl\/www\/wp-content\/uploads\/2023\/08\/1981-grupa-Bank-fot-mr-makowski-low-res-foto-v700-013--1536x1017.jpg?v=1692292478 1536w\" sizes=\"auto, (max-width: 767px) 89vw, (max-width: 1000px) 54vw, (max-width: 1071px) 543px, 580px\" \/><\/a><\/figure>\n","protected":false},"excerpt":{"rendered":"<p>grupa z pocz. 80. \u2013 to czasy MMG. zrobi\u0142em tylko kilka zdj\u0119\u0107 z koncertu (1981), manager \u00f3wczesny mnie poprosi\u0142; nic z tej wsp\u00f3\u0142pracy nie wysz\u0142o jako\u015b. a tu jedno najdziwniejsze chyba: inny pan fotograf w\u0142a\u015bnie \u015bwieci fleszem, jak i ja\u2026m.<\/p>\n","protected":false},"author":1,"featured_media":0,"parent":0,"menu_order":0,"comment_status":"closed","ping_status":"closed","template":"","meta":{"footnotes":""},"class_list":["post-10222","page","type-page","status-publish","hentry"],"_links":{"self":[{"href":"https:\/\/pracownia52.pl\/www\/index.php?rest_route=\/wp\/v2\/pages\/10222","targetHints":{"allow":["GET"]}}],"collection":[{"href":"https:\/\/pracownia52.pl\/www\/index.php?rest_route=\/wp\/v2\/pages"}],"about":[{"href":"https:\/\/pracownia52.pl\/www\/index.php?rest_route=\/wp\/v2\/types\/page"}],"author":[{"embeddable":true,"href":"https:\/\/pracownia52.pl\/www\/index.php?rest_route=\/wp\/v2\/users\/1"}],"replies":[{"embeddable":true,"href":"https:\/\/pracownia52.pl\/www\/index.php?rest_route=%2Fwp%2Fv2%2Fcomments&post=10222"}],"version-history":[{"count":5,"href":"https:\/\/pracownia52.pl\/www\/index.php?rest_route=\/wp\/v2\/pages\/10222\/revisions"}],"predecessor-version":[{"id":10228,"href":"https:\/\/pracownia52.pl\/www\/index.php?rest_route=\/wp\/v2\/pages\/10222\/revisions\/10228"}],"wp:attachment":[{"href":"https:\/\/pracownia52.pl\/www\/index.php?rest_route=%2Fwp%2Fv2%2Fmedia&parent=10222"}],"curies":[{"name":"wp","href":"https:\/\/api.w.org\/{rel}","templated":true}]}}