{"id":10347,"date":"2024-11-09T16:17:01","date_gmt":"2024-11-09T16:17:01","guid":{"rendered":"https:\/\/pracownia52.pl\/www\/?page_id=10347"},"modified":"2024-11-10T17:30:34","modified_gmt":"2024-11-10T17:30:34","slug":"olsztynskie-noce-bluesowe-1983-85","status":"publish","type":"page","link":"https:\/\/pracownia52.pl\/www\/?page_id=10347","title":{"rendered":"Olszty\u0144skie noce bluesowe (1984-85)"},"content":{"rendered":"\n<p>\u2026nie bez zwi\u0105zku z: <strong><a href=\"https:\/\/en.wikipedia.org\/wiki\/Champion_Jack_Dupree\" data-type=\"link\" data-id=\"https:\/\/en.wikipedia.org\/wiki\/Champion_Jack_Dupree\">Champion Jack Dupree<\/a><\/strong>, <strong><a href=\"https:\/\/pracownia52.pl\/www\/?page_id=181\" data-type=\"page\" data-id=\"181\">D\u017cem<\/a><\/strong>,<strong><a href=\"https:\/\/pracownia52.pl\/www\/?page_id=312\" data-type=\"page\" data-id=\"312\"> Irek Dudek<\/a><\/strong>, <strong><a href=\"https:\/\/pracownia52.pl\/www\/?page_id=480\" data-type=\"page\" data-id=\"480\">Marcin Jacobson<\/a><\/strong>, <strong><a href=\"https:\/\/pracownia52.pl\/www\/?page_id=3800\" data-type=\"page\" data-id=\"3800\">Pawe\u0142 Ostafil<\/a><\/strong>\u2026<br \/>mr m.<\/p>\n\n\n\n<figure class=\"wp-block-gallery has-nested-images columns-default is-cropped wp-block-gallery-1 is-layout-flex wp-block-gallery-is-layout-flex\">\n<figure class=\"wp-block-image size-large\"><a href=\"https:\/\/pracownia52.pl\/www\/wp-content\/uploads\/2024\/11\/1983-olsztyn-Ch-J-Dupree-fot-mr-makowski-low-094.jpg\"><img loading=\"lazy\" decoding=\"async\" width=\"1022\" height=\"1024\" data-id=\"10351\" src=\"https:\/\/pracownia52.pl\/www\/wp-content\/uploads\/2024\/11\/1983-olsztyn-Ch-J-Dupree-fot-mr-makowski-low-094-1022x1024.jpg\" alt=\"\" class=\"wp-image-10351\" srcset=\"https:\/\/pracownia52.pl\/www\/wp-content\/uploads\/2024\/11\/1983-olsztyn-Ch-J-Dupree-fot-mr-makowski-low-094-1022x1024.jpg?v=1731169071 1022w, https:\/\/pracownia52.pl\/www\/wp-content\/uploads\/2024\/11\/1983-olsztyn-Ch-J-Dupree-fot-mr-makowski-low-094-300x300.jpg?v=1731169071 300w, https:\/\/pracownia52.pl\/www\/wp-content\/uploads\/2024\/11\/1983-olsztyn-Ch-J-Dupree-fot-mr-makowski-low-094-150x150.jpg?v=1731169071 150w, https:\/\/pracownia52.pl\/www\/wp-content\/uploads\/2024\/11\/1983-olsztyn-Ch-J-Dupree-fot-mr-makowski-low-094-768x769.jpg?v=1731169071 768w, https:\/\/pracownia52.pl\/www\/wp-content\/uploads\/2024\/11\/1983-olsztyn-Ch-J-Dupree-fot-mr-makowski-low-094-1533x1536.jpg?v=1731169071 1533w, https:\/\/pracownia52.pl\/www\/wp-content\/uploads\/2024\/11\/1983-olsztyn-Ch-J-Dupree-fot-mr-makowski-low-094-75x75.jpg?v=1731169071 75w, https:\/\/pracownia52.pl\/www\/wp-content\/uploads\/2024\/11\/1983-olsztyn-Ch-J-Dupree-fot-mr-makowski-low-094.jpg?v=1731169071 1800w\" sizes=\"auto, (max-width: 767px) 89vw, (max-width: 1000px) 54vw, (max-width: 1071px) 543px, 580px\" \/><\/a><figcaption class=\"wp-element-caption\">Champion Jack Dupree (Olsztyn, 1984)<\/figcaption><\/figure>\n\n\n\n<figure class=\"wp-block-image size-large\"><a href=\"https:\/\/pracownia52.pl\/www\/wp-content\/uploads\/2024\/11\/1984-olsztynskie-noce-bluesowe-fot-mr-makowski-Riedel-n07-fot-mr-makowski-oo1a.jpg\"><img loading=\"lazy\" decoding=\"async\" width=\"674\" height=\"1024\" data-id=\"10354\" src=\"https:\/\/pracownia52.pl\/www\/wp-content\/uploads\/2024\/11\/1984-olsztynskie-noce-bluesowe-fot-mr-makowski-Riedel-n07-fot-mr-makowski-oo1a-674x1024.jpg\" alt=\"\" class=\"wp-image-10354\" srcset=\"https:\/\/pracownia52.pl\/www\/wp-content\/uploads\/2024\/11\/1984-olsztynskie-noce-bluesowe-fot-mr-makowski-Riedel-n07-fot-mr-makowski-oo1a-674x1024.jpg?v=1731169466 674w, https:\/\/pracownia52.pl\/www\/wp-content\/uploads\/2024\/11\/1984-olsztynskie-noce-bluesowe-fot-mr-makowski-Riedel-n07-fot-mr-makowski-oo1a-198x300.jpg?v=1731169466 198w, https:\/\/pracownia52.pl\/www\/wp-content\/uploads\/2024\/11\/1984-olsztynskie-noce-bluesowe-fot-mr-makowski-Riedel-n07-fot-mr-makowski-oo1a-768x1166.jpg?v=1731169466 768w, https:\/\/pracownia52.pl\/www\/wp-content\/uploads\/2024\/11\/1984-olsztynskie-noce-bluesowe-fot-mr-makowski-Riedel-n07-fot-mr-makowski-oo1a.jpg?v=1731169466 922w\" sizes=\"auto, (max-width: 674px) 100vw, 674px\" \/><\/a><figcaption class=\"wp-element-caption\">Ryszard Riedel, <a href=\"https:\/\/pracownia52.pl\/www\/?page_id=181\" data-type=\"page\" data-id=\"181\">D\u017cem<\/a> (z prawej Jerzy Styczy\u0144ski; Olsztyn 1984)<\/figcaption><\/figure>\n\n\n\n<figure class=\"wp-block-image size-large\"><a href=\"https:\/\/pracownia52.pl\/www\/wp-content\/uploads\/2024\/11\/dudek-olsztyn-band-1984-15x15cm-fot-mr-makowski-mod.jpg\"><img loading=\"lazy\" decoding=\"async\" width=\"1024\" height=\"1022\" data-id=\"10362\" src=\"https:\/\/pracownia52.pl\/www\/wp-content\/uploads\/2024\/11\/dudek-olsztyn-band-1984-15x15cm-fot-mr-makowski-mod-1024x1022.jpg\" alt=\"\" class=\"wp-image-10362\" srcset=\"https:\/\/pracownia52.pl\/www\/wp-content\/uploads\/2024\/11\/dudek-olsztyn-band-1984-15x15cm-fot-mr-makowski-mod-1024x1022.jpg?v=1731258835 1024w, https:\/\/pracownia52.pl\/www\/wp-content\/uploads\/2024\/11\/dudek-olsztyn-band-1984-15x15cm-fot-mr-makowski-mod-150x150.jpg?v=1731258835 150w, https:\/\/pracownia52.pl\/www\/wp-content\/uploads\/2024\/11\/dudek-olsztyn-band-1984-15x15cm-fot-mr-makowski-mod-300x300.jpg?v=1731258835 300w, https:\/\/pracownia52.pl\/www\/wp-content\/uploads\/2024\/11\/dudek-olsztyn-band-1984-15x15cm-fot-mr-makowski-mod-768x767.jpg?v=1731258835 768w, https:\/\/pracownia52.pl\/www\/wp-content\/uploads\/2024\/11\/dudek-olsztyn-band-1984-15x15cm-fot-mr-makowski-mod-75x75.jpg?v=1731258835 75w, https:\/\/pracownia52.pl\/www\/wp-content\/uploads\/2024\/11\/dudek-olsztyn-band-1984-15x15cm-fot-mr-makowski-mod.jpg?v=1731258835 1202w\" sizes=\"auto, (max-width: 767px) 89vw, (max-width: 1000px) 54vw, (max-width: 1071px) 543px, 580px\" \/><\/a><figcaption class=\"wp-element-caption\">1984: pr\u00f3ba big bandu Irka Dudka, niekt\u00f3rzy muzycy z <strong><a href=\"https:\/\/pracownia52.pl\/www\/?page_id=874\" data-type=\"page\" data-id=\"874\">Young Power<\/a><\/strong>, widoczny te\u017c Andrzej Wodzi\u0144ski (<strong><a href=\"https:\/\/pracownia52.pl\/www\/?page_id=8014\" data-type=\"page\" data-id=\"8014\">Easy Rider<\/a><\/strong>)<\/figcaption><\/figure>\n\n\n\n<figure class=\"wp-block-image size-large\"><a href=\"https:\/\/pracownia52.pl\/www\/wp-content\/uploads\/2024\/11\/003-olsztynskie-1985-louisiana-red-fot-mr-makowski-V700.jpg\"><img loading=\"lazy\" decoding=\"async\" width=\"1024\" height=\"674\" data-id=\"10371\" src=\"https:\/\/pracownia52.pl\/www\/wp-content\/uploads\/2024\/11\/003-olsztynskie-1985-louisiana-red-fot-mr-makowski-V700-1024x674.jpg\" alt=\"\" class=\"wp-image-10371\" srcset=\"https:\/\/pracownia52.pl\/www\/wp-content\/uploads\/2024\/11\/003-olsztynskie-1985-louisiana-red-fot-mr-makowski-V700-1024x674.jpg?v=1731259853 1024w, https:\/\/pracownia52.pl\/www\/wp-content\/uploads\/2024\/11\/003-olsztynskie-1985-louisiana-red-fot-mr-makowski-V700-300x198.jpg?v=1731259853 300w, https:\/\/pracownia52.pl\/www\/wp-content\/uploads\/2024\/11\/003-olsztynskie-1985-louisiana-red-fot-mr-makowski-V700-768x506.jpg?v=1731259853 768w, https:\/\/pracownia52.pl\/www\/wp-content\/uploads\/2024\/11\/003-olsztynskie-1985-louisiana-red-fot-mr-makowski-V700-1536x1011.jpg?v=1731259853 1536w, https:\/\/pracownia52.pl\/www\/wp-content\/uploads\/2024\/11\/003-olsztynskie-1985-louisiana-red-fot-mr-makowski-V700.jpg?v=1731259853 1800w\" sizes=\"auto, (max-width: 767px) 89vw, (max-width: 1000px) 54vw, (max-width: 1071px) 543px, 580px\" \/><\/a><figcaption class=\"wp-element-caption\">Olsztyn (1985): <strong><a href=\"https:\/\/en.wikipedia.org\/wiki\/Louisiana_Red\" data-type=\"link\" data-id=\"https:\/\/en.wikipedia.org\/wiki\/Louisiana_Red\">Louisiana Red<\/a><\/strong><\/figcaption><\/figure>\n<\/figure>\n","protected":false},"excerpt":{"rendered":"<p>\u2026nie bez zwi\u0105zku z: Champion Jack Dupree, D\u017cem, Irek Dudek, Marcin Jacobson, Pawe\u0142 Ostafil\u2026mr m.<\/p>\n","protected":false},"author":1,"featured_media":0,"parent":0,"menu_order":0,"comment_status":"closed","ping_status":"closed","template":"","meta":{"footnotes":""},"class_list":["post-10347","page","type-page","status-publish","hentry"],"_links":{"self":[{"href":"https:\/\/pracownia52.pl\/www\/index.php?rest_route=\/wp\/v2\/pages\/10347","targetHints":{"allow":["GET"]}}],"collection":[{"href":"https:\/\/pracownia52.pl\/www\/index.php?rest_route=\/wp\/v2\/pages"}],"about":[{"href":"https:\/\/pracownia52.pl\/www\/index.php?rest_route=\/wp\/v2\/types\/page"}],"author":[{"embeddable":true,"href":"https:\/\/pracownia52.pl\/www\/index.php?rest_route=\/wp\/v2\/users\/1"}],"replies":[{"embeddable":true,"href":"https:\/\/pracownia52.pl\/www\/index.php?rest_route=%2Fwp%2Fv2%2Fcomments&post=10347"}],"version-history":[{"count":16,"href":"https:\/\/pracownia52.pl\/www\/index.php?rest_route=\/wp\/v2\/pages\/10347\/revisions"}],"predecessor-version":[{"id":10373,"href":"https:\/\/pracownia52.pl\/www\/index.php?rest_route=\/wp\/v2\/pages\/10347\/revisions\/10373"}],"wp:attachment":[{"href":"https:\/\/pracownia52.pl\/www\/index.php?rest_route=%2Fwp%2Fv2%2Fmedia&parent=10347"}],"curies":[{"name":"wp","href":"https:\/\/api.w.org\/{rel}","templated":true}]}}