{"id":104,"date":"2010-06-11T07:20:12","date_gmt":"2010-06-11T07:20:12","guid":{"rendered":"http:\/\/pracownia52.pl\/www\/?page_id=104"},"modified":"2010-06-13T06:22:51","modified_gmt":"2010-06-13T06:22:51","slug":"bielpol","status":"publish","type":"page","link":"https:\/\/pracownia52.pl\/www\/?page_id=104","title":{"rendered":"Bielpol"},"content":{"rendered":"<p>projekty opakowa\u0144 na jogurty owocowe.<br \/>\nlubi\u0142em je: chyba fajne (wtedy, bo takich nie by\u0142o jeszcze) projekty; i zap\u0142acone (!) cho\u0107 nigdy niezrealizowane.<br \/>\npo\u0142owa lat 90. \u2013 to ciekawe lata\u2026 te \u017cyciorysy, kariery; oraz wzloty i upadki.<br \/>\n<img loading=\"lazy\" decoding=\"async\" src=\"http:\/\/pracownia52.pl\/www\/wp-content\/uploads\/2010\/06\/kiwi-ekran.jpg\" alt=\"\" title=\"kiwi-ekran\" width=\"450\" height=\"451\" class=\"alignnone size-full wp-image-106\" srcset=\"https:\/\/pracownia52.pl\/www\/wp-content\/uploads\/2010\/06\/kiwi-ekran.jpg?v=1627124318 450w, https:\/\/pracownia52.pl\/www\/wp-content\/uploads\/2010\/06\/kiwi-ekran-300x300.jpg?v=1627124318 300w, https:\/\/pracownia52.pl\/www\/wp-content\/uploads\/2010\/06\/kiwi-ekran-150x150.jpg?v=1627124318 150w, https:\/\/pracownia52.pl\/www\/wp-content\/uploads\/2010\/06\/kiwi-ekran-75x75.jpg?v=1627124318 75w\" sizes=\"auto, (max-width: 450px) 100vw, 450px\" \/><\/p>\n","protected":false},"excerpt":{"rendered":"<p>projekty opakowa\u0144 na jogurty owocowe. lubi\u0142em je: chyba fajne (wtedy, bo takich nie by\u0142o jeszcze) projekty; i zap\u0142acone (!) cho\u0107 nigdy niezrealizowane. po\u0142owa lat 90. \u2013 to ciekawe lata\u2026 te \u017cyciorysy, kariery; oraz wzloty i upadki.<\/p>\n","protected":false},"author":1,"featured_media":0,"parent":0,"menu_order":3,"comment_status":"closed","ping_status":"open","template":"","meta":{"footnotes":""},"class_list":["post-104","page","type-page","status-publish","hentry"],"_links":{"self":[{"href":"https:\/\/pracownia52.pl\/www\/index.php?rest_route=\/wp\/v2\/pages\/104","targetHints":{"allow":["GET"]}}],"collection":[{"href":"https:\/\/pracownia52.pl\/www\/index.php?rest_route=\/wp\/v2\/pages"}],"about":[{"href":"https:\/\/pracownia52.pl\/www\/index.php?rest_route=\/wp\/v2\/types\/page"}],"author":[{"embeddable":true,"href":"https:\/\/pracownia52.pl\/www\/index.php?rest_route=\/wp\/v2\/users\/1"}],"replies":[{"embeddable":true,"href":"https:\/\/pracownia52.pl\/www\/index.php?rest_route=%2Fwp%2Fv2%2Fcomments&post=104"}],"version-history":[{"count":4,"href":"https:\/\/pracownia52.pl\/www\/index.php?rest_route=\/wp\/v2\/pages\/104\/revisions"}],"predecessor-version":[{"id":889,"href":"https:\/\/pracownia52.pl\/www\/index.php?rest_route=\/wp\/v2\/pages\/104\/revisions\/889"}],"wp:attachment":[{"href":"https:\/\/pracownia52.pl\/www\/index.php?rest_route=%2Fwp%2Fv2%2Fmedia&parent=104"}],"curies":[{"name":"wp","href":"https:\/\/api.w.org\/{rel}","templated":true}]}}