{"id":1045,"date":"2010-06-13T08:42:16","date_gmt":"2010-06-13T08:42:16","guid":{"rendered":"http:\/\/pracownia52.pl\/www\/?page_id=1045"},"modified":"2019-05-21T15:15:21","modified_gmt":"2019-05-21T15:15:21","slug":"alek-korecki","status":"publish","type":"page","link":"https:\/\/pracownia52.pl\/www\/?page_id=1045","title":{"rendered":"Alek Korecki"},"content":{"rendered":"\n<p>D\u0142ugo opowiada\u0107: \u015bwietny facet, znakomity muzyk \u2013 zob. te\u017c <a href=\"https:\/\/pracownia52.pl\/www\/?page_id=533\"><strong>Pick Up<\/strong><\/a>, <a href=\"http:\/\/pracownia52.pl\/www\/?page_id=874\"><strong>Young Power<\/strong><\/a> \u2013 i inne liczne sk\u0142ady (np. frapuj\u0105cy <a href=\"https:\/\/pracownia52.pl\/www\/?page_id=1132\"><strong>Duet 46<\/strong><\/a>). zob. te\u017c: <a href=\"https:\/\/pracownia52.pl\/www\/?page_id=1236\"><strong>JnO<\/strong><\/a>.<br \/> mr m.<br \/> <\/p>\n\n\n\n<ul class=\"wp-block-gallery columns-3 is-cropped wp-block-gallery-1 is-layout-flex wp-block-gallery-is-layout-flex\"><li class=\"blocks-gallery-item\"><figure><a href=\"https:\/\/pracownia52.pl\/www\/wp-content\/uploads\/2019\/05\/30latjazzuwPL1986pickup007oo2-korecki-2mn.jpg\"><img loading=\"lazy\" decoding=\"async\" width=\"800\" height=\"535\" src=\"https:\/\/pracownia52.pl\/www\/wp-content\/uploads\/2019\/05\/30latjazzuwPL1986pickup007oo2-korecki-2mn.jpg\" alt=\"\" data-id=\"9382\" data-link=\"https:\/\/pracownia52.pl\/www\/?attachment_id=9382\" class=\"wp-image-9382\" srcset=\"https:\/\/pracownia52.pl\/www\/wp-content\/uploads\/2019\/05\/30latjazzuwPL1986pickup007oo2-korecki-2mn.jpg?v=1627123600 800w, https:\/\/pracownia52.pl\/www\/wp-content\/uploads\/2019\/05\/30latjazzuwPL1986pickup007oo2-korecki-2mn-300x201.jpg?v=1627123600 300w, https:\/\/pracownia52.pl\/www\/wp-content\/uploads\/2019\/05\/30latjazzuwPL1986pickup007oo2-korecki-2mn-768x514.jpg?v=1627123600 768w\" sizes=\"auto, (max-width: 767px) 89vw, (max-width: 1000px) 54vw, (max-width: 1071px) 543px, 580px\" \/><\/a><figcaption>Sopot, koncerty z okazji 30.lecia jazzu w Polsce (1986); Alek idzie<\/figcaption><\/figure><\/li><li class=\"blocks-gallery-item\"><figure><a href=\"https:\/\/pracownia52.pl\/www\/wp-content\/uploads\/2010\/06\/alek-k-001-o1o2-mn.jpg\"><img loading=\"lazy\" decoding=\"async\" width=\"909\" height=\"300\" src=\"https:\/\/pracownia52.pl\/www\/wp-content\/uploads\/2010\/06\/alek-k-001-o1o2-mn.jpg\" alt=\"\" data-id=\"1046\" data-link=\"https:\/\/pracownia52.pl\/www\/?attachment_id=1046\" class=\"wp-image-1046\" srcset=\"https:\/\/pracownia52.pl\/www\/wp-content\/uploads\/2010\/06\/alek-k-001-o1o2-mn.jpg?v=1627124287 909w, https:\/\/pracownia52.pl\/www\/wp-content\/uploads\/2010\/06\/alek-k-001-o1o2-mn-300x99.jpg?v=1627124287 300w, https:\/\/pracownia52.pl\/www\/wp-content\/uploads\/2010\/06\/alek-k-001-o1o2-mn-768x253.jpg?v=1627124287 768w\" sizes=\"auto, (max-width: 767px) 89vw, (max-width: 1000px) 54vw, (max-width: 1071px) 543px, 580px\" \/><\/a><figcaption>JnO, 1986<\/figcaption><\/figure><\/li><li class=\"blocks-gallery-item\"><figure><a href=\"https:\/\/pracownia52.pl\/www\/wp-content\/uploads\/2019\/05\/Alek-Korecki-tie.jpg\"><img loading=\"lazy\" decoding=\"async\" width=\"340\" height=\"693\" src=\"https:\/\/pracownia52.pl\/www\/wp-content\/uploads\/2019\/05\/Alek-Korecki-tie.jpg\" alt=\"\" data-id=\"9390\" data-link=\"https:\/\/pracownia52.pl\/www\/?attachment_id=9390\" class=\"wp-image-9390\" srcset=\"https:\/\/pracownia52.pl\/www\/wp-content\/uploads\/2019\/05\/Alek-Korecki-tie.jpg?v=1627123600 340w, https:\/\/pracownia52.pl\/www\/wp-content\/uploads\/2019\/05\/Alek-Korecki-tie-147x300.jpg?v=1627123600 147w\" sizes=\"auto, (max-width: 340px) 100vw, 340px\" \/><\/a><figcaption>z <strong><a href=\"https:\/\/pracownia52.pl\/www\/?page_id=787\">Tie Break<\/a><\/strong>, pozytyw <strong><a href=\"https:\/\/pracownia52.pl\/www\/?page_id=3611\">chemicznie<\/a><\/strong> \u201ekolorowany\u201d<\/figcaption><\/figure><\/li><li class=\"blocks-gallery-item\"><figure><a href=\"https:\/\/pracownia52.pl\/www\/wp-content\/uploads\/2019\/05\/PC110070-low.jpg\"><img loading=\"lazy\" decoding=\"async\" width=\"640\" height=\"480\" src=\"https:\/\/pracownia52.pl\/www\/wp-content\/uploads\/2019\/05\/PC110070-low.jpg\" alt=\"\" data-id=\"9392\" data-link=\"https:\/\/pracownia52.pl\/www\/?attachment_id=9392\" class=\"wp-image-9392\" srcset=\"https:\/\/pracownia52.pl\/www\/wp-content\/uploads\/2019\/05\/PC110070-low.jpg?v=1627123600 640w, https:\/\/pracownia52.pl\/www\/wp-content\/uploads\/2019\/05\/PC110070-low-300x225.jpg?v=1627123600 300w\" sizes=\"auto, (max-width: 640px) 100vw, 640px\" \/><\/a><figcaption>Gda\u0144sk, 2008 rok<\/figcaption><\/figure><\/li><\/ul>\n","protected":false},"excerpt":{"rendered":"<p>D\u0142ugo opowiada\u0107: \u015bwietny facet, znakomity muzyk \u2013 zob. te\u017c Pick Up, Young Power \u2013 i inne liczne sk\u0142ady (np. frapuj\u0105cy Duet 46). zob. te\u017c: JnO. mr m.<\/p>\n","protected":false},"author":1,"featured_media":9380,"parent":0,"menu_order":0,"comment_status":"closed","ping_status":"open","template":"","meta":{"footnotes":""},"class_list":["post-1045","page","type-page","status-publish","has-post-thumbnail","hentry"],"_links":{"self":[{"href":"https:\/\/pracownia52.pl\/www\/index.php?rest_route=\/wp\/v2\/pages\/1045","targetHints":{"allow":["GET"]}}],"collection":[{"href":"https:\/\/pracownia52.pl\/www\/index.php?rest_route=\/wp\/v2\/pages"}],"about":[{"href":"https:\/\/pracownia52.pl\/www\/index.php?rest_route=\/wp\/v2\/types\/page"}],"author":[{"embeddable":true,"href":"https:\/\/pracownia52.pl\/www\/index.php?rest_route=\/wp\/v2\/users\/1"}],"replies":[{"embeddable":true,"href":"https:\/\/pracownia52.pl\/www\/index.php?rest_route=%2Fwp%2Fv2%2Fcomments&post=1045"}],"version-history":[{"count":14,"href":"https:\/\/pracownia52.pl\/www\/index.php?rest_route=\/wp\/v2\/pages\/1045\/revisions"}],"predecessor-version":[{"id":9393,"href":"https:\/\/pracownia52.pl\/www\/index.php?rest_route=\/wp\/v2\/pages\/1045\/revisions\/9393"}],"wp:featuredmedia":[{"embeddable":true,"href":"https:\/\/pracownia52.pl\/www\/index.php?rest_route=\/wp\/v2\/media\/9380"}],"wp:attachment":[{"href":"https:\/\/pracownia52.pl\/www\/index.php?rest_route=%2Fwp%2Fv2%2Fmedia&parent=1045"}],"curies":[{"name":"wp","href":"https:\/\/api.w.org\/{rel}","templated":true}]}}