{"id":1054,"date":"2010-06-13T08:45:20","date_gmt":"2010-06-13T08:45:20","guid":{"rendered":"http:\/\/pracownia52.pl\/www\/?page_id=1054"},"modified":"2019-05-21T15:08:22","modified_gmt":"2019-05-21T15:08:22","slug":"andrzej-mitan","status":"publish","type":"page","link":"https:\/\/pracownia52.pl\/www\/?page_id=1054","title":{"rendered":"Andrzej Mitan"},"content":{"rendered":"\n<p>\u2026oraz Onomatopeja. Ciekawe <a href=\"http:\/\/ooops.pl\/?p=26221\"><strong>opowie\u015bci<\/strong><\/a>, d\u017awi\u0119ki wysz\u0142y niedawno na p\u0142ycie (CD) &#8212; wyd. <a href=\"http:\/\/www.trzeciafala.com\/2015\/01\/onomatopeja-i-narracje-estetyki.html\"><strong>Trzecia Fala<\/strong><\/a> (tam te\u017c ze dwa moje zdj\u0119cia chyba).<br \/>Zob. te\u017c <strong><a href=\"https:\/\/pracownia52.pl\/www\/?page_id=1162\">Diafora<\/a><\/strong>.<br \/>mr m.<\/p>\n\n\n\n<figure class=\"wp-block-image\"><img loading=\"lazy\" decoding=\"async\" width=\"550\" height=\"371\" src=\"http:\/\/pracownia52.pl\/www\/wp-content\/uploads\/2010\/06\/mitan-mn.jpg\" alt=\"\" class=\"wp-image-1055\" srcset=\"https:\/\/pracownia52.pl\/www\/wp-content\/uploads\/2010\/06\/mitan-mn.jpg?v=1627124287 550w, https:\/\/pracownia52.pl\/www\/wp-content\/uploads\/2010\/06\/mitan-mn-300x202.jpg?v=1627124287 300w\" sizes=\"auto, (max-width: 550px) 100vw, 550px\" \/><\/figure>\n","protected":false},"excerpt":{"rendered":"<p>\u2026oraz Onomatopeja. Ciekawe opowie\u015bci, d\u017awi\u0119ki wysz\u0142y niedawno na p\u0142ycie (CD) &#8212; wyd. Trzecia Fala (tam te\u017c ze dwa moje zdj\u0119cia chyba).Zob. te\u017c Diafora.mr m.<\/p>\n","protected":false},"author":1,"featured_media":0,"parent":0,"menu_order":0,"comment_status":"closed","ping_status":"open","template":"","meta":{"footnotes":""},"class_list":["post-1054","page","type-page","status-publish","hentry"],"_links":{"self":[{"href":"https:\/\/pracownia52.pl\/www\/index.php?rest_route=\/wp\/v2\/pages\/1054","targetHints":{"allow":["GET"]}}],"collection":[{"href":"https:\/\/pracownia52.pl\/www\/index.php?rest_route=\/wp\/v2\/pages"}],"about":[{"href":"https:\/\/pracownia52.pl\/www\/index.php?rest_route=\/wp\/v2\/types\/page"}],"author":[{"embeddable":true,"href":"https:\/\/pracownia52.pl\/www\/index.php?rest_route=\/wp\/v2\/users\/1"}],"replies":[{"embeddable":true,"href":"https:\/\/pracownia52.pl\/www\/index.php?rest_route=%2Fwp%2Fv2%2Fcomments&post=1054"}],"version-history":[{"count":4,"href":"https:\/\/pracownia52.pl\/www\/index.php?rest_route=\/wp\/v2\/pages\/1054\/revisions"}],"predecessor-version":[{"id":9387,"href":"https:\/\/pracownia52.pl\/www\/index.php?rest_route=\/wp\/v2\/pages\/1054\/revisions\/9387"}],"wp:attachment":[{"href":"https:\/\/pracownia52.pl\/www\/index.php?rest_route=%2Fwp%2Fv2%2Fmedia&parent=1054"}],"curies":[{"name":"wp","href":"https:\/\/api.w.org\/{rel}","templated":true}]}}