{"id":1063,"date":"2010-06-13T08:48:51","date_gmt":"2010-06-13T08:48:51","guid":{"rendered":"http:\/\/pracownia52.pl\/www\/?page_id=1063"},"modified":"2022-02-17T17:52:36","modified_gmt":"2022-02-17T17:52:36","slug":"andrzej-przybielski-i-wladyslaw-jagiello","status":"publish","type":"page","link":"https:\/\/pracownia52.pl\/www\/?page_id=1063","title":{"rendered":"Andrzej Przybielski i W\u0142adys\u0142aw Jagie\u0142\u0142o"},"content":{"rendered":"\n<figure class=\"wp-block-image\"><a href=\"https:\/\/pracownia52.pl\/www\/?attachment_id=6223\" rel=\"attachment wp-att-6223\"><img loading=\"lazy\" decoding=\"async\" width=\"650\" height=\"436\" src=\"https:\/\/pracownia52.pl\/www\/wp-content\/uploads\/2010\/06\/andrzej-przybielski-wladyslaw-jagiello-low-book-Obok.jpg\" alt=\"\" class=\"wp-image-6223\" srcset=\"https:\/\/pracownia52.pl\/www\/wp-content\/uploads\/2010\/06\/andrzej-przybielski-wladyslaw-jagiello-low-book-Obok.jpg?v=1627123763 650w, https:\/\/pracownia52.pl\/www\/wp-content\/uploads\/2010\/06\/andrzej-przybielski-wladyslaw-jagiello-low-book-Obok-300x201.jpg?v=1627123763 300w\" sizes=\"auto, (max-width: 650px) 100vw, 650px\" \/><\/a><\/figure>\n\n\n\n<p>w sumie: jedno zdj\u0119cie z (bodaj) ul. Dzielnej; czy <strong><a href=\"https:\/\/pracownia52.pl\/www\/?page_id=10066\" data-type=\"page\" data-id=\"10066\">Pa\u0144skiej<\/a><\/strong>; dla mies. <a href=\"https:\/\/pracownia52.pl\/www\/?page_id=343\"><strong>JAZZ<\/strong><\/a> \u2013 wydrukowane te\u017c w \u201e<a href=\"http:\/\/ooops.pl\/?page_id=10844\"><strong>Obok<\/strong><\/a>\u2026\u201d, z opisem. jakie\u015b lu\u017ane inne: z koncert\u00f3w, przypadkowe, gdzieniegdzie, skrawki przesz\u0142o\u015bci ledwo pami\u0119tanej. jedno z <a href=\"https:\/\/pracownia52.pl\/www\/?page_id=1058\"><strong>Helmutem Nadolskim<\/strong><\/a>, te\u017c.<br \/>mr m.<br \/><\/p>\n\n\n\n<figure class=\"wp-block-gallery has-nested-images columns-3 is-cropped wp-block-gallery-1 is-layout-flex wp-block-gallery-is-layout-flex\">\n<figure class=\"wp-block-image\"><a href=\"https:\/\/pracownia52.pl\/www\/wp-content\/uploads\/2010\/06\/Andrzej-Przybielski-009-1980-lub-1979-fot-mr-makowski-779x1200.jpg\"><img loading=\"lazy\" decoding=\"async\" width=\"779\" height=\"1200\" data-id=\"6871\" src=\"https:\/\/pracownia52.pl\/www\/wp-content\/uploads\/2010\/06\/Andrzej-Przybielski-009-1980-lub-1979-fot-mr-makowski-779x1200.jpg\" alt=\"\" class=\"wp-image-6871\" srcset=\"https:\/\/pracownia52.pl\/www\/wp-content\/uploads\/2010\/06\/Andrzej-Przybielski-009-1980-lub-1979-fot-mr-makowski-779x1200.jpg?v=1627123741 779w, https:\/\/pracownia52.pl\/www\/wp-content\/uploads\/2010\/06\/Andrzej-Przybielski-009-1980-lub-1979-fot-mr-makowski-779x1200-195x300.jpg?v=1627123741 195w, https:\/\/pracownia52.pl\/www\/wp-content\/uploads\/2010\/06\/Andrzej-Przybielski-009-1980-lub-1979-fot-mr-makowski-779x1200-665x1024.jpg?v=1627123741 665w, https:\/\/pracownia52.pl\/www\/wp-content\/uploads\/2010\/06\/Andrzej-Przybielski-009-1980-lub-1979-fot-mr-makowski-779x1200-768x1183.jpg?v=1627123741 768w\" sizes=\"auto, (max-width: 767px) 89vw, (max-width: 1000px) 54vw, (max-width: 1071px) 543px, 580px\" \/><\/a><\/figure>\n\n\n\n<figure class=\"wp-block-image\"><a href=\"https:\/\/pracownia52.pl\/www\/wp-content\/uploads\/2010\/06\/Andrzej-Przybielski-302-1980-lub-1981-Nadolski-helmut-1200pxl-302.jpg\"><img loading=\"lazy\" decoding=\"async\" width=\"1200\" height=\"821\" data-id=\"6872\" src=\"https:\/\/pracownia52.pl\/www\/wp-content\/uploads\/2010\/06\/Andrzej-Przybielski-302-1980-lub-1981-Nadolski-helmut-1200pxl-302.jpg\" alt=\"\" class=\"wp-image-6872\" srcset=\"https:\/\/pracownia52.pl\/www\/wp-content\/uploads\/2010\/06\/Andrzej-Przybielski-302-1980-lub-1981-Nadolski-helmut-1200pxl-302.jpg?v=1627123740 1200w, https:\/\/pracownia52.pl\/www\/wp-content\/uploads\/2010\/06\/Andrzej-Przybielski-302-1980-lub-1981-Nadolski-helmut-1200pxl-302-300x205.jpg?v=1627123740 300w, https:\/\/pracownia52.pl\/www\/wp-content\/uploads\/2010\/06\/Andrzej-Przybielski-302-1980-lub-1981-Nadolski-helmut-1200pxl-302-1024x701.jpg?v=1627123740 1024w, https:\/\/pracownia52.pl\/www\/wp-content\/uploads\/2010\/06\/Andrzej-Przybielski-302-1980-lub-1981-Nadolski-helmut-1200pxl-302-768x525.jpg?v=1627123740 768w\" sizes=\"auto, (max-width: 767px) 89vw, (max-width: 1000px) 54vw, (max-width: 1071px) 543px, 580px\" \/><\/a><\/figure>\n\n\n\n<figure class=\"wp-block-image\"><a href=\"https:\/\/pracownia52.pl\/www\/wp-content\/uploads\/2010\/06\/1979-lub-80-Andrzej-Przybielski-sam-1200pxl.jpg\"><img loading=\"lazy\" decoding=\"async\" width=\"1200\" height=\"801\" data-id=\"6896\" src=\"https:\/\/pracownia52.pl\/www\/wp-content\/uploads\/2010\/06\/1979-lub-80-Andrzej-Przybielski-sam-1200pxl.jpg\" alt=\"\" class=\"wp-image-6896\" srcset=\"https:\/\/pracownia52.pl\/www\/wp-content\/uploads\/2010\/06\/1979-lub-80-Andrzej-Przybielski-sam-1200pxl.jpg?v=1627123739 1200w, https:\/\/pracownia52.pl\/www\/wp-content\/uploads\/2010\/06\/1979-lub-80-Andrzej-Przybielski-sam-1200pxl-300x200.jpg?v=1627123739 300w, https:\/\/pracownia52.pl\/www\/wp-content\/uploads\/2010\/06\/1979-lub-80-Andrzej-Przybielski-sam-1200pxl-1024x684.jpg?v=1627123739 1024w, https:\/\/pracownia52.pl\/www\/wp-content\/uploads\/2010\/06\/1979-lub-80-Andrzej-Przybielski-sam-1200pxl-768x513.jpg?v=1627123739 768w\" sizes=\"auto, (max-width: 767px) 89vw, (max-width: 1000px) 54vw, (max-width: 1071px) 543px, 580px\" \/><\/a><\/figure>\n\n\n\n<figure class=\"wp-block-image\"><a href=\"https:\/\/pracownia52.pl\/www\/wp-content\/uploads\/2010\/06\/andrzej-przybielski-wladyslaw-jagiello-low-book-Obok.jpg\"><img loading=\"lazy\" decoding=\"async\" width=\"650\" height=\"436\" data-id=\"6223\" src=\"https:\/\/pracownia52.pl\/www\/wp-content\/uploads\/2010\/06\/andrzej-przybielski-wladyslaw-jagiello-low-book-Obok.jpg\" alt=\"\" class=\"wp-image-6223\" srcset=\"https:\/\/pracownia52.pl\/www\/wp-content\/uploads\/2010\/06\/andrzej-przybielski-wladyslaw-jagiello-low-book-Obok.jpg?v=1627123763 650w, https:\/\/pracownia52.pl\/www\/wp-content\/uploads\/2010\/06\/andrzej-przybielski-wladyslaw-jagiello-low-book-Obok-300x201.jpg?v=1627123763 300w\" sizes=\"auto, (max-width: 650px) 100vw, 650px\" \/><\/a><\/figure>\n<\/figure>\n","protected":false},"excerpt":{"rendered":"<p>w sumie: jedno zdj\u0119cie z (bodaj) ul. Dzielnej; czy Pa\u0144skiej; dla mies. JAZZ \u2013 wydrukowane te\u017c w \u201eObok\u2026\u201d, z opisem. jakie\u015b lu\u017ane inne: z koncert\u00f3w, przypadkowe, gdzieniegdzie, skrawki przesz\u0142o\u015bci ledwo pami\u0119tanej. jedno z Helmutem Nadolskim, te\u017c.mr m.<\/p>\n","protected":false},"author":1,"featured_media":0,"parent":0,"menu_order":0,"comment_status":"closed","ping_status":"open","template":"","meta":{"footnotes":""},"class_list":["post-1063","page","type-page","status-publish","hentry"],"_links":{"self":[{"href":"https:\/\/pracownia52.pl\/www\/index.php?rest_route=\/wp\/v2\/pages\/1063","targetHints":{"allow":["GET"]}}],"collection":[{"href":"https:\/\/pracownia52.pl\/www\/index.php?rest_route=\/wp\/v2\/pages"}],"about":[{"href":"https:\/\/pracownia52.pl\/www\/index.php?rest_route=\/wp\/v2\/types\/page"}],"author":[{"embeddable":true,"href":"https:\/\/pracownia52.pl\/www\/index.php?rest_route=\/wp\/v2\/users\/1"}],"replies":[{"embeddable":true,"href":"https:\/\/pracownia52.pl\/www\/index.php?rest_route=%2Fwp%2Fv2%2Fcomments&post=1063"}],"version-history":[{"count":18,"href":"https:\/\/pracownia52.pl\/www\/index.php?rest_route=\/wp\/v2\/pages\/1063\/revisions"}],"predecessor-version":[{"id":10072,"href":"https:\/\/pracownia52.pl\/www\/index.php?rest_route=\/wp\/v2\/pages\/1063\/revisions\/10072"}],"wp:attachment":[{"href":"https:\/\/pracownia52.pl\/www\/index.php?rest_route=%2Fwp%2Fv2%2Fmedia&parent=1063"}],"curies":[{"name":"wp","href":"https:\/\/api.w.org\/{rel}","templated":true}]}}