{"id":1069,"date":"2010-06-13T08:49:48","date_gmt":"2010-06-13T08:49:48","guid":{"rendered":"http:\/\/pracownia52.pl\/www\/?page_id=1069"},"modified":"2016-06-24T14:45:16","modified_gmt":"2016-06-24T14:45:16","slug":"aneta-broszewska","status":"publish","type":"page","link":"https:\/\/pracownia52.pl\/www\/?page_id=1069","title":{"rendered":"Aneta Broszewska"},"content":{"rendered":"<p>incydentalnie solo; te\u017c z Kas\u0105 Chorych\u2026 <\/p>\n<blockquote><p><em>\u2026Opr\u00f3cz Tioskowa, kt\u00f3ry wzi\u0105\u0142 na siebie ci\u0119\u017car prowadzenia zespo\u0142u, Kotarskiego, Domalewskiego i Kozio\u0142a, najpierw w sk\u0142adzie pojawiaj\u0105 si\u0119 instrumenty klawiszowe (Zdzis\u0142aw Szczud\u0142o) i wokalistka (Aneta Broszewska). Okres ten dokumentuj\u0105 nagrania \u201eJestem dzisiaj sam w domu\u201d, \u201eBlues o porz\u0105dnej dziewczynie\u201d i \u201ePierwsze 8 godzin\u201d oraz wyst\u0119p na Jesieni z Bluesem\u2019 83. W tym czasie z zespo\u0142em wsp\u00f3\u0142pracuje te\u017c Andrzej Starzec (gitara akustyczna, \u015bpiew)\u2026<\/em><\/p><\/blockquote>\n<p>tu: w Poznaniu (1983)<br \/>\nmr m.<br \/>\n<br \/><img loading=\"lazy\" decoding=\"async\" src=\"http:\/\/pracownia52.pl\/www\/wp-content\/uploads\/2010\/06\/aneta-1983-00206-modmn.jpg\" alt=\"\" title=\"aneta-1983-00206-modmn\" width=\"500\" height=\"747\" class=\"alignnone size-full wp-image-1071\" srcset=\"https:\/\/pracownia52.pl\/www\/wp-content\/uploads\/2010\/06\/aneta-1983-00206-modmn.jpg?v=1627124287 500w, https:\/\/pracownia52.pl\/www\/wp-content\/uploads\/2010\/06\/aneta-1983-00206-modmn-201x300.jpg?v=1627124287 201w\" sizes=\"auto, (max-width: 500px) 100vw, 500px\" \/><\/p>\n","protected":false},"excerpt":{"rendered":"<p>incydentalnie solo; te\u017c z Kas\u0105 Chorych\u2026 \u2026Opr\u00f3cz Tioskowa, kt\u00f3ry wzi\u0105\u0142 na siebie ci\u0119\u017car prowadzenia zespo\u0142u, Kotarskiego, Domalewskiego i Kozio\u0142a, najpierw w sk\u0142adzie pojawiaj\u0105 si\u0119 instrumenty klawiszowe (Zdzis\u0142aw Szczud\u0142o) i wokalistka (Aneta Broszewska). Okres ten dokumentuj\u0105 nagrania \u201eJestem dzisiaj sam w domu\u201d, \u201eBlues o porz\u0105dnej dziewczynie\u201d i \u201ePierwsze 8 godzin\u201d oraz wyst\u0119p na Jesieni z Bluesem\u2019 &hellip; <\/p>\n<p class=\"link-more\"><a href=\"https:\/\/pracownia52.pl\/www\/?page_id=1069\" class=\"more-link\">Czytaj dalej<span class=\"screen-reader-text\"> \u201eAneta Broszewska\u201d<\/span><\/a><\/p>\n","protected":false},"author":1,"featured_media":0,"parent":0,"menu_order":0,"comment_status":"closed","ping_status":"open","template":"","meta":{"footnotes":""},"class_list":["post-1069","page","type-page","status-publish","hentry"],"_links":{"self":[{"href":"https:\/\/pracownia52.pl\/www\/index.php?rest_route=\/wp\/v2\/pages\/1069","targetHints":{"allow":["GET"]}}],"collection":[{"href":"https:\/\/pracownia52.pl\/www\/index.php?rest_route=\/wp\/v2\/pages"}],"about":[{"href":"https:\/\/pracownia52.pl\/www\/index.php?rest_route=\/wp\/v2\/types\/page"}],"author":[{"embeddable":true,"href":"https:\/\/pracownia52.pl\/www\/index.php?rest_route=\/wp\/v2\/users\/1"}],"replies":[{"embeddable":true,"href":"https:\/\/pracownia52.pl\/www\/index.php?rest_route=%2Fwp%2Fv2%2Fcomments&post=1069"}],"version-history":[{"count":6,"href":"https:\/\/pracownia52.pl\/www\/index.php?rest_route=\/wp\/v2\/pages\/1069\/revisions"}],"predecessor-version":[{"id":5424,"href":"https:\/\/pracownia52.pl\/www\/index.php?rest_route=\/wp\/v2\/pages\/1069\/revisions\/5424"}],"wp:attachment":[{"href":"https:\/\/pracownia52.pl\/www\/index.php?rest_route=%2Fwp%2Fv2%2Fmedia&parent=1069"}],"curies":[{"name":"wp","href":"https:\/\/api.w.org\/{rel}","templated":true}]}}