{"id":1076,"date":"2010-06-13T08:54:18","date_gmt":"2010-06-13T08:54:18","guid":{"rendered":"http:\/\/pracownia52.pl\/www\/?page_id=1076"},"modified":"2024-10-20T12:24:57","modified_gmt":"2024-10-20T12:24:57","slug":"armia","status":"publish","type":"page","link":"https:\/\/pracownia52.pl\/www\/?page_id=1076","title":{"rendered":"Armia"},"content":{"rendered":"\n<p>kilka zdj\u0119\u0107, z r\u00f3\u017cnych okres\u00f3w, przypadkowe raczej. <br \/>to jedno lubi\u0119, <strong><a href=\"https:\/\/ooops.pl\/?page_id=18790\" data-type=\"link\" data-id=\"https:\/\/ooops.pl\/?page_id=18790\">S\u0142awek<\/a><\/strong> i kolega Budzy\u0144ski\u2026<br \/>mr m.<\/p>\n\n\n\n<figure class=\"wp-block-gallery has-nested-images columns-3 is-cropped wp-block-gallery-1 is-layout-flex wp-block-gallery-is-layout-flex\">\n<figure class=\"wp-block-image size-full\"><a href=\"https:\/\/pracownia52.pl\/www\/wp-content\/uploads\/2018\/06\/armia-low-1987-1.jpg\"><img loading=\"lazy\" decoding=\"async\" width=\"530\" height=\"800\" data-id=\"7565\" src=\"https:\/\/pracownia52.pl\/www\/wp-content\/uploads\/2018\/06\/armia-low-1987-1.jpg?v=1627123705\" alt=\"\" class=\"wp-image-7565\" srcset=\"https:\/\/pracownia52.pl\/www\/wp-content\/uploads\/2018\/06\/armia-low-1987-1.jpg?v=1627123705 530w, https:\/\/pracownia52.pl\/www\/wp-content\/uploads\/2018\/06\/armia-low-1987-1-199x300.jpg?v=1627123705 199w\" sizes=\"auto, (max-width: 530px) 100vw, 530px\" \/><\/a><\/figure>\n\n\n\n<figure class=\"wp-block-image size-full\"><a href=\"https:\/\/pracownia52.pl\/www\/wp-content\/uploads\/2018\/06\/armia-poza-kontrola-1987-v700003-budzy-modmn.jpg\"><img loading=\"lazy\" decoding=\"async\" width=\"800\" height=\"532\" data-id=\"7566\" src=\"https:\/\/pracownia52.pl\/www\/wp-content\/uploads\/2018\/06\/armia-poza-kontrola-1987-v700003-budzy-modmn.jpg?v=1627123705\" alt=\"\" class=\"wp-image-7566\" srcset=\"https:\/\/pracownia52.pl\/www\/wp-content\/uploads\/2018\/06\/armia-poza-kontrola-1987-v700003-budzy-modmn.jpg?v=1627123705 800w, https:\/\/pracownia52.pl\/www\/wp-content\/uploads\/2018\/06\/armia-poza-kontrola-1987-v700003-budzy-modmn-300x200.jpg?v=1627123705 300w, https:\/\/pracownia52.pl\/www\/wp-content\/uploads\/2018\/06\/armia-poza-kontrola-1987-v700003-budzy-modmn-768x511.jpg?v=1627123705 768w\" sizes=\"auto, (max-width: 767px) 89vw, (max-width: 1000px) 54vw, (max-width: 1071px) 543px, 580px\" \/><\/a><\/figure>\n\n\n\n<figure class=\"wp-block-image size-full\"><a href=\"https:\/\/pracownia52.pl\/www\/wp-content\/uploads\/2018\/06\/armia-VI-1987-002.jpg\"><img loading=\"lazy\" decoding=\"async\" width=\"550\" height=\"368\" data-id=\"7567\" src=\"https:\/\/pracownia52.pl\/www\/wp-content\/uploads\/2018\/06\/armia-VI-1987-002.jpg?v=1627123704\" alt=\"\" class=\"wp-image-7567\" srcset=\"https:\/\/pracownia52.pl\/www\/wp-content\/uploads\/2018\/06\/armia-VI-1987-002.jpg?v=1627123704 550w, https:\/\/pracownia52.pl\/www\/wp-content\/uploads\/2018\/06\/armia-VI-1987-002-300x201.jpg?v=1627123704 300w\" sizes=\"auto, (max-width: 550px) 100vw, 550px\" \/><\/a><\/figure>\n\n\n\n<figure class=\"wp-block-image size-full\"><a href=\"https:\/\/pracownia52.pl\/www\/wp-content\/uploads\/2010\/06\/budzynski-golaszewski-VI87.jpg\"><img loading=\"lazy\" decoding=\"async\" width=\"500\" height=\"347\" data-id=\"1077\" src=\"https:\/\/pracownia52.pl\/www\/wp-content\/uploads\/2010\/06\/budzynski-golaszewski-VI87.jpg?v=1627124287\" alt=\"\" class=\"wp-image-1077\" srcset=\"https:\/\/pracownia52.pl\/www\/wp-content\/uploads\/2010\/06\/budzynski-golaszewski-VI87.jpg?v=1627124287 500w, https:\/\/pracownia52.pl\/www\/wp-content\/uploads\/2010\/06\/budzynski-golaszewski-VI87-300x208.jpg?v=1627124287 300w\" sizes=\"auto, (max-width: 500px) 100vw, 500px\" \/><\/a><\/figure>\n<\/figure>\n\n\n\n<figure class=\"wp-block-image\"><img loading=\"lazy\" decoding=\"async\" width=\"904\" height=\"600\" src=\"https:\/\/pracownia52.pl\/www\/wp-content\/uploads\/2019\/05\/armia-VI-1987-005-mn.jpg\" alt=\"\" class=\"wp-image-9394\" srcset=\"https:\/\/pracownia52.pl\/www\/wp-content\/uploads\/2019\/05\/armia-VI-1987-005-mn.jpg?v=1627123599 904w, https:\/\/pracownia52.pl\/www\/wp-content\/uploads\/2019\/05\/armia-VI-1987-005-mn-300x199.jpg?v=1627123599 300w, https:\/\/pracownia52.pl\/www\/wp-content\/uploads\/2019\/05\/armia-VI-1987-005-mn-768x510.jpg?v=1627123599 768w\" sizes=\"auto, (max-width: 767px) 89vw, (max-width: 1000px) 54vw, (max-width: 1071px) 543px, 580px\" \/><\/figure>\n\n\n\n<p><\/p>\n","protected":false},"excerpt":{"rendered":"<p>kilka zdj\u0119\u0107, z r\u00f3\u017cnych okres\u00f3w, przypadkowe raczej. to jedno lubi\u0119, S\u0142awek i kolega Budzy\u0144ski\u2026mr m.<\/p>\n","protected":false},"author":1,"featured_media":1077,"parent":0,"menu_order":0,"comment_status":"closed","ping_status":"open","template":"","meta":{"footnotes":""},"class_list":["post-1076","page","type-page","status-publish","has-post-thumbnail","hentry"],"_links":{"self":[{"href":"https:\/\/pracownia52.pl\/www\/index.php?rest_route=\/wp\/v2\/pages\/1076","targetHints":{"allow":["GET"]}}],"collection":[{"href":"https:\/\/pracownia52.pl\/www\/index.php?rest_route=\/wp\/v2\/pages"}],"about":[{"href":"https:\/\/pracownia52.pl\/www\/index.php?rest_route=\/wp\/v2\/types\/page"}],"author":[{"embeddable":true,"href":"https:\/\/pracownia52.pl\/www\/index.php?rest_route=\/wp\/v2\/users\/1"}],"replies":[{"embeddable":true,"href":"https:\/\/pracownia52.pl\/www\/index.php?rest_route=%2Fwp%2Fv2%2Fcomments&post=1076"}],"version-history":[{"count":15,"href":"https:\/\/pracownia52.pl\/www\/index.php?rest_route=\/wp\/v2\/pages\/1076\/revisions"}],"predecessor-version":[{"id":10340,"href":"https:\/\/pracownia52.pl\/www\/index.php?rest_route=\/wp\/v2\/pages\/1076\/revisions\/10340"}],"wp:featuredmedia":[{"embeddable":true,"href":"https:\/\/pracownia52.pl\/www\/index.php?rest_route=\/wp\/v2\/media\/1077"}],"wp:attachment":[{"href":"https:\/\/pracownia52.pl\/www\/index.php?rest_route=%2Fwp%2Fv2%2Fmedia&parent=1076"}],"curies":[{"name":"wp","href":"https:\/\/api.w.org\/{rel}","templated":true}]}}