{"id":109,"date":"2010-06-11T07:24:46","date_gmt":"2010-06-11T07:24:46","guid":{"rendered":"http:\/\/pracownia52.pl\/www\/?page_id=109"},"modified":"2021-11-24T16:17:42","modified_gmt":"2021-11-24T16:17:42","slug":"blw","status":"publish","type":"page","link":"https:\/\/pracownia52.pl\/www\/?page_id=109","title":{"rendered":"BLW"},"content":{"rendered":"\n<figure class=\"wp-block-image\"><img decoding=\"async\" src=\"http:\/\/pracownia52.pl\/www\/wp-content\/uploads\/2010\/06\/logo-obrazek-blw-227x300.jpg\" alt=\"\"\/><\/figure>\n\n\n\n<p>Nowe logo, reklamy do gazet. Jedna z lepszych naszych akcji prasowych. Wtedy mniejsze firmy (a i du\u017ce te\u017c) zamawia\u0142y jedn\u0105 reklam\u0119 i puszcza\u0142y j\u0105 w gazetach na okr\u0105g\u0142o. My przekonali\u015bmy w\u0142a\u015bciciela, aby je zmienia\u0142 z numeru na numer\u2026 By\u0142a zabawa ;)<br \/>mr m.<br \/><\/p>\n\n\n\n<figure class=\"wp-block-gallery columns-5 is-cropped wp-block-gallery-1 is-layout-flex wp-block-gallery-is-layout-flex\"><ul class=\"blocks-gallery-grid\"><li class=\"blocks-gallery-item\"><figure><img loading=\"lazy\" decoding=\"async\" width=\"228\" height=\"300\" src=\"https:\/\/pracownia52.pl\/www\/wp-content\/uploads\/2010\/06\/logo-obrazek-blw-228x300.jpg?v=1637770549\" alt=\"\" data-id=\"111\" data-link=\"https:\/\/pracownia52.pl\/www\/?attachment_id=111\" class=\"wp-image-111\" srcset=\"https:\/\/pracownia52.pl\/www\/wp-content\/uploads\/2010\/06\/logo-obrazek-blw-228x300.jpg?v=1637770549 228w, https:\/\/pracownia52.pl\/www\/wp-content\/uploads\/2010\/06\/logo-obrazek-blw.jpg?v=1637770549 600w\" sizes=\"auto, (max-width: 228px) 100vw, 228px\" \/><\/figure><\/li><li class=\"blocks-gallery-item\"><figure><img loading=\"lazy\" decoding=\"async\" width=\"104\" height=\"300\" src=\"https:\/\/pracownia52.pl\/www\/wp-content\/uploads\/2010\/06\/BLW-199x-005-w-104x300.jpg?v=1637770570\" alt=\"\" data-id=\"110\" data-link=\"https:\/\/pracownia52.pl\/www\/?attachment_id=110\" class=\"wp-image-110\" srcset=\"https:\/\/pracownia52.pl\/www\/wp-content\/uploads\/2010\/06\/BLW-199x-005-w-104x300.jpg?v=1637770570 104w, https:\/\/pracownia52.pl\/www\/wp-content\/uploads\/2010\/06\/BLW-199x-005-w.jpg?v=1637770570 225w\" sizes=\"auto, (max-width: 104px) 100vw, 104px\" \/><\/figure><\/li><li class=\"blocks-gallery-item\"><figure><img loading=\"lazy\" decoding=\"async\" width=\"208\" height=\"300\" src=\"https:\/\/pracownia52.pl\/www\/wp-content\/uploads\/2019\/01\/BLW-199x-003-w-208x300.jpg?v=1637770538\" alt=\"\" data-id=\"8733\" data-link=\"https:\/\/pracownia52.pl\/www\/?attachment_id=8733\" class=\"wp-image-8733\" srcset=\"https:\/\/pracownia52.pl\/www\/wp-content\/uploads\/2019\/01\/BLW-199x-003-w-208x300.jpg?v=1637770538 208w, https:\/\/pracownia52.pl\/www\/wp-content\/uploads\/2019\/01\/BLW-199x-003-w.jpg?v=1637770538 450w\" sizes=\"auto, (max-width: 208px) 100vw, 208px\" \/><\/figure><\/li><li class=\"blocks-gallery-item\"><figure><img loading=\"lazy\" decoding=\"async\" width=\"103\" height=\"300\" src=\"https:\/\/pracownia52.pl\/www\/wp-content\/uploads\/2019\/01\/BLW-199x-006-w-103x300.jpg?v=1637770523\" alt=\"\" data-id=\"8734\" data-link=\"https:\/\/pracownia52.pl\/www\/?attachment_id=8734\" class=\"wp-image-8734\" srcset=\"https:\/\/pracownia52.pl\/www\/wp-content\/uploads\/2019\/01\/BLW-199x-006-w-103x300.jpg?v=1637770523 103w, https:\/\/pracownia52.pl\/www\/wp-content\/uploads\/2019\/01\/BLW-199x-006-w.jpg?v=1637770523 225w\" sizes=\"auto, (max-width: 103px) 100vw, 103px\" \/><\/figure><\/li><li class=\"blocks-gallery-item\"><figure><img loading=\"lazy\" decoding=\"async\" width=\"215\" height=\"300\" src=\"https:\/\/pracownia52.pl\/www\/wp-content\/uploads\/2019\/01\/BLW-199x-007-w-215x300.jpg?v=1637770511\" alt=\"\" data-id=\"8735\" data-link=\"https:\/\/pracownia52.pl\/www\/?attachment_id=8735\" class=\"wp-image-8735\" srcset=\"https:\/\/pracownia52.pl\/www\/wp-content\/uploads\/2019\/01\/BLW-199x-007-w-215x300.jpg?v=1637770511 215w, https:\/\/pracownia52.pl\/www\/wp-content\/uploads\/2019\/01\/BLW-199x-007-w.jpg?v=1637770511 450w\" sizes=\"auto, (max-width: 215px) 100vw, 215px\" \/><\/figure><\/li><\/ul><\/figure>\n","protected":false},"excerpt":{"rendered":"<p>Nowe logo, reklamy do gazet. Jedna z lepszych naszych akcji prasowych. Wtedy mniejsze firmy (a i du\u017ce te\u017c) zamawia\u0142y jedn\u0105 reklam\u0119 i puszcza\u0142y j\u0105 w gazetach na okr\u0105g\u0142o. My przekonali\u015bmy w\u0142a\u015bciciela, aby je zmienia\u0142 z numeru na numer\u2026 By\u0142a zabawa ;)mr m.<\/p>\n","protected":false},"author":1,"featured_media":0,"parent":0,"menu_order":3,"comment_status":"closed","ping_status":"open","template":"","meta":{"footnotes":""},"class_list":["post-109","page","type-page","status-publish","hentry"],"_links":{"self":[{"href":"https:\/\/pracownia52.pl\/www\/index.php?rest_route=\/wp\/v2\/pages\/109","targetHints":{"allow":["GET"]}}],"collection":[{"href":"https:\/\/pracownia52.pl\/www\/index.php?rest_route=\/wp\/v2\/pages"}],"about":[{"href":"https:\/\/pracownia52.pl\/www\/index.php?rest_route=\/wp\/v2\/types\/page"}],"author":[{"embeddable":true,"href":"https:\/\/pracownia52.pl\/www\/index.php?rest_route=\/wp\/v2\/users\/1"}],"replies":[{"embeddable":true,"href":"https:\/\/pracownia52.pl\/www\/index.php?rest_route=%2Fwp%2Fv2%2Fcomments&post=109"}],"version-history":[{"count":10,"href":"https:\/\/pracownia52.pl\/www\/index.php?rest_route=\/wp\/v2\/pages\/109\/revisions"}],"predecessor-version":[{"id":9988,"href":"https:\/\/pracownia52.pl\/www\/index.php?rest_route=\/wp\/v2\/pages\/109\/revisions\/9988"}],"wp:attachment":[{"href":"https:\/\/pracownia52.pl\/www\/index.php?rest_route=%2Fwp%2Fv2%2Fmedia&parent=109"}],"curies":[{"name":"wp","href":"https:\/\/api.w.org\/{rel}","templated":true}]}}