{"id":1107,"date":"2010-06-13T12:11:40","date_gmt":"2010-06-13T12:11:40","guid":{"rendered":"http:\/\/pracownia52.pl\/www\/?page_id=1107"},"modified":"2018-12-23T15:39:11","modified_gmt":"2018-12-23T15:39:11","slug":"chlopcy-z-placu-broni-2","status":"publish","type":"page","link":"https:\/\/pracownia52.pl\/www\/?page_id=1107","title":{"rendered":"Ch\u0142opcy z Placu Broni"},"content":{"rendered":"\n<p>ok\u0142adka CD (tylko singiel); zdj\u0119cia.<br \/>Po latach dowiedzia\u0142em si\u0119, ze zdziwieniem, \u017ce mia\u0142em jaki\u015btam wp\u0142yw na karier\u0119 (na debiut dok\u0142adniej) \u201eCh\u0142opc\u00f3w\u2026&#8221;. Ale mo\u017ce o tym \u2013 <a href=\"http:\/\/lubimyczytac.pl\/ksiazka\/120513\/wolnosc-kocham-i-rozumiem-historia-zycia-bogdana-lyszkiewicza\"><strong>w ksi\u0105\u017cce o nich<\/strong><\/a>, wysz\u0142a bodaj na jesieni 2010 r. Zdj\u0119cie-monta\u017c wszystkich \u2013 to portrety jeszcze z 1987; ale monta\u017c ju\u017c w Photoshopie.<br \/>mr m.<\/p>\n\n\n\n<ul class=\"wp-block-gallery columns-22 is-cropped wp-block-gallery-1 is-layout-flex wp-block-gallery-is-layout-flex\"><li class=\"blocks-gallery-item\"><figure><a href=\"https:\/\/pracownia52.pl\/www\/wp-content\/uploads\/2010\/06\/bogdan-lyszkiewicz-1.jpg\"><img loading=\"lazy\" decoding=\"async\" width=\"800\" height=\"733\" src=\"https:\/\/pracownia52.pl\/www\/wp-content\/uploads\/2010\/06\/bogdan-lyszkiewicz-1.jpg\" alt=\"\" data-id=\"1108\" class=\"wp-image-1108\" srcset=\"https:\/\/pracownia52.pl\/www\/wp-content\/uploads\/2010\/06\/bogdan-lyszkiewicz-1.jpg?v=1627124286 800w, https:\/\/pracownia52.pl\/www\/wp-content\/uploads\/2010\/06\/bogdan-lyszkiewicz-1-300x275.jpg?v=1627124286 300w, https:\/\/pracownia52.pl\/www\/wp-content\/uploads\/2010\/06\/bogdan-lyszkiewicz-1-768x704.jpg?v=1627124286 768w\" sizes=\"auto, (max-width: 767px) 89vw, (max-width: 1000px) 54vw, (max-width: 1071px) 543px, 580px\" \/><\/a><\/figure><\/li><li class=\"blocks-gallery-item\"><figure><a href=\"https:\/\/pracownia52.pl\/www\/wp-content\/uploads\/2010\/06\/chlopcy-montaz1.jpg\"><img loading=\"lazy\" decoding=\"async\" width=\"800\" height=\"220\" src=\"https:\/\/pracownia52.pl\/www\/wp-content\/uploads\/2010\/06\/chlopcy-montaz1.jpg\" alt=\"\" data-id=\"1269\" class=\"wp-image-1269\" srcset=\"https:\/\/pracownia52.pl\/www\/wp-content\/uploads\/2010\/06\/chlopcy-montaz1.jpg?v=1627124277 800w, https:\/\/pracownia52.pl\/www\/wp-content\/uploads\/2010\/06\/chlopcy-montaz1-300x83.jpg?v=1627124277 300w, https:\/\/pracownia52.pl\/www\/wp-content\/uploads\/2010\/06\/chlopcy-montaz1-768x211.jpg?v=1627124277 768w\" sizes=\"auto, (max-width: 767px) 89vw, (max-width: 1000px) 54vw, (max-width: 1071px) 543px, 580px\" \/><\/a><\/figure><\/li><\/ul>\n\n\n\n<ul class=\"wp-block-gallery columns-1 is-cropped wp-block-gallery-2 is-layout-flex wp-block-gallery-is-layout-flex\"><li class=\"blocks-gallery-item\"><figure><a href=\"https:\/\/pracownia52.pl\/www\/wp-content\/uploads\/2018\/12\/bogdan-chlopiec-1.jpg\"><img loading=\"lazy\" decoding=\"async\" width=\"800\" height=\"537\" src=\"https:\/\/pracownia52.pl\/www\/wp-content\/uploads\/2018\/12\/bogdan-chlopiec-1.jpg\" alt=\"\" data-id=\"8141\" data-link=\"https:\/\/pracownia52.pl\/www\/?attachment_id=8141\" class=\"wp-image-8141\" srcset=\"https:\/\/pracownia52.pl\/www\/wp-content\/uploads\/2018\/12\/bogdan-chlopiec-1.jpg?v=1627123667 800w, https:\/\/pracownia52.pl\/www\/wp-content\/uploads\/2018\/12\/bogdan-chlopiec-1-300x201.jpg?v=1627123667 300w, https:\/\/pracownia52.pl\/www\/wp-content\/uploads\/2018\/12\/bogdan-chlopiec-1-768x516.jpg?v=1627123667 768w\" sizes=\"auto, (max-width: 767px) 89vw, (max-width: 1000px) 54vw, (max-width: 1071px) 543px, 580px\" \/><\/a><\/figure><\/li><\/ul>\n","protected":false},"excerpt":{"rendered":"<p>ok\u0142adka CD (tylko singiel); zdj\u0119cia.Po latach dowiedzia\u0142em si\u0119, ze zdziwieniem, \u017ce mia\u0142em jaki\u015btam wp\u0142yw na karier\u0119 (na debiut dok\u0142adniej) \u201eCh\u0142opc\u00f3w\u2026&#8221;. Ale mo\u017ce o tym \u2013 w ksi\u0105\u017cce o nich, wysz\u0142a bodaj na jesieni 2010 r. Zdj\u0119cie-monta\u017c wszystkich \u2013 to portrety jeszcze z 1987; ale monta\u017c ju\u017c w Photoshopie.mr m.<\/p>\n","protected":false},"author":1,"featured_media":0,"parent":0,"menu_order":0,"comment_status":"closed","ping_status":"open","template":"","meta":{"footnotes":""},"class_list":["post-1107","page","type-page","status-publish","hentry"],"_links":{"self":[{"href":"https:\/\/pracownia52.pl\/www\/index.php?rest_route=\/wp\/v2\/pages\/1107","targetHints":{"allow":["GET"]}}],"collection":[{"href":"https:\/\/pracownia52.pl\/www\/index.php?rest_route=\/wp\/v2\/pages"}],"about":[{"href":"https:\/\/pracownia52.pl\/www\/index.php?rest_route=\/wp\/v2\/types\/page"}],"author":[{"embeddable":true,"href":"https:\/\/pracownia52.pl\/www\/index.php?rest_route=\/wp\/v2\/users\/1"}],"replies":[{"embeddable":true,"href":"https:\/\/pracownia52.pl\/www\/index.php?rest_route=%2Fwp%2Fv2%2Fcomments&post=1107"}],"version-history":[{"count":12,"href":"https:\/\/pracownia52.pl\/www\/index.php?rest_route=\/wp\/v2\/pages\/1107\/revisions"}],"predecessor-version":[{"id":8145,"href":"https:\/\/pracownia52.pl\/www\/index.php?rest_route=\/wp\/v2\/pages\/1107\/revisions\/8145"}],"wp:attachment":[{"href":"https:\/\/pracownia52.pl\/www\/index.php?rest_route=%2Fwp%2Fv2%2Fmedia&parent=1107"}],"curies":[{"name":"wp","href":"https:\/\/api.w.org\/{rel}","templated":true}]}}