{"id":1111,"date":"2010-06-13T12:13:51","date_gmt":"2010-06-13T12:13:51","guid":{"rendered":"http:\/\/pracownia52.pl\/www\/?page_id=1111"},"modified":"2019-05-21T15:27:51","modified_gmt":"2019-05-21T15:27:51","slug":"czeslaw-niemen","status":"publish","type":"page","link":"https:\/\/pracownia52.pl\/www\/?page_id=1111","title":{"rendered":"Czes\u0142aw Niemen"},"content":{"rendered":"\n<p>kilka zdj\u0119\u0107 z r\u00f3\u017cnych lat.<br \/>mr m.<\/p>\n\n\n\n<ul class=\"wp-block-gallery columns-3 is-cropped wp-block-gallery-1 is-layout-flex wp-block-gallery-is-layout-flex\"><li class=\"blocks-gallery-item\"><figure><a href=\"https:\/\/pracownia52.pl\/www\/wp-content\/uploads\/2019\/05\/czeslaw-niemen-1978-rok-low.jpg\"><img loading=\"lazy\" decoding=\"async\" width=\"542\" height=\"800\" src=\"https:\/\/pracownia52.pl\/www\/wp-content\/uploads\/2019\/05\/czeslaw-niemen-1978-rok-low.jpg\" alt=\"\" data-id=\"9399\" data-link=\"https:\/\/pracownia52.pl\/www\/?attachment_id=9399\" class=\"wp-image-9399\" srcset=\"https:\/\/pracownia52.pl\/www\/wp-content\/uploads\/2019\/05\/czeslaw-niemen-1978-rok-low.jpg?v=1627123599 542w, https:\/\/pracownia52.pl\/www\/wp-content\/uploads\/2019\/05\/czeslaw-niemen-1978-rok-low-203x300.jpg?v=1627123599 203w\" sizes=\"auto, (max-width: 542px) 100vw, 542px\" \/><\/a><figcaption>1978 rok<\/figcaption><\/figure><\/li><li class=\"blocks-gallery-item\"><figure><a href=\"https:\/\/pracownia52.pl\/www\/wp-content\/uploads\/2010\/06\/1978-cz-niemen-rozm-dla-jazz-low-2.jpg\"><img loading=\"lazy\" decoding=\"async\" width=\"529\" height=\"800\" src=\"https:\/\/pracownia52.pl\/www\/wp-content\/uploads\/2010\/06\/1978-cz-niemen-rozm-dla-jazz-low-2.jpg\" alt=\"\" data-id=\"1114\" data-link=\"https:\/\/pracownia52.pl\/www\/?attachment_id=1114\" class=\"wp-image-1114\" srcset=\"https:\/\/pracownia52.pl\/www\/wp-content\/uploads\/2010\/06\/1978-cz-niemen-rozm-dla-jazz-low-2.jpg?v=1627124285 529w, https:\/\/pracownia52.pl\/www\/wp-content\/uploads\/2010\/06\/1978-cz-niemen-rozm-dla-jazz-low-2-198x300.jpg?v=1627124285 198w\" sizes=\"auto, (max-width: 529px) 100vw, 529px\" \/><\/a><\/figure><\/li><li class=\"blocks-gallery-item\"><figure><a href=\"https:\/\/pracownia52.pl\/www\/wp-content\/uploads\/2010\/06\/czeslaw-niemen-tn-lowp32-p-2.jpg\"><img loading=\"lazy\" decoding=\"async\" width=\"534\" height=\"800\" src=\"https:\/\/pracownia52.pl\/www\/wp-content\/uploads\/2010\/06\/czeslaw-niemen-tn-lowp32-p-2.jpg\" alt=\"\" data-id=\"1115\" data-link=\"https:\/\/pracownia52.pl\/www\/?attachment_id=1115\" class=\"wp-image-1115\" srcset=\"https:\/\/pracownia52.pl\/www\/wp-content\/uploads\/2010\/06\/czeslaw-niemen-tn-lowp32-p-2.jpg?v=1627124285 534w, https:\/\/pracownia52.pl\/www\/wp-content\/uploads\/2010\/06\/czeslaw-niemen-tn-lowp32-p-2-200x300.jpg?v=1627124285 200w\" sizes=\"auto, (max-width: 534px) 100vw, 534px\" \/><\/a><\/figure><\/li><li class=\"blocks-gallery-item\"><figure><a href=\"https:\/\/pracownia52.pl\/www\/wp-content\/uploads\/2019\/05\/czeslaw-niemen-low-wk-p2p-3.jpg\"><img loading=\"lazy\" decoding=\"async\" width=\"538\" height=\"800\" src=\"https:\/\/pracownia52.pl\/www\/wp-content\/uploads\/2019\/05\/czeslaw-niemen-low-wk-p2p-3.jpg\" alt=\"\" data-id=\"9398\" data-link=\"https:\/\/pracownia52.pl\/www\/?attachment_id=9398\" class=\"wp-image-9398\" srcset=\"https:\/\/pracownia52.pl\/www\/wp-content\/uploads\/2019\/05\/czeslaw-niemen-low-wk-p2p-3.jpg?v=1627123599 538w, https:\/\/pracownia52.pl\/www\/wp-content\/uploads\/2019\/05\/czeslaw-niemen-low-wk-p2p-3-202x300.jpg?v=1627123599 202w\" sizes=\"auto, (max-width: 538px) 100vw, 538px\" \/><\/a><\/figure><\/li><li class=\"blocks-gallery-item\"><figure><a href=\"https:\/\/pracownia52.pl\/www\/wp-content\/uploads\/2010\/06\/czeslaw-niemen-198x-sopot-2low.jpg\"><img loading=\"lazy\" decoding=\"async\" width=\"800\" height=\"845\" src=\"https:\/\/pracownia52.pl\/www\/wp-content\/uploads\/2010\/06\/czeslaw-niemen-198x-sopot-2low.jpg\" alt=\"\" data-id=\"1112\" data-link=\"https:\/\/pracownia52.pl\/www\/?attachment_id=1112\" class=\"wp-image-1112\" srcset=\"https:\/\/pracownia52.pl\/www\/wp-content\/uploads\/2010\/06\/czeslaw-niemen-198x-sopot-2low.jpg?v=1627124285 800w, https:\/\/pracownia52.pl\/www\/wp-content\/uploads\/2010\/06\/czeslaw-niemen-198x-sopot-2low-284x300.jpg?v=1627124285 284w, https:\/\/pracownia52.pl\/www\/wp-content\/uploads\/2010\/06\/czeslaw-niemen-198x-sopot-2low-768x811.jpg?v=1627124285 768w\" sizes=\"auto, (max-width: 767px) 89vw, (max-width: 1000px) 54vw, (max-width: 1071px) 543px, 580px\" \/><\/a><figcaption>1987 rok, Sopot<\/figcaption><\/figure><\/li><\/ul>\n","protected":false},"excerpt":{"rendered":"<p>kilka zdj\u0119\u0107 z r\u00f3\u017cnych lat.mr m.<\/p>\n","protected":false},"author":1,"featured_media":1412,"parent":0,"menu_order":0,"comment_status":"closed","ping_status":"open","template":"","meta":{"footnotes":""},"class_list":["post-1111","page","type-page","status-publish","has-post-thumbnail","hentry"],"_links":{"self":[{"href":"https:\/\/pracownia52.pl\/www\/index.php?rest_route=\/wp\/v2\/pages\/1111","targetHints":{"allow":["GET"]}}],"collection":[{"href":"https:\/\/pracownia52.pl\/www\/index.php?rest_route=\/wp\/v2\/pages"}],"about":[{"href":"https:\/\/pracownia52.pl\/www\/index.php?rest_route=\/wp\/v2\/types\/page"}],"author":[{"embeddable":true,"href":"https:\/\/pracownia52.pl\/www\/index.php?rest_route=\/wp\/v2\/users\/1"}],"replies":[{"embeddable":true,"href":"https:\/\/pracownia52.pl\/www\/index.php?rest_route=%2Fwp%2Fv2%2Fcomments&post=1111"}],"version-history":[{"count":8,"href":"https:\/\/pracownia52.pl\/www\/index.php?rest_route=\/wp\/v2\/pages\/1111\/revisions"}],"predecessor-version":[{"id":9401,"href":"https:\/\/pracownia52.pl\/www\/index.php?rest_route=\/wp\/v2\/pages\/1111\/revisions\/9401"}],"wp:featuredmedia":[{"embeddable":true,"href":"https:\/\/pracownia52.pl\/www\/index.php?rest_route=\/wp\/v2\/media\/1412"}],"wp:attachment":[{"href":"https:\/\/pracownia52.pl\/www\/index.php?rest_route=%2Fwp%2Fv2%2Fmedia&parent=1111"}],"curies":[{"name":"wp","href":"https:\/\/api.w.org\/{rel}","templated":true}]}}