{"id":1125,"date":"2010-06-13T12:19:13","date_gmt":"2010-06-13T12:19:13","guid":{"rendered":"http:\/\/pracownia52.pl\/www\/?page_id=1125"},"modified":"2019-01-10T11:18:38","modified_gmt":"2019-01-10T11:18:38","slug":"de-mono","status":"publish","type":"page","link":"https:\/\/pracownia52.pl\/www\/?page_id=1125","title":{"rendered":"De Mono"},"content":{"rendered":"\n<p>zupe\u0142nie nie po drodze by\u0142o. cho\u0107 <a href=\"https:\/\/pracownia52.pl\/www\/?page_id=1025\"><strong>Daabu<\/strong><\/a> mam sporo, z Krzywym te\u017c.<br \/>\nmr m.<br \/>\n<\/p>\n\n\n\n<ul class=\"wp-block-gallery columns-3 is-cropped wp-block-gallery-1 is-layout-flex wp-block-gallery-is-layout-flex\"><li class=\"blocks-gallery-item\"><figure><a href=\"https:\/\/pracownia52.pl\/www\/wp-content\/uploads\/2010\/06\/de-mono-krzywy-01.jpg\"><img loading=\"lazy\" decoding=\"async\" width=\"800\" height=\"528\" src=\"https:\/\/pracownia52.pl\/www\/wp-content\/uploads\/2010\/06\/de-mono-krzywy-01.jpg\" alt=\"\" data-id=\"1126\" class=\"wp-image-1126\" srcset=\"https:\/\/pracownia52.pl\/www\/wp-content\/uploads\/2010\/06\/de-mono-krzywy-01.jpg?v=1627124284 800w, https:\/\/pracownia52.pl\/www\/wp-content\/uploads\/2010\/06\/de-mono-krzywy-01-300x198.jpg?v=1627124284 300w, https:\/\/pracownia52.pl\/www\/wp-content\/uploads\/2010\/06\/de-mono-krzywy-01-768x507.jpg?v=1627124284 768w\" sizes=\"auto, (max-width: 767px) 89vw, (max-width: 1000px) 54vw, (max-width: 1071px) 543px, 580px\" \/><\/a><\/figure><\/li><li class=\"blocks-gallery-item\"><figure><a href=\"https:\/\/pracownia52.pl\/www\/wp-content\/uploads\/2010\/06\/de-mono-1987-poza-kontr-low-1.jpg\"><img loading=\"lazy\" decoding=\"async\" width=\"534\" height=\"800\" src=\"https:\/\/pracownia52.pl\/www\/wp-content\/uploads\/2010\/06\/de-mono-1987-poza-kontr-low-1.jpg\" alt=\"\" data-id=\"1128\" class=\"wp-image-1128\" srcset=\"https:\/\/pracownia52.pl\/www\/wp-content\/uploads\/2010\/06\/de-mono-1987-poza-kontr-low-1.jpg?v=1627124284 534w, https:\/\/pracownia52.pl\/www\/wp-content\/uploads\/2010\/06\/de-mono-1987-poza-kontr-low-1-200x300.jpg?v=1627124284 200w\" sizes=\"auto, (max-width: 534px) 100vw, 534px\" \/><\/a><\/figure><\/li><\/ul>\n","protected":false},"excerpt":{"rendered":"<p>zupe\u0142nie nie po drodze by\u0142o. cho\u0107 Daabu mam sporo, z Krzywym te\u017c. mr m.<\/p>\n","protected":false},"author":1,"featured_media":0,"parent":0,"menu_order":0,"comment_status":"closed","ping_status":"open","template":"","meta":{"footnotes":""},"class_list":["post-1125","page","type-page","status-publish","hentry"],"_links":{"self":[{"href":"https:\/\/pracownia52.pl\/www\/index.php?rest_route=\/wp\/v2\/pages\/1125","targetHints":{"allow":["GET"]}}],"collection":[{"href":"https:\/\/pracownia52.pl\/www\/index.php?rest_route=\/wp\/v2\/pages"}],"about":[{"href":"https:\/\/pracownia52.pl\/www\/index.php?rest_route=\/wp\/v2\/types\/page"}],"author":[{"embeddable":true,"href":"https:\/\/pracownia52.pl\/www\/index.php?rest_route=\/wp\/v2\/users\/1"}],"replies":[{"embeddable":true,"href":"https:\/\/pracownia52.pl\/www\/index.php?rest_route=%2Fwp%2Fv2%2Fcomments&post=1125"}],"version-history":[{"count":8,"href":"https:\/\/pracownia52.pl\/www\/index.php?rest_route=\/wp\/v2\/pages\/1125\/revisions"}],"predecessor-version":[{"id":8708,"href":"https:\/\/pracownia52.pl\/www\/index.php?rest_route=\/wp\/v2\/pages\/1125\/revisions\/8708"}],"wp:attachment":[{"href":"https:\/\/pracownia52.pl\/www\/index.php?rest_route=%2Fwp%2Fv2%2Fmedia&parent=1125"}],"curies":[{"name":"wp","href":"https:\/\/api.w.org\/{rel}","templated":true}]}}