{"id":114,"date":"2010-06-11T07:27:01","date_gmt":"2010-06-11T07:27:01","guid":{"rendered":"http:\/\/pracownia52.pl\/www\/?page_id=114"},"modified":"2018-06-26T16:23:25","modified_gmt":"2018-06-26T16:23:25","slug":"bledowski-winder-band","status":"publish","type":"page","link":"https:\/\/pracownia52.pl\/www\/?page_id=114","title":{"rendered":"b\u0142\u0119dowski &#038; winder band"},"content":{"rendered":"<p>ok\u0142adka CD. ale Leszek ju\u017c szed\u0142 w inn\u0105 stron\u0119\u2026<br \/>\nmr m.<br \/>\n<img loading=\"lazy\" decoding=\"async\" src=\"http:\/\/pracownia52.pl\/www\/wp-content\/uploads\/2010\/06\/BWb-2005-1-300x300.jpg\" alt=\"\" title=\"BWb-2005-1\" width=\"300\" height=\"300\" border\"0\" \/><\/p>\n","protected":false},"excerpt":{"rendered":"<p>ok\u0142adka CD. ale Leszek ju\u017c szed\u0142 w inn\u0105 stron\u0119\u2026 mr m.<\/p>\n","protected":false},"author":1,"featured_media":0,"parent":0,"menu_order":0,"comment_status":"closed","ping_status":"open","template":"","meta":{"footnotes":""},"class_list":["post-114","page","type-page","status-publish","hentry"],"_links":{"self":[{"href":"https:\/\/pracownia52.pl\/www\/index.php?rest_route=\/wp\/v2\/pages\/114","targetHints":{"allow":["GET"]}}],"collection":[{"href":"https:\/\/pracownia52.pl\/www\/index.php?rest_route=\/wp\/v2\/pages"}],"about":[{"href":"https:\/\/pracownia52.pl\/www\/index.php?rest_route=\/wp\/v2\/types\/page"}],"author":[{"embeddable":true,"href":"https:\/\/pracownia52.pl\/www\/index.php?rest_route=\/wp\/v2\/users\/1"}],"replies":[{"embeddable":true,"href":"https:\/\/pracownia52.pl\/www\/index.php?rest_route=%2Fwp%2Fv2%2Fcomments&post=114"}],"version-history":[{"count":5,"href":"https:\/\/pracownia52.pl\/www\/index.php?rest_route=\/wp\/v2\/pages\/114\/revisions"}],"predecessor-version":[{"id":7612,"href":"https:\/\/pracownia52.pl\/www\/index.php?rest_route=\/wp\/v2\/pages\/114\/revisions\/7612"}],"wp:attachment":[{"href":"https:\/\/pracownia52.pl\/www\/index.php?rest_route=%2Fwp%2Fv2%2Fmedia&parent=114"}],"curies":[{"name":"wp","href":"https:\/\/api.w.org\/{rel}","templated":true}]}}