{"id":1157,"date":"2010-06-13T12:39:47","date_gmt":"2010-06-13T12:39:47","guid":{"rendered":"http:\/\/pracownia52.pl\/www\/?page_id=1157"},"modified":"2018-12-24T13:59:28","modified_gmt":"2018-12-24T13:59:28","slug":"exodus","status":"publish","type":"page","link":"https:\/\/pracownia52.pl\/www\/?page_id=1157","title":{"rendered":"Exodus"},"content":{"rendered":"\n<p>koncert w Berlinie Zach. \u2013 klub Quasimodo bodaj, 1982 rok. ma\u0142o ludzi przysz\u0142o, cho\u0107 by\u0142o tam sporo emigrant\u00f3w wtedy\u2026 z ty\u0142u na pierwszym, z lewej: \u201eZefir\u201d (na drugim ten w kurtce bez gitary), wcze\u015bniej w znakomitej grupie <a href=\"https:\/\/pracownia52.pl\/www\/?page_id=1390\"><strong>Strajk 80<\/strong><\/a>.<br \/>a o panu P. (oraz jego <a href=\"https:\/\/pracownia52.pl\/www\/?page_id=332\"><strong>kole\u017cance-menad\u017cerce<\/strong><\/a>) za wiele opowiada\u0107 nie chc\u0119, mam uraz.<br \/>mr m.<\/p>\n\n\n\n<ul class=\"wp-block-gallery columns-2 is-cropped wp-block-gallery-1 is-layout-flex wp-block-gallery-is-layout-flex\"><li class=\"blocks-gallery-item\"><figure><a href=\"https:\/\/pracownia52.pl\/www\/wp-content\/uploads\/2018\/05\/exodus-IV-1984-berlin-low1.jpg\"><img loading=\"lazy\" decoding=\"async\" width=\"800\" height=\"522\" src=\"https:\/\/pracownia52.pl\/www\/wp-content\/uploads\/2018\/05\/exodus-IV-1984-berlin-low1.jpg\" alt=\"\" data-id=\"7550\" data-link=\"https:\/\/pracownia52.pl\/www\/?attachment_id=7550\" class=\"wp-image-7550\" srcset=\"https:\/\/pracownia52.pl\/www\/wp-content\/uploads\/2018\/05\/exodus-IV-1984-berlin-low1.jpg?v=1627123705 800w, https:\/\/pracownia52.pl\/www\/wp-content\/uploads\/2018\/05\/exodus-IV-1984-berlin-low1-300x196.jpg?v=1627123705 300w, https:\/\/pracownia52.pl\/www\/wp-content\/uploads\/2018\/05\/exodus-IV-1984-berlin-low1-768x501.jpg?v=1627123705 768w\" sizes=\"auto, (max-width: 767px) 89vw, (max-width: 1000px) 54vw, (max-width: 1071px) 543px, 580px\" \/><\/a><\/figure><\/li><li class=\"blocks-gallery-item\"><figure><a href=\"https:\/\/pracownia52.pl\/www\/wp-content\/uploads\/2010\/06\/exodus-berlin-quasimodo-1982-low-2.jpg\"><img loading=\"lazy\" decoding=\"async\" width=\"800\" height=\"752\" src=\"https:\/\/pracownia52.pl\/www\/wp-content\/uploads\/2010\/06\/exodus-berlin-quasimodo-1982-low-2.jpg\" alt=\"\" data-id=\"1158\" data-link=\"https:\/\/pracownia52.pl\/www\/?attachment_id=1158\" class=\"wp-image-1158\" srcset=\"https:\/\/pracownia52.pl\/www\/wp-content\/uploads\/2010\/06\/exodus-berlin-quasimodo-1982-low-2.jpg?v=1627124283 800w, https:\/\/pracownia52.pl\/www\/wp-content\/uploads\/2010\/06\/exodus-berlin-quasimodo-1982-low-2-300x282.jpg?v=1627124283 300w, https:\/\/pracownia52.pl\/www\/wp-content\/uploads\/2010\/06\/exodus-berlin-quasimodo-1982-low-2-768x722.jpg?v=1627124283 768w\" sizes=\"auto, (max-width: 767px) 89vw, (max-width: 1000px) 54vw, (max-width: 1071px) 543px, 580px\" \/><\/a><\/figure><\/li><\/ul>\n","protected":false},"excerpt":{"rendered":"<p>koncert w Berlinie Zach. \u2013 klub Quasimodo bodaj, 1982 rok. ma\u0142o ludzi przysz\u0142o, cho\u0107 by\u0142o tam sporo emigrant\u00f3w wtedy\u2026 z ty\u0142u na pierwszym, z lewej: \u201eZefir\u201d (na drugim ten w kurtce bez gitary), wcze\u015bniej w znakomitej grupie Strajk 80.a o panu P. (oraz jego kole\u017cance-menad\u017cerce) za wiele opowiada\u0107 nie chc\u0119, mam uraz.mr m.<\/p>\n","protected":false},"author":1,"featured_media":0,"parent":0,"menu_order":0,"comment_status":"closed","ping_status":"open","template":"","meta":{"footnotes":""},"class_list":["post-1157","page","type-page","status-publish","hentry"],"_links":{"self":[{"href":"https:\/\/pracownia52.pl\/www\/index.php?rest_route=\/wp\/v2\/pages\/1157","targetHints":{"allow":["GET"]}}],"collection":[{"href":"https:\/\/pracownia52.pl\/www\/index.php?rest_route=\/wp\/v2\/pages"}],"about":[{"href":"https:\/\/pracownia52.pl\/www\/index.php?rest_route=\/wp\/v2\/types\/page"}],"author":[{"embeddable":true,"href":"https:\/\/pracownia52.pl\/www\/index.php?rest_route=\/wp\/v2\/users\/1"}],"replies":[{"embeddable":true,"href":"https:\/\/pracownia52.pl\/www\/index.php?rest_route=%2Fwp%2Fv2%2Fcomments&post=1157"}],"version-history":[{"count":9,"href":"https:\/\/pracownia52.pl\/www\/index.php?rest_route=\/wp\/v2\/pages\/1157\/revisions"}],"predecessor-version":[{"id":8314,"href":"https:\/\/pracownia52.pl\/www\/index.php?rest_route=\/wp\/v2\/pages\/1157\/revisions\/8314"}],"wp:attachment":[{"href":"https:\/\/pracownia52.pl\/www\/index.php?rest_route=%2Fwp%2Fv2%2Fmedia&parent=1157"}],"curies":[{"name":"wp","href":"https:\/\/api.w.org\/{rel}","templated":true}]}}