{"id":1187,"date":"2010-06-13T12:58:08","date_gmt":"2010-06-13T12:58:08","guid":{"rendered":"http:\/\/pracownia52.pl\/www\/?page_id=1187"},"modified":"2019-01-05T17:15:53","modified_gmt":"2019-01-05T17:15:53","slug":"marek-grechuta","status":"publish","type":"page","link":"https:\/\/pracownia52.pl\/www\/?page_id=1187","title":{"rendered":"Marek Grechuta"},"content":{"rendered":"\n<p>jako\u015b si\u0119 nie sk\u0142ada\u0142o, a szkoda.<br \/>gdzie\u015b mam jeszcze zdj\u0119cia z \u201eSzalonej lokomotywy\u201d ale to dalekie plany, bo spektakl z cyrku (\u201eIntersalto\u201d w warszawie, koniec lat 70. jeszcze)<br \/>mr m.<\/p>\n\n\n\n<ul class=\"wp-block-gallery columns-3 is-cropped wp-block-gallery-1 is-layout-flex wp-block-gallery-is-layout-flex\"><li class=\"blocks-gallery-item\"><figure><a href=\"https:\/\/pracownia52.pl\/www\/wp-content\/uploads\/2010\/06\/grechuta-1981-001-a1mn.jpg\"><img loading=\"lazy\" decoding=\"async\" width=\"650\" height=\"435\" src=\"https:\/\/pracownia52.pl\/www\/wp-content\/uploads\/2010\/06\/grechuta-1981-001-a1mn.jpg\" alt=\"\" data-id=\"1188\" class=\"wp-image-1188\" srcset=\"https:\/\/pracownia52.pl\/www\/wp-content\/uploads\/2010\/06\/grechuta-1981-001-a1mn.jpg?v=1627124281 650w, https:\/\/pracownia52.pl\/www\/wp-content\/uploads\/2010\/06\/grechuta-1981-001-a1mn-300x201.jpg?v=1627124281 300w\" sizes=\"auto, (max-width: 650px) 100vw, 650px\" \/><\/a><\/figure><\/li><\/ul>\n","protected":false},"excerpt":{"rendered":"<p>jako\u015b si\u0119 nie sk\u0142ada\u0142o, a szkoda.gdzie\u015b mam jeszcze zdj\u0119cia z \u201eSzalonej lokomotywy\u201d ale to dalekie plany, bo spektakl z cyrku (\u201eIntersalto\u201d w warszawie, koniec lat 70. jeszcze)mr m.<\/p>\n","protected":false},"author":1,"featured_media":0,"parent":0,"menu_order":0,"comment_status":"closed","ping_status":"open","template":"","meta":{"footnotes":""},"class_list":["post-1187","page","type-page","status-publish","hentry"],"_links":{"self":[{"href":"https:\/\/pracownia52.pl\/www\/index.php?rest_route=\/wp\/v2\/pages\/1187","targetHints":{"allow":["GET"]}}],"collection":[{"href":"https:\/\/pracownia52.pl\/www\/index.php?rest_route=\/wp\/v2\/pages"}],"about":[{"href":"https:\/\/pracownia52.pl\/www\/index.php?rest_route=\/wp\/v2\/types\/page"}],"author":[{"embeddable":true,"href":"https:\/\/pracownia52.pl\/www\/index.php?rest_route=\/wp\/v2\/users\/1"}],"replies":[{"embeddable":true,"href":"https:\/\/pracownia52.pl\/www\/index.php?rest_route=%2Fwp%2Fv2%2Fcomments&post=1187"}],"version-history":[{"count":4,"href":"https:\/\/pracownia52.pl\/www\/index.php?rest_route=\/wp\/v2\/pages\/1187\/revisions"}],"predecessor-version":[{"id":8612,"href":"https:\/\/pracownia52.pl\/www\/index.php?rest_route=\/wp\/v2\/pages\/1187\/revisions\/8612"}],"wp:attachment":[{"href":"https:\/\/pracownia52.pl\/www\/index.php?rest_route=%2Fwp%2Fv2%2Fmedia&parent=1187"}],"curies":[{"name":"wp","href":"https:\/\/api.w.org\/{rel}","templated":true}]}}