{"id":119,"date":"2010-06-11T07:30:32","date_gmt":"2010-06-11T07:30:32","guid":{"rendered":"http:\/\/pracownia52.pl\/www\/?page_id=119"},"modified":"2018-12-24T09:52:14","modified_gmt":"2018-12-24T09:52:14","slug":"brum","status":"publish","type":"page","link":"https:\/\/pracownia52.pl\/www\/?page_id=119","title":{"rendered":"Brum"},"content":{"rendered":"\n<p>logo, pierwsza makieta, znaczki reklamowe (jeden znaczek i ca\u0142y arkusz projekt\u00f3w na \u2013 ni\u017cej).<br \/>naczelnym by\u0142 <strong>Kuba Wojew\u00f3dzki<\/strong>. no comments.<br \/>chcia\u0142em powt\u00f3rzy\u0107 <a href=\"http:\/\/pracownia52.pl\/www\/?page_id=13\">NON STOP<\/a>-owy fanzin. inne mo\u017cliwo\u015bci ju\u017c mieli\u015bmy: pierwsze komputery. ale czasy by\u0142y te\u017c ju\u017c inne.<br \/>nadchodzili nowi idole: boyzbandy, girlsbandy \u2013 i bezduszni, cyniczni producenci.<br \/>poszed\u0142em sobie\u2026<br \/>mr m.<br \/>\u2026<br \/>u-Aktualnienie:<br \/>jest (2017) <a href=\"http:\/\/www.dwutygodnik.com\/artykul\/7275-magazyn-mlodych-bandytow.html\"><strong>spory tekst o \u201eBrumie\u201d<\/strong><\/a>, ale nie do ko\u0144ca dok\u0142adny jednak.<\/p>\n\n\n\n<blockquote class=\"wp-block-quote is-layout-flow wp-block-quote-is-layout-flow\"><p>Punkowe tre\u015bci zapakowano w adekwatn\u0105 punkow\u0105 form\u0119 \u2013 sk\u0142ad mia\u0142 anarchiczny charakter, a redakcj\u0119 i korekt\u0119 nazwa\u0142bym permisywnymi \u2013 wi\u0119c mog\u0142o si\u0119 wydawa\u0107, \u017ce pismo przygotowano pod namiotem. Oczywi\u015bcie, jako \u017ce prowizorka zazwyczaj okazuje si\u0119 niezwykle trwa\u0142a, \u201eBrum\u201d ju\u017c do ko\u0144ca mia\u0142 ten anarchiczno-efemeryczny charakter, mimo \u017ce zmienia\u0142 si\u0119 niemal z numeru na numer. Pewne kwestie pozostawa\u0142y jednak niezmienne, na przyk\u0142ad sk\u0142ad redakcyjny.<br \/>(\u2026)<br \/>\u2026a stara radiowa gwardia, przede wszystkim Tomasz \u017b\u0105da i Piotr Klatt, zawin\u0119\u0142a si\u0119 z redakcji.<\/p><\/blockquote>\n\n\n\n<p>m.<\/p>\n\n\n\n<ul class=\"wp-block-gallery columns-3 is-cropped wp-block-gallery-1 is-layout-flex wp-block-gallery-is-layout-flex\"><li class=\"blocks-gallery-item\"><figure><a href=\"https:\/\/pracownia52.pl\/www\/wp-content\/uploads\/2010\/06\/logo-brum.jpg\"><img loading=\"lazy\" decoding=\"async\" width=\"755\" height=\"754\" src=\"https:\/\/pracownia52.pl\/www\/wp-content\/uploads\/2010\/06\/logo-brum.jpg\" alt=\"\" data-id=\"123\" class=\"wp-image-123\" srcset=\"https:\/\/pracownia52.pl\/www\/wp-content\/uploads\/2010\/06\/logo-brum.jpg?v=1650181302 755w, https:\/\/pracownia52.pl\/www\/wp-content\/uploads\/2010\/06\/logo-brum-300x300.jpg?v=1650181302 300w, https:\/\/pracownia52.pl\/www\/wp-content\/uploads\/2010\/06\/logo-brum-150x150.jpg?v=1650181302 150w, https:\/\/pracownia52.pl\/www\/wp-content\/uploads\/2010\/06\/logo-brum-75x75.jpg?v=1650181302 75w\" sizes=\"auto, (max-width: 706px) 89vw, (max-width: 767px) 82vw, 740px\" \/><\/a><\/figure><\/li><li class=\"blocks-gallery-item\"><figure><a href=\"https:\/\/pracownia52.pl\/www\/wp-content\/uploads\/2010\/06\/brumis-to-fajny-mis.jpg\"><img loading=\"lazy\" decoding=\"async\" width=\"500\" height=\"516\" src=\"https:\/\/pracownia52.pl\/www\/wp-content\/uploads\/2010\/06\/brumis-to-fajny-mis.jpg\" alt=\"\" data-id=\"121\" class=\"wp-image-121\" srcset=\"https:\/\/pracownia52.pl\/www\/wp-content\/uploads\/2010\/06\/brumis-to-fajny-mis.jpg?v=1752818760 500w, https:\/\/pracownia52.pl\/www\/wp-content\/uploads\/2010\/06\/brumis-to-fajny-mis-291x300.jpg?v=1752818760 291w\" sizes=\"auto, (max-width: 500px) 100vw, 500px\" \/><\/a><\/figure><\/li><li class=\"blocks-gallery-item\"><figure><a href=\"https:\/\/pracownia52.pl\/www\/wp-content\/uploads\/2010\/06\/brum-znaczki.jpg\"><img loading=\"lazy\" decoding=\"async\" width=\"450\" height=\"617\" src=\"https:\/\/pracownia52.pl\/www\/wp-content\/uploads\/2010\/06\/brum-znaczki.jpg\" alt=\"\" data-id=\"3400\" class=\"wp-image-3400\" srcset=\"https:\/\/pracownia52.pl\/www\/wp-content\/uploads\/2010\/06\/brum-znaczki.jpg?v=1752818726 450w, https:\/\/pracownia52.pl\/www\/wp-content\/uploads\/2010\/06\/brum-znaczki-219x300.jpg?v=1752818726 219w\" sizes=\"auto, (max-width: 450px) 100vw, 450px\" \/><\/a><\/figure><\/li><\/ul>\n","protected":false},"excerpt":{"rendered":"<p>logo, pierwsza makieta, znaczki reklamowe (jeden znaczek i ca\u0142y arkusz projekt\u00f3w na \u2013 ni\u017cej).naczelnym by\u0142 Kuba Wojew\u00f3dzki. no comments.chcia\u0142em powt\u00f3rzy\u0107 NON STOP-owy fanzin. inne mo\u017cliwo\u015bci ju\u017c mieli\u015bmy: pierwsze komputery. ale czasy by\u0142y te\u017c ju\u017c inne.nadchodzili nowi idole: boyzbandy, girlsbandy \u2013 i bezduszni, cyniczni producenci.poszed\u0142em sobie\u2026mr m.\u2026u-Aktualnienie:jest (2017) spory tekst o \u201eBrumie\u201d, ale nie do ko\u0144ca &hellip; <\/p>\n<p class=\"link-more\"><a href=\"https:\/\/pracownia52.pl\/www\/?page_id=119\" class=\"more-link\">Czytaj dalej<span class=\"screen-reader-text\"> \u201eBrum\u201d<\/span><\/a><\/p>\n","protected":false},"author":1,"featured_media":0,"parent":0,"menu_order":0,"comment_status":"closed","ping_status":"open","template":"","meta":{"footnotes":""},"class_list":["post-119","page","type-page","status-publish","hentry"],"_links":{"self":[{"href":"https:\/\/pracownia52.pl\/www\/index.php?rest_route=\/wp\/v2\/pages\/119","targetHints":{"allow":["GET"]}}],"collection":[{"href":"https:\/\/pracownia52.pl\/www\/index.php?rest_route=\/wp\/v2\/pages"}],"about":[{"href":"https:\/\/pracownia52.pl\/www\/index.php?rest_route=\/wp\/v2\/types\/page"}],"author":[{"embeddable":true,"href":"https:\/\/pracownia52.pl\/www\/index.php?rest_route=\/wp\/v2\/users\/1"}],"replies":[{"embeddable":true,"href":"https:\/\/pracownia52.pl\/www\/index.php?rest_route=%2Fwp%2Fv2%2Fcomments&post=119"}],"version-history":[{"count":20,"href":"https:\/\/pracownia52.pl\/www\/index.php?rest_route=\/wp\/v2\/pages\/119\/revisions"}],"predecessor-version":[{"id":8188,"href":"https:\/\/pracownia52.pl\/www\/index.php?rest_route=\/wp\/v2\/pages\/119\/revisions\/8188"}],"wp:attachment":[{"href":"https:\/\/pracownia52.pl\/www\/index.php?rest_route=%2Fwp%2Fv2%2Fmedia&parent=119"}],"curies":[{"name":"wp","href":"https:\/\/api.w.org\/{rel}","templated":true}]}}