{"id":1211,"date":"2010-06-13T13:20:15","date_gmt":"2010-06-13T13:20:15","guid":{"rendered":"http:\/\/pracownia52.pl\/www\/?page_id=1211"},"modified":"2018-12-24T11:23:36","modified_gmt":"2018-12-24T11:23:36","slug":"janysz-muniak","status":"publish","type":"page","link":"https:\/\/pracownia52.pl\/www\/?page_id=1211","title":{"rendered":"Janusz Muniak"},"content":{"rendered":"\n<figure class=\"wp-block-image\"><img loading=\"lazy\" decoding=\"async\" width=\"800\" height=\"531\" src=\"http:\/\/pracownia52.pl\/www\/wp-content\/uploads\/2010\/06\/janusz-muniak-JnO-1981-low-2.jpg\" alt=\"\" class=\"wp-image-1212\" srcset=\"https:\/\/pracownia52.pl\/www\/wp-content\/uploads\/2010\/06\/janusz-muniak-JnO-1981-low-2.jpg?v=1627124280 800w, https:\/\/pracownia52.pl\/www\/wp-content\/uploads\/2010\/06\/janusz-muniak-JnO-1981-low-2-300x199.jpg?v=1627124280 300w, https:\/\/pracownia52.pl\/www\/wp-content\/uploads\/2010\/06\/janusz-muniak-JnO-1981-low-2-768x510.jpg?v=1627124280 768w\" sizes=\"auto, (max-width: 767px) 89vw, (max-width: 1000px) 54vw, (max-width: 1071px) 543px, 580px\" \/><\/figure>\n\n\n\n<p><br \/><br \/>w 2016 poproszony zosta\u0142em \u2013 co jest dla mnie szczeg\u00f3lnym wyr\u00f3\u017cnieniem, bo przecie\u017c jestem <em>ludzko\u015bci\u0105 nap\u0142ywow\u0105<\/em> tu \u2013 o napisanie tekstu o JM do <a href=\"http:\/\/ooops.pl\/?p=29763\"><strong>folderu<\/strong><\/a> festiwalu \u201e<a href=\"http:\/\/www.jazzjantar.pl\"><strong>jazz jantar<\/strong><\/a>\u201d. i napisa\u0142em, nieskromny. jak go znajd\u0119 to dam tu.<br \/>mr m.<\/p>\n\n\n\n<ul class=\"wp-block-gallery columns-2 is-cropped wp-block-gallery-1 is-layout-flex wp-block-gallery-is-layout-flex\"><li class=\"blocks-gallery-item\"><figure><a href=\"https:\/\/pracownia52.pl\/www\/wp-content\/uploads\/2017\/11\/janusz-muniak-JnO-1982-2low-1.jpg\"><img loading=\"lazy\" decoding=\"async\" width=\"800\" height=\"530\" src=\"https:\/\/pracownia52.pl\/www\/wp-content\/uploads\/2017\/11\/janusz-muniak-JnO-1982-2low-1.jpg\" alt=\"\" data-id=\"7303\" class=\"wp-image-7303\" srcset=\"https:\/\/pracownia52.pl\/www\/wp-content\/uploads\/2017\/11\/janusz-muniak-JnO-1982-2low-1.jpg?v=1627123719 800w, https:\/\/pracownia52.pl\/www\/wp-content\/uploads\/2017\/11\/janusz-muniak-JnO-1982-2low-1-300x199.jpg?v=1627123719 300w, https:\/\/pracownia52.pl\/www\/wp-content\/uploads\/2017\/11\/janusz-muniak-JnO-1982-2low-1-768x509.jpg?v=1627123719 768w\" sizes=\"auto, (max-width: 767px) 89vw, (max-width: 1000px) 54vw, (max-width: 1071px) 543px, 580px\" \/><\/a><\/figure><\/li><li class=\"blocks-gallery-item\"><figure><a href=\"https:\/\/pracownia52.pl\/www\/wp-content\/uploads\/2017\/11\/janusz-muniak-cca-1980-low-10.jpg\"><img loading=\"lazy\" decoding=\"async\" width=\"537\" height=\"800\" src=\"https:\/\/pracownia52.pl\/www\/wp-content\/uploads\/2017\/11\/janusz-muniak-cca-1980-low-10.jpg\" alt=\"\" data-id=\"7305\" class=\"wp-image-7305\" srcset=\"https:\/\/pracownia52.pl\/www\/wp-content\/uploads\/2017\/11\/janusz-muniak-cca-1980-low-10.jpg?v=1627123719 537w, https:\/\/pracownia52.pl\/www\/wp-content\/uploads\/2017\/11\/janusz-muniak-cca-1980-low-10-201x300.jpg?v=1627123719 201w\" sizes=\"auto, (max-width: 537px) 100vw, 537px\" \/><\/a><\/figure><\/li><li class=\"blocks-gallery-item\"><figure><a href=\"https:\/\/pracownia52.pl\/www\/wp-content\/uploads\/2010\/06\/janusz-muniak-JnO-1981-low-2.jpg\"><img loading=\"lazy\" decoding=\"async\" width=\"800\" height=\"531\" src=\"https:\/\/pracownia52.pl\/www\/wp-content\/uploads\/2010\/06\/janusz-muniak-JnO-1981-low-2.jpg\" alt=\"\" data-id=\"1212\" class=\"wp-image-1212\" srcset=\"https:\/\/pracownia52.pl\/www\/wp-content\/uploads\/2010\/06\/janusz-muniak-JnO-1981-low-2.jpg?v=1627124280 800w, https:\/\/pracownia52.pl\/www\/wp-content\/uploads\/2010\/06\/janusz-muniak-JnO-1981-low-2-300x199.jpg?v=1627124280 300w, https:\/\/pracownia52.pl\/www\/wp-content\/uploads\/2010\/06\/janusz-muniak-JnO-1981-low-2-768x510.jpg?v=1627124280 768w\" sizes=\"auto, (max-width: 767px) 89vw, (max-width: 1000px) 54vw, (max-width: 1071px) 543px, 580px\" \/><\/a><\/figure><\/li><li class=\"blocks-gallery-item\"><figure><a href=\"https:\/\/pracownia52.pl\/www\/wp-content\/uploads\/2010\/06\/janusz-muniak-cca-1980-low-mod-6.jpg\"><img loading=\"lazy\" decoding=\"async\" width=\"509\" height=\"800\" src=\"https:\/\/pracownia52.pl\/www\/wp-content\/uploads\/2010\/06\/janusz-muniak-cca-1980-low-mod-6.jpg\" alt=\"\" data-id=\"1213\" class=\"wp-image-1213\" srcset=\"https:\/\/pracownia52.pl\/www\/wp-content\/uploads\/2010\/06\/janusz-muniak-cca-1980-low-mod-6.jpg?v=1627124280 509w, https:\/\/pracownia52.pl\/www\/wp-content\/uploads\/2010\/06\/janusz-muniak-cca-1980-low-mod-6-191x300.jpg?v=1627124280 191w\" sizes=\"auto, (max-width: 509px) 100vw, 509px\" \/><\/a><\/figure><\/li><li class=\"blocks-gallery-item\"><figure><a href=\"https:\/\/pracownia52.pl\/www\/wp-content\/uploads\/2017\/11\/1980-jj-janusz-muniak-scena-low01.jpg\"><img loading=\"lazy\" decoding=\"async\" width=\"800\" height=\"528\" src=\"https:\/\/pracownia52.pl\/www\/wp-content\/uploads\/2017\/11\/1980-jj-janusz-muniak-scena-low01.jpg\" alt=\"\" data-id=\"7304\" class=\"wp-image-7304\" srcset=\"https:\/\/pracownia52.pl\/www\/wp-content\/uploads\/2017\/11\/1980-jj-janusz-muniak-scena-low01.jpg?v=1627123719 800w, https:\/\/pracownia52.pl\/www\/wp-content\/uploads\/2017\/11\/1980-jj-janusz-muniak-scena-low01-300x198.jpg?v=1627123719 300w, https:\/\/pracownia52.pl\/www\/wp-content\/uploads\/2017\/11\/1980-jj-janusz-muniak-scena-low01-768x507.jpg?v=1627123719 768w\" sizes=\"auto, (max-width: 767px) 89vw, (max-width: 1000px) 54vw, (max-width: 1071px) 543px, 580px\" \/><\/a><\/figure><\/li><li class=\"blocks-gallery-item\"><figure><a href=\"https:\/\/pracownia52.pl\/www\/wp-content\/uploads\/2017\/11\/janusz-muniak-fot-monika-malachowska-2016-i-mr-makowski-1980-jazz-jamboree-jazz-jantar.jpg\"><img loading=\"lazy\" decoding=\"async\" width=\"1136\" height=\"852\" src=\"https:\/\/pracownia52.pl\/www\/wp-content\/uploads\/2017\/11\/janusz-muniak-fot-monika-malachowska-2016-i-mr-makowski-1980-jazz-jamboree-jazz-jantar.jpg\" alt=\"\" data-id=\"7310\" class=\"wp-image-7310\" srcset=\"https:\/\/pracownia52.pl\/www\/wp-content\/uploads\/2017\/11\/janusz-muniak-fot-monika-malachowska-2016-i-mr-makowski-1980-jazz-jamboree-jazz-jantar.jpg?v=1627123719 1136w, https:\/\/pracownia52.pl\/www\/wp-content\/uploads\/2017\/11\/janusz-muniak-fot-monika-malachowska-2016-i-mr-makowski-1980-jazz-jamboree-jazz-jantar-300x225.jpg?v=1627123719 300w, https:\/\/pracownia52.pl\/www\/wp-content\/uploads\/2017\/11\/janusz-muniak-fot-monika-malachowska-2016-i-mr-makowski-1980-jazz-jamboree-jazz-jantar-1024x768.jpg?v=1627123719 1024w, https:\/\/pracownia52.pl\/www\/wp-content\/uploads\/2017\/11\/janusz-muniak-fot-monika-malachowska-2016-i-mr-makowski-1980-jazz-jamboree-jazz-jantar-768x576.jpg?v=1627123719 768w\" sizes=\"auto, (max-width: 767px) 89vw, (max-width: 1000px) 54vw, (max-width: 1071px) 543px, 580px\" \/><\/a><\/figure><\/li><\/ul>\n","protected":false},"excerpt":{"rendered":"<p>w 2016 poproszony zosta\u0142em \u2013 co jest dla mnie szczeg\u00f3lnym wyr\u00f3\u017cnieniem, bo przecie\u017c jestem ludzko\u015bci\u0105 nap\u0142ywow\u0105 tu \u2013 o napisanie tekstu o JM do folderu festiwalu \u201ejazz jantar\u201d. i napisa\u0142em, nieskromny. jak go znajd\u0119 to dam tu.mr m.<\/p>\n","protected":false},"author":1,"featured_media":0,"parent":0,"menu_order":0,"comment_status":"closed","ping_status":"open","template":"","meta":{"footnotes":""},"class_list":["post-1211","page","type-page","status-publish","hentry"],"_links":{"self":[{"href":"https:\/\/pracownia52.pl\/www\/index.php?rest_route=\/wp\/v2\/pages\/1211","targetHints":{"allow":["GET"]}}],"collection":[{"href":"https:\/\/pracownia52.pl\/www\/index.php?rest_route=\/wp\/v2\/pages"}],"about":[{"href":"https:\/\/pracownia52.pl\/www\/index.php?rest_route=\/wp\/v2\/types\/page"}],"author":[{"embeddable":true,"href":"https:\/\/pracownia52.pl\/www\/index.php?rest_route=\/wp\/v2\/users\/1"}],"replies":[{"embeddable":true,"href":"https:\/\/pracownia52.pl\/www\/index.php?rest_route=%2Fwp%2Fv2%2Fcomments&post=1211"}],"version-history":[{"count":16,"href":"https:\/\/pracownia52.pl\/www\/index.php?rest_route=\/wp\/v2\/pages\/1211\/revisions"}],"predecessor-version":[{"id":8230,"href":"https:\/\/pracownia52.pl\/www\/index.php?rest_route=\/wp\/v2\/pages\/1211\/revisions\/8230"}],"wp:attachment":[{"href":"https:\/\/pracownia52.pl\/www\/index.php?rest_route=%2Fwp%2Fv2%2Fmedia&parent=1211"}],"curies":[{"name":"wp","href":"https:\/\/api.w.org\/{rel}","templated":true}]}}