{"id":1231,"date":"2010-06-13T13:30:25","date_gmt":"2010-06-13T13:30:25","guid":{"rendered":"http:\/\/pracownia52.pl\/www\/?page_id=1231"},"modified":"2017-03-13T16:55:24","modified_gmt":"2017-03-13T16:55:24","slug":"jerzy-piotrowski","status":"publish","type":"page","link":"https:\/\/pracownia52.pl\/www\/?page_id=1231","title":{"rendered":"Jerzy Piotrowski"},"content":{"rendered":"<p>wiele zdj\u0119\u0107, z r\u00f3\u017cnych sk\u0142ad\u00f3w.<br \/>\nmr m.<br \/>\n<img loading=\"lazy\" decoding=\"async\" src=\"http:\/\/pracownia52.pl\/www\/wp-content\/uploads\/2010\/06\/jurek-piotrowski-porter-198__-1.jpg\" alt=\"\" title=\"jurek-piotrowski-porter-198__-1\" width=\"800\" height=\"530\" class=\"alignnone size-full wp-image-1232\" srcset=\"https:\/\/pracownia52.pl\/www\/wp-content\/uploads\/2010\/06\/jurek-piotrowski-porter-198__-1.jpg?v=1627124279 800w, https:\/\/pracownia52.pl\/www\/wp-content\/uploads\/2010\/06\/jurek-piotrowski-porter-198__-1-300x199.jpg?v=1627124279 300w, https:\/\/pracownia52.pl\/www\/wp-content\/uploads\/2010\/06\/jurek-piotrowski-porter-198__-1-768x509.jpg?v=1627124279 768w\" sizes=\"auto, (max-width: 767px) 89vw, (max-width: 1000px) 54vw, (max-width: 1071px) 543px, 580px\" \/><\/p>\n","protected":false},"excerpt":{"rendered":"<p>wiele zdj\u0119\u0107, z r\u00f3\u017cnych sk\u0142ad\u00f3w. mr m.<\/p>\n","protected":false},"author":1,"featured_media":0,"parent":0,"menu_order":0,"comment_status":"closed","ping_status":"open","template":"","meta":{"footnotes":""},"class_list":["post-1231","page","type-page","status-publish","hentry"],"_links":{"self":[{"href":"https:\/\/pracownia52.pl\/www\/index.php?rest_route=\/wp\/v2\/pages\/1231","targetHints":{"allow":["GET"]}}],"collection":[{"href":"https:\/\/pracownia52.pl\/www\/index.php?rest_route=\/wp\/v2\/pages"}],"about":[{"href":"https:\/\/pracownia52.pl\/www\/index.php?rest_route=\/wp\/v2\/types\/page"}],"author":[{"embeddable":true,"href":"https:\/\/pracownia52.pl\/www\/index.php?rest_route=\/wp\/v2\/users\/1"}],"replies":[{"embeddable":true,"href":"https:\/\/pracownia52.pl\/www\/index.php?rest_route=%2Fwp%2Fv2%2Fcomments&post=1231"}],"version-history":[{"count":4,"href":"https:\/\/pracownia52.pl\/www\/index.php?rest_route=\/wp\/v2\/pages\/1231\/revisions"}],"predecessor-version":[{"id":6367,"href":"https:\/\/pracownia52.pl\/www\/index.php?rest_route=\/wp\/v2\/pages\/1231\/revisions\/6367"}],"wp:attachment":[{"href":"https:\/\/pracownia52.pl\/www\/index.php?rest_route=%2Fwp%2Fv2%2Fmedia&parent=1231"}],"curies":[{"name":"wp","href":"https:\/\/api.w.org\/{rel}","templated":true}]}}