{"id":1248,"date":"2010-06-13T13:41:33","date_gmt":"2010-06-13T13:41:33","guid":{"rendered":"http:\/\/pracownia52.pl\/www\/?page_id=1248"},"modified":"2019-02-05T12:18:06","modified_gmt":"2019-02-05T12:18:06","slug":"joy-band-i-monika-adamowska","status":"publish","type":"page","link":"https:\/\/pracownia52.pl\/www\/?page_id=1248","title":{"rendered":"Joy Band i Monika Adamowska"},"content":{"rendered":"\n<p>Sporo zdj\u0119\u0107. w tym te\u017c: m\u00f3j singiel dla Tonpressu (repr. niestety z sieci \u2013 nie mam orygina\u0142u nawet). Dziewczyna mia\u0142a talent, wygl\u0105d, chyba te\u017c osobowo\u015b\u0107 \u2013 ale zrezygnowa\u0142a. (Mo\u017ce i lepiej dla niej, krajowe \u015bpiewanie straci\u0142o jednak.)<br \/>mr m.<\/p>\n\n\n\n<ul class=\"wp-block-gallery columns-3 is-cropped wp-block-gallery-1 is-layout-flex wp-block-gallery-is-layout-flex\"><li class=\"blocks-gallery-item\"><figure><a href=\"https:\/\/pracownia52.pl\/www\/wp-content\/uploads\/2010\/06\/monika-adamowska-1986-001-0.jpg\"><img loading=\"lazy\" decoding=\"async\" width=\"897\" height=\"600\" src=\"https:\/\/pracownia52.pl\/www\/wp-content\/uploads\/2010\/06\/monika-adamowska-1986-001-0.jpg\" alt=\"\" data-id=\"3566\" data-link=\"https:\/\/pracownia52.pl\/www\/?attachment_id=3566\" class=\"wp-image-3566\" srcset=\"https:\/\/pracownia52.pl\/www\/wp-content\/uploads\/2010\/06\/monika-adamowska-1986-001-0.jpg?v=1627124106 897w, https:\/\/pracownia52.pl\/www\/wp-content\/uploads\/2010\/06\/monika-adamowska-1986-001-0-300x201.jpg?v=1627124106 300w, https:\/\/pracownia52.pl\/www\/wp-content\/uploads\/2010\/06\/monika-adamowska-1986-001-0-768x514.jpg?v=1627124106 768w\" sizes=\"auto, (max-width: 767px) 89vw, (max-width: 1000px) 54vw, (max-width: 1071px) 543px, 580px\" \/><\/a><\/figure><\/li><li class=\"blocks-gallery-item\"><figure><a href=\"https:\/\/pracownia52.pl\/www\/wp-content\/uploads\/2010\/06\/joyband1986rawa0110smodmn.jpg\"><img loading=\"lazy\" decoding=\"async\" width=\"910\" height=\"600\" src=\"https:\/\/pracownia52.pl\/www\/wp-content\/uploads\/2010\/06\/joyband1986rawa0110smodmn.jpg\" alt=\"\" data-id=\"1249\" data-link=\"https:\/\/pracownia52.pl\/www\/?attachment_id=1249\" class=\"wp-image-1249\" srcset=\"https:\/\/pracownia52.pl\/www\/wp-content\/uploads\/2010\/06\/joyband1986rawa0110smodmn.jpg?v=1627124278 910w, https:\/\/pracownia52.pl\/www\/wp-content\/uploads\/2010\/06\/joyband1986rawa0110smodmn-300x198.jpg?v=1627124278 300w, https:\/\/pracownia52.pl\/www\/wp-content\/uploads\/2010\/06\/joyband1986rawa0110smodmn-768x506.jpg?v=1627124278 768w\" sizes=\"auto, (max-width: 767px) 89vw, (max-width: 1000px) 54vw, (max-width: 1071px) 543px, 580px\" \/><\/a><\/figure><\/li><li class=\"blocks-gallery-item\"><figure><a href=\"https:\/\/pracownia52.pl\/www\/wp-content\/uploads\/2010\/06\/SP-monika-adamowska-joy-band-A.jpg\"><img loading=\"lazy\" decoding=\"async\" width=\"398\" height=\"400\" src=\"https:\/\/pracownia52.pl\/www\/wp-content\/uploads\/2010\/06\/SP-monika-adamowska-joy-band-A.jpg\" alt=\"\" data-id=\"1251\" data-link=\"https:\/\/pracownia52.pl\/www\/?attachment_id=1251\" class=\"wp-image-1251\" srcset=\"https:\/\/pracownia52.pl\/www\/wp-content\/uploads\/2010\/06\/SP-monika-adamowska-joy-band-A.jpg?v=1733905154 398w, https:\/\/pracownia52.pl\/www\/wp-content\/uploads\/2010\/06\/SP-monika-adamowska-joy-band-A-150x150.jpg?v=1733905154 150w, https:\/\/pracownia52.pl\/www\/wp-content\/uploads\/2010\/06\/SP-monika-adamowska-joy-band-A-75x75.jpg?v=1733905154 75w\" sizes=\"auto, (max-width: 398px) 100vw, 398px\" \/><\/a><\/figure><\/li><li class=\"blocks-gallery-item\"><figure><a href=\"https:\/\/pracownia52.pl\/www\/wp-content\/uploads\/2010\/06\/monika-adamowska-198600202m.jpg\"><img loading=\"lazy\" decoding=\"async\" width=\"893\" height=\"600\" src=\"https:\/\/pracownia52.pl\/www\/wp-content\/uploads\/2010\/06\/monika-adamowska-198600202m.jpg\" alt=\"\" data-id=\"3567\" data-link=\"https:\/\/pracownia52.pl\/www\/?attachment_id=3567\" class=\"wp-image-3567\" srcset=\"https:\/\/pracownia52.pl\/www\/wp-content\/uploads\/2010\/06\/monika-adamowska-198600202m.jpg?v=1627124105 893w, https:\/\/pracownia52.pl\/www\/wp-content\/uploads\/2010\/06\/monika-adamowska-198600202m-300x202.jpg?v=1627124105 300w, https:\/\/pracownia52.pl\/www\/wp-content\/uploads\/2010\/06\/monika-adamowska-198600202m-768x516.jpg?v=1627124105 768w\" sizes=\"auto, (max-width: 767px) 89vw, (max-width: 1000px) 54vw, (max-width: 1071px) 543px, 580px\" \/><\/a><\/figure><\/li><li class=\"blocks-gallery-item\"><figure><a href=\"https:\/\/pracownia52.pl\/www\/wp-content\/uploads\/2010\/06\/SP-monika-adamowska-joy-band-B.jpg\"><img loading=\"lazy\" decoding=\"async\" width=\"399\" height=\"400\" src=\"https:\/\/pracownia52.pl\/www\/wp-content\/uploads\/2010\/06\/SP-monika-adamowska-joy-band-B.jpg\" alt=\"\" data-id=\"1252\" data-link=\"https:\/\/pracownia52.pl\/www\/?attachment_id=1252\" class=\"wp-image-1252\" srcset=\"https:\/\/pracownia52.pl\/www\/wp-content\/uploads\/2010\/06\/SP-monika-adamowska-joy-band-B.jpg?v=1733905172 399w, https:\/\/pracownia52.pl\/www\/wp-content\/uploads\/2010\/06\/SP-monika-adamowska-joy-band-B-300x300.jpg?v=1733905172 300w, https:\/\/pracownia52.pl\/www\/wp-content\/uploads\/2010\/06\/SP-monika-adamowska-joy-band-B-150x150.jpg?v=1733905172 150w, https:\/\/pracownia52.pl\/www\/wp-content\/uploads\/2010\/06\/SP-monika-adamowska-joy-band-B-75x75.jpg?v=1733905172 75w\" sizes=\"auto, (max-width: 399px) 100vw, 399px\" \/><\/a><\/figure><\/li><\/ul>\n","protected":false},"excerpt":{"rendered":"<p>Sporo zdj\u0119\u0107. w tym te\u017c: m\u00f3j singiel dla Tonpressu (repr. niestety z sieci \u2013 nie mam orygina\u0142u nawet). Dziewczyna mia\u0142a talent, wygl\u0105d, chyba te\u017c osobowo\u015b\u0107 \u2013 ale zrezygnowa\u0142a. (Mo\u017ce i lepiej dla niej, krajowe \u015bpiewanie straci\u0142o jednak.)mr m.<\/p>\n","protected":false},"author":1,"featured_media":22,"parent":0,"menu_order":0,"comment_status":"closed","ping_status":"open","template":"","meta":{"footnotes":""},"class_list":["post-1248","page","type-page","status-publish","has-post-thumbnail","hentry"],"_links":{"self":[{"href":"https:\/\/pracownia52.pl\/www\/index.php?rest_route=\/wp\/v2\/pages\/1248","targetHints":{"allow":["GET"]}}],"collection":[{"href":"https:\/\/pracownia52.pl\/www\/index.php?rest_route=\/wp\/v2\/pages"}],"about":[{"href":"https:\/\/pracownia52.pl\/www\/index.php?rest_route=\/wp\/v2\/types\/page"}],"author":[{"embeddable":true,"href":"https:\/\/pracownia52.pl\/www\/index.php?rest_route=\/wp\/v2\/users\/1"}],"replies":[{"embeddable":true,"href":"https:\/\/pracownia52.pl\/www\/index.php?rest_route=%2Fwp%2Fv2%2Fcomments&post=1248"}],"version-history":[{"count":10,"href":"https:\/\/pracownia52.pl\/www\/index.php?rest_route=\/wp\/v2\/pages\/1248\/revisions"}],"predecessor-version":[{"id":8960,"href":"https:\/\/pracownia52.pl\/www\/index.php?rest_route=\/wp\/v2\/pages\/1248\/revisions\/8960"}],"wp:featuredmedia":[{"embeddable":true,"href":"https:\/\/pracownia52.pl\/www\/index.php?rest_route=\/wp\/v2\/media\/22"}],"wp:attachment":[{"href":"https:\/\/pracownia52.pl\/www\/index.php?rest_route=%2Fwp%2Fv2%2Fmedia&parent=1248"}],"curies":[{"name":"wp","href":"https:\/\/api.w.org\/{rel}","templated":true}]}}