{"id":1256,"date":"2010-06-13T13:47:03","date_gmt":"2010-06-13T13:47:03","guid":{"rendered":"http:\/\/pracownia52.pl\/www\/?page_id=1256"},"modified":"2021-07-26T16:32:06","modified_gmt":"2021-07-26T16:32:06","slug":"maanam-i-kora","status":"publish","type":"page","link":"https:\/\/pracownia52.pl\/www\/?page_id=1256","title":{"rendered":"Maanam i Kora"},"content":{"rendered":"\n<figure class=\"wp-block-gallery columns-1 is-cropped wp-block-gallery-1 is-layout-flex wp-block-gallery-is-layout-flex\"><ul class=\"blocks-gallery-grid\"><li class=\"blocks-gallery-item\"><figure><img loading=\"lazy\" decoding=\"async\" width=\"640\" height=\"76\" src=\"https:\/\/pracownia52.pl\/www\/wp-content\/uploads\/2018\/07\/luban-konc-1980-Kora-009-pasek.jpg\" alt=\"\" data-id=\"7716\" class=\"wp-image-7716\" srcset=\"https:\/\/pracownia52.pl\/www\/wp-content\/uploads\/2018\/07\/luban-konc-1980-Kora-009-pasek.jpg?v=1627123700 640w, https:\/\/pracownia52.pl\/www\/wp-content\/uploads\/2018\/07\/luban-konc-1980-Kora-009-pasek-300x36.jpg?v=1627123700 300w\" sizes=\"auto, (max-width: 640px) 100vw, 640px\" \/><\/figure><\/li><\/ul><\/figure>\n\n\n\n<p><br \/>I nawet z 1980 r. (\u201e<a href=\"https:\/\/pracownia52.pl\/www\/?page_id=6131\"><strong>Muzyczny Camping Luba\u0144<\/strong><\/a>&#8222;). Jakie\u015b z TVP, z pocz. lat 80\u2026 Sporo, ale w sumie do\u015b\u0107 przypadkowe: <a href=\"http:\/\/ooops.pl\/?p=34599\"><strong>nie by\u0142o<\/strong><\/a> nam po drodze. <br \/>mr m.<\/p>\n\n\n\n<figure class=\"wp-block-gallery columns-3 is-cropped wp-block-gallery-2 is-layout-flex wp-block-gallery-is-layout-flex\"><ul class=\"blocks-gallery-grid\"><li class=\"blocks-gallery-item\"><figure><img loading=\"lazy\" decoding=\"async\" width=\"596\" height=\"900\" src=\"https:\/\/pracownia52.pl\/www\/wp-content\/uploads\/2010\/06\/luban1980kora-011bbmnmod.jpg\" alt=\"\" data-id=\"1260\" data-link=\"https:\/\/pracownia52.pl\/www\/?attachment_id=1260\" class=\"wp-image-1260\" srcset=\"https:\/\/pracownia52.pl\/www\/wp-content\/uploads\/2010\/06\/luban1980kora-011bbmnmod.jpg?v=1627124277 596w, https:\/\/pracownia52.pl\/www\/wp-content\/uploads\/2010\/06\/luban1980kora-011bbmnmod-199x300.jpg?v=1627124277 199w\" sizes=\"auto, (max-width: 596px) 100vw, 596px\" \/><\/figure><\/li><li class=\"blocks-gallery-item\"><figure><img loading=\"lazy\" decoding=\"async\" width=\"601\" height=\"900\" src=\"https:\/\/pracownia52.pl\/www\/wp-content\/uploads\/2010\/06\/luban1980kora005b3modmn.jpg\" alt=\"\" data-id=\"1261\" data-link=\"https:\/\/pracownia52.pl\/www\/?attachment_id=1261\" class=\"wp-image-1261\" srcset=\"https:\/\/pracownia52.pl\/www\/wp-content\/uploads\/2010\/06\/luban1980kora005b3modmn.jpg?v=1627124277 601w, https:\/\/pracownia52.pl\/www\/wp-content\/uploads\/2010\/06\/luban1980kora005b3modmn-200x300.jpg?v=1627124277 200w\" sizes=\"auto, (max-width: 601px) 100vw, 601px\" \/><\/figure><\/li><li class=\"blocks-gallery-item\"><figure><img loading=\"lazy\" decoding=\"async\" width=\"534\" height=\"800\" src=\"https:\/\/pracownia52.pl\/www\/wp-content\/uploads\/2010\/06\/kora-buffo-kolor-3.jpg\" alt=\"\" data-id=\"1257\" data-link=\"https:\/\/pracownia52.pl\/www\/?attachment_id=1257\" class=\"wp-image-1257\" srcset=\"https:\/\/pracownia52.pl\/www\/wp-content\/uploads\/2010\/06\/kora-buffo-kolor-3.jpg?v=1627124278 534w, https:\/\/pracownia52.pl\/www\/wp-content\/uploads\/2010\/06\/kora-buffo-kolor-3-200x300.jpg?v=1627124278 200w\" sizes=\"auto, (max-width: 534px) 100vw, 534px\" \/><\/figure><\/li><li class=\"blocks-gallery-item\"><figure><img loading=\"lazy\" decoding=\"async\" width=\"800\" height=\"514\" src=\"https:\/\/pracownia52.pl\/www\/wp-content\/uploads\/2010\/06\/maanam-1980-r-wzmacniane-6.jpg\" alt=\"\" data-id=\"1263\" data-link=\"https:\/\/pracownia52.pl\/www\/?attachment_id=1263\" class=\"wp-image-1263\" srcset=\"https:\/\/pracownia52.pl\/www\/wp-content\/uploads\/2010\/06\/maanam-1980-r-wzmacniane-6.jpg?v=1627124277 800w, https:\/\/pracownia52.pl\/www\/wp-content\/uploads\/2010\/06\/maanam-1980-r-wzmacniane-6-300x193.jpg?v=1627124277 300w, https:\/\/pracownia52.pl\/www\/wp-content\/uploads\/2010\/06\/maanam-1980-r-wzmacniane-6-768x493.jpg?v=1627124277 768w\" sizes=\"auto, (max-width: 767px) 89vw, (max-width: 1000px) 54vw, (max-width: 1071px) 543px, 580px\" \/><\/figure><\/li><li class=\"blocks-gallery-item\"><figure><img loading=\"lazy\" decoding=\"async\" width=\"800\" height=\"542\" src=\"https:\/\/pracownia52.pl\/www\/wp-content\/uploads\/2010\/06\/maanam-tvp-kolor-1.jpg\" alt=\"\" data-id=\"1262\" data-link=\"https:\/\/pracownia52.pl\/www\/?attachment_id=1262\" class=\"wp-image-1262\" srcset=\"https:\/\/pracownia52.pl\/www\/wp-content\/uploads\/2010\/06\/maanam-tvp-kolor-1.jpg?v=1627124277 800w, https:\/\/pracownia52.pl\/www\/wp-content\/uploads\/2010\/06\/maanam-tvp-kolor-1-300x203.jpg?v=1627124277 300w, https:\/\/pracownia52.pl\/www\/wp-content\/uploads\/2010\/06\/maanam-tvp-kolor-1-768x520.jpg?v=1627124277 768w\" sizes=\"auto, (max-width: 767px) 89vw, (max-width: 1000px) 54vw, (max-width: 1071px) 543px, 580px\" \/><\/figure><\/li><li class=\"blocks-gallery-item\"><figure><img loading=\"lazy\" decoding=\"async\" width=\"800\" height=\"537\" src=\"https:\/\/pracownia52.pl\/www\/wp-content\/uploads\/2018\/07\/maanam-boz-walter-tvp-1.jpg\" alt=\"\" data-id=\"7712\" data-link=\"https:\/\/pracownia52.pl\/www\/?attachment_id=7712\" class=\"wp-image-7712\" srcset=\"https:\/\/pracownia52.pl\/www\/wp-content\/uploads\/2018\/07\/maanam-boz-walter-tvp-1.jpg?v=1627123700 800w, https:\/\/pracownia52.pl\/www\/wp-content\/uploads\/2018\/07\/maanam-boz-walter-tvp-1-300x201.jpg?v=1627123700 300w, https:\/\/pracownia52.pl\/www\/wp-content\/uploads\/2018\/07\/maanam-boz-walter-tvp-1-768x516.jpg?v=1627123700 768w\" sizes=\"auto, (max-width: 767px) 89vw, (max-width: 1000px) 54vw, (max-width: 1071px) 543px, 580px\" \/><\/figure><\/li><\/ul><\/figure>\n\n\n\n<figure class=\"wp-block-gallery columns-1 is-cropped wp-block-gallery-3 is-layout-flex wp-block-gallery-is-layout-flex\"><ul class=\"blocks-gallery-grid\"><li class=\"blocks-gallery-item\"><figure><img loading=\"lazy\" decoding=\"async\" width=\"1024\" height=\"668\" src=\"https:\/\/pracownia52.pl\/www\/wp-content\/uploads\/2021\/07\/1979-fot-mr-makowski-Maanam-brak-paska-06-mniejsze-156-1024x668.jpg\" alt=\"\" data-id=\"9918\" data-full-url=\"https:\/\/pracownia52.pl\/www\/wp-content\/uploads\/2021\/07\/1979-fot-mr-makowski-Maanam-brak-paska-06-mniejsze-156.jpg\" data-link=\"https:\/\/pracownia52.pl\/www\/?attachment_id=9918\" class=\"wp-image-9918\" srcset=\"https:\/\/pracownia52.pl\/www\/wp-content\/uploads\/2021\/07\/1979-fot-mr-makowski-Maanam-brak-paska-06-mniejsze-156-1024x668.jpg?v=1627315425 1024w, https:\/\/pracownia52.pl\/www\/wp-content\/uploads\/2021\/07\/1979-fot-mr-makowski-Maanam-brak-paska-06-mniejsze-156-300x196.jpg?v=1627315425 300w, https:\/\/pracownia52.pl\/www\/wp-content\/uploads\/2021\/07\/1979-fot-mr-makowski-Maanam-brak-paska-06-mniejsze-156-768x501.jpg?v=1627315425 768w, https:\/\/pracownia52.pl\/www\/wp-content\/uploads\/2021\/07\/1979-fot-mr-makowski-Maanam-brak-paska-06-mniejsze-156.jpg?v=1627315425 1200w\" sizes=\"auto, (max-width: 767px) 89vw, (max-width: 1000px) 54vw, (max-width: 1071px) 543px, 580px\" \/><figcaption class=\"blocks-gallery-item__caption\">\u2026i w wersji radykalno punkowej, mo\u017ce to jeszcze 1979 rok (?).<\/figcaption><\/figure><\/li><\/ul><\/figure>\n","protected":false},"excerpt":{"rendered":"<p>I nawet z 1980 r. (\u201eMuzyczny Camping Luba\u0144&#8222;). Jakie\u015b z TVP, z pocz. lat 80\u2026 Sporo, ale w sumie do\u015b\u0107 przypadkowe: nie by\u0142o nam po drodze. mr m.<\/p>\n","protected":false},"author":1,"featured_media":7714,"parent":0,"menu_order":0,"comment_status":"closed","ping_status":"open","template":"","meta":{"footnotes":""},"class_list":["post-1256","page","type-page","status-publish","has-post-thumbnail","hentry"],"_links":{"self":[{"href":"https:\/\/pracownia52.pl\/www\/index.php?rest_route=\/wp\/v2\/pages\/1256","targetHints":{"allow":["GET"]}}],"collection":[{"href":"https:\/\/pracownia52.pl\/www\/index.php?rest_route=\/wp\/v2\/pages"}],"about":[{"href":"https:\/\/pracownia52.pl\/www\/index.php?rest_route=\/wp\/v2\/types\/page"}],"author":[{"embeddable":true,"href":"https:\/\/pracownia52.pl\/www\/index.php?rest_route=\/wp\/v2\/users\/1"}],"replies":[{"embeddable":true,"href":"https:\/\/pracownia52.pl\/www\/index.php?rest_route=%2Fwp%2Fv2%2Fcomments&post=1256"}],"version-history":[{"count":19,"href":"https:\/\/pracownia52.pl\/www\/index.php?rest_route=\/wp\/v2\/pages\/1256\/revisions"}],"predecessor-version":[{"id":9924,"href":"https:\/\/pracownia52.pl\/www\/index.php?rest_route=\/wp\/v2\/pages\/1256\/revisions\/9924"}],"wp:featuredmedia":[{"embeddable":true,"href":"https:\/\/pracownia52.pl\/www\/index.php?rest_route=\/wp\/v2\/media\/7714"}],"wp:attachment":[{"href":"https:\/\/pracownia52.pl\/www\/index.php?rest_route=%2Fwp%2Fv2%2Fmedia&parent=1256"}],"curies":[{"name":"wp","href":"https:\/\/api.w.org\/{rel}","templated":true}]}}