{"id":1281,"date":"2010-06-14T06:48:07","date_gmt":"2010-06-14T06:48:07","guid":{"rendered":"http:\/\/pracownia52.pl\/www\/?page_id=1281"},"modified":"2010-06-14T06:48:07","modified_gmt":"2010-06-14T06:48:07","slug":"wojciech-gassowski-i-malgorzata-potocka","status":"publish","type":"page","link":"https:\/\/pracownia52.pl\/www\/?page_id=1281","title":{"rendered":"Wojciech G\u0105ssowski i Ma\u0142gorzata Potocka"},"content":{"rendered":"<p>z gazetami, w kt\u00f3rych opisano porwanie \u201e<a href=\"http:\/\/pl.wikipedia.org\/wiki\/MS_Achille_Lauro\">Achille Lauro<\/a>\u201d, gdzie grali (i ta\u0144czyli).<br \/>\n[mrm]<br \/>\n<img loading=\"lazy\" decoding=\"async\" src=\"http:\/\/pracownia52.pl\/www\/wp-content\/uploads\/2010\/06\/1985-wojc-gasowski-malg-potocka-al-low-g19.jpg\" alt=\"\" title=\"1985-wojc-gasowski-malg-potocka-al-low-g19\" width=\"523\" height=\"800\" class=\"alignnone size-full wp-image-1282\" srcset=\"https:\/\/pracownia52.pl\/www\/wp-content\/uploads\/2010\/06\/1985-wojc-gasowski-malg-potocka-al-low-g19.jpg?v=1627124276 523w, https:\/\/pracownia52.pl\/www\/wp-content\/uploads\/2010\/06\/1985-wojc-gasowski-malg-potocka-al-low-g19-196x300.jpg?v=1627124276 196w\" sizes=\"auto, (max-width: 523px) 100vw, 523px\" \/><\/p>\n","protected":false},"excerpt":{"rendered":"<p>z gazetami, w kt\u00f3rych opisano porwanie \u201eAchille Lauro\u201d, gdzie grali (i ta\u0144czyli). [mrm]<\/p>\n","protected":false},"author":1,"featured_media":0,"parent":0,"menu_order":0,"comment_status":"closed","ping_status":"open","template":"","meta":{"footnotes":""},"class_list":["post-1281","page","type-page","status-publish","hentry"],"_links":{"self":[{"href":"https:\/\/pracownia52.pl\/www\/index.php?rest_route=\/wp\/v2\/pages\/1281","targetHints":{"allow":["GET"]}}],"collection":[{"href":"https:\/\/pracownia52.pl\/www\/index.php?rest_route=\/wp\/v2\/pages"}],"about":[{"href":"https:\/\/pracownia52.pl\/www\/index.php?rest_route=\/wp\/v2\/types\/page"}],"author":[{"embeddable":true,"href":"https:\/\/pracownia52.pl\/www\/index.php?rest_route=\/wp\/v2\/users\/1"}],"replies":[{"embeddable":true,"href":"https:\/\/pracownia52.pl\/www\/index.php?rest_route=%2Fwp%2Fv2%2Fcomments&post=1281"}],"version-history":[{"count":3,"href":"https:\/\/pracownia52.pl\/www\/index.php?rest_route=\/wp\/v2\/pages\/1281\/revisions"}],"predecessor-version":[{"id":1285,"href":"https:\/\/pracownia52.pl\/www\/index.php?rest_route=\/wp\/v2\/pages\/1281\/revisions\/1285"}],"wp:attachment":[{"href":"https:\/\/pracownia52.pl\/www\/index.php?rest_route=%2Fwp%2Fv2%2Fmedia&parent=1281"}],"curies":[{"name":"wp","href":"https:\/\/api.w.org\/{rel}","templated":true}]}}