{"id":1291,"date":"2010-06-14T06:53:41","date_gmt":"2010-06-14T06:53:41","guid":{"rendered":"http:\/\/pracownia52.pl\/www\/?page_id=1291"},"modified":"2019-05-21T15:48:22","modified_gmt":"2019-05-21T15:48:22","slug":"wanda-i-banda","status":"publish","type":"page","link":"https:\/\/pracownia52.pl\/www\/?page_id=1291","title":{"rendered":"Wanda i Banda"},"content":{"rendered":"\n<p>Wanda Kwietniewska \u2013 osoba urocza. A zdj\u0119cia: na mo\u015bcie Poniatowskiego, w nocy (ten kolor), \u017cadnego oszukiwania w photoshopie\u2026 I nieco innych, kiedy\u015b dodam.<br \/> mr m.<\/p>\n\n\n\n<ul class=\"wp-block-gallery columns-3 is-cropped wp-block-gallery-1 is-layout-flex wp-block-gallery-is-layout-flex\"><li class=\"blocks-gallery-item\"><figure><a href=\"https:\/\/pracownia52.pl\/www\/wp-content\/uploads\/2018\/11\/1887-Wanda-Kwietn-806-fot-mr-makowski.jpg\"><img loading=\"lazy\" decoding=\"async\" width=\"1200\" height=\"806\" src=\"https:\/\/pracownia52.pl\/www\/wp-content\/uploads\/2018\/11\/1887-Wanda-Kwietn-806-fot-mr-makowski.jpg\" alt=\"\" data-id=\"7943\" class=\"wp-image-7943\" srcset=\"https:\/\/pracownia52.pl\/www\/wp-content\/uploads\/2018\/11\/1887-Wanda-Kwietn-806-fot-mr-makowski.jpg?v=1627123681 1200w, https:\/\/pracownia52.pl\/www\/wp-content\/uploads\/2018\/11\/1887-Wanda-Kwietn-806-fot-mr-makowski-300x202.jpg?v=1627123681 300w, https:\/\/pracownia52.pl\/www\/wp-content\/uploads\/2018\/11\/1887-Wanda-Kwietn-806-fot-mr-makowski-1024x688.jpg?v=1627123681 1024w, https:\/\/pracownia52.pl\/www\/wp-content\/uploads\/2018\/11\/1887-Wanda-Kwietn-806-fot-mr-makowski-768x516.jpg?v=1627123681 768w\" sizes=\"auto, (max-width: 767px) 89vw, (max-width: 1000px) 54vw, (max-width: 1071px) 543px, 580px\" \/><\/a><\/figure><\/li><li class=\"blocks-gallery-item\"><figure><a href=\"https:\/\/pracownia52.pl\/www\/wp-content\/uploads\/2018\/11\/04-1887-Wanda-Kwietn-806-fot-mr-makowski.jpg\"><img loading=\"lazy\" decoding=\"async\" width=\"1200\" height=\"794\" src=\"https:\/\/pracownia52.pl\/www\/wp-content\/uploads\/2018\/11\/04-1887-Wanda-Kwietn-806-fot-mr-makowski.jpg\" alt=\"\" data-id=\"7946\" class=\"wp-image-7946\" srcset=\"https:\/\/pracownia52.pl\/www\/wp-content\/uploads\/2018\/11\/04-1887-Wanda-Kwietn-806-fot-mr-makowski.jpg?v=1627123681 1200w, https:\/\/pracownia52.pl\/www\/wp-content\/uploads\/2018\/11\/04-1887-Wanda-Kwietn-806-fot-mr-makowski-300x199.jpg?v=1627123681 300w, https:\/\/pracownia52.pl\/www\/wp-content\/uploads\/2018\/11\/04-1887-Wanda-Kwietn-806-fot-mr-makowski-1024x678.jpg?v=1627123681 1024w, https:\/\/pracownia52.pl\/www\/wp-content\/uploads\/2018\/11\/04-1887-Wanda-Kwietn-806-fot-mr-makowski-768x508.jpg?v=1627123681 768w\" sizes=\"auto, (max-width: 767px) 89vw, (max-width: 1000px) 54vw, (max-width: 1071px) 543px, 580px\" \/><\/a><\/figure><\/li><li class=\"blocks-gallery-item\"><figure><a href=\"https:\/\/pracownia52.pl\/www\/wp-content\/uploads\/2018\/10\/01-1987-Wanda-Kwietniewska-518-fot-mr-makowski.jpg\"><img loading=\"lazy\" decoding=\"async\" width=\"1200\" height=\"802\" src=\"https:\/\/pracownia52.pl\/www\/wp-content\/uploads\/2018\/10\/01-1987-Wanda-Kwietniewska-518-fot-mr-makowski.jpg\" alt=\"\" data-id=\"7869\" class=\"wp-image-7869\" srcset=\"https:\/\/pracownia52.pl\/www\/wp-content\/uploads\/2018\/10\/01-1987-Wanda-Kwietniewska-518-fot-mr-makowski.jpg?v=1627123689 1200w, https:\/\/pracownia52.pl\/www\/wp-content\/uploads\/2018\/10\/01-1987-Wanda-Kwietniewska-518-fot-mr-makowski-300x201.jpg?v=1627123689 300w, https:\/\/pracownia52.pl\/www\/wp-content\/uploads\/2018\/10\/01-1987-Wanda-Kwietniewska-518-fot-mr-makowski-1024x684.jpg?v=1627123689 1024w, https:\/\/pracownia52.pl\/www\/wp-content\/uploads\/2018\/10\/01-1987-Wanda-Kwietniewska-518-fot-mr-makowski-768x513.jpg?v=1627123689 768w\" sizes=\"auto, (max-width: 767px) 89vw, (max-width: 1000px) 54vw, (max-width: 1071px) 543px, 580px\" \/><\/a><\/figure><\/li><li class=\"blocks-gallery-item\"><figure><a href=\"https:\/\/pracownia52.pl\/www\/wp-content\/uploads\/2010\/06\/banda-i-wanda-most-poniat-1987-low-oo1.jpg\"><img loading=\"lazy\" decoding=\"async\" width=\"800\" height=\"829\" src=\"https:\/\/pracownia52.pl\/www\/wp-content\/uploads\/2010\/06\/banda-i-wanda-most-poniat-1987-low-oo1.jpg\" alt=\"\" data-id=\"1292\" class=\"wp-image-1292\" srcset=\"https:\/\/pracownia52.pl\/www\/wp-content\/uploads\/2010\/06\/banda-i-wanda-most-poniat-1987-low-oo1.jpg?v=1627124276 800w, https:\/\/pracownia52.pl\/www\/wp-content\/uploads\/2010\/06\/banda-i-wanda-most-poniat-1987-low-oo1-290x300.jpg?v=1627124276 290w, https:\/\/pracownia52.pl\/www\/wp-content\/uploads\/2010\/06\/banda-i-wanda-most-poniat-1987-low-oo1-768x796.jpg?v=1627124276 768w\" sizes=\"auto, (max-width: 767px) 89vw, (max-width: 1000px) 54vw, (max-width: 1071px) 543px, 580px\" \/><\/a><\/figure><\/li><li class=\"blocks-gallery-item\"><figure><a href=\"https:\/\/pracownia52.pl\/www\/wp-content\/uploads\/2018\/10\/Wanda-okolice-1-Maja-1985-low.jpg\"><img loading=\"lazy\" decoding=\"async\" width=\"534\" height=\"800\" src=\"https:\/\/pracownia52.pl\/www\/wp-content\/uploads\/2018\/10\/Wanda-okolice-1-Maja-1985-low.jpg\" alt=\"\" data-id=\"7877\" class=\"wp-image-7877\" srcset=\"https:\/\/pracownia52.pl\/www\/wp-content\/uploads\/2018\/10\/Wanda-okolice-1-Maja-1985-low.jpg?v=1627123688 534w, https:\/\/pracownia52.pl\/www\/wp-content\/uploads\/2018\/10\/Wanda-okolice-1-Maja-1985-low-200x300.jpg?v=1627123688 200w\" sizes=\"auto, (max-width: 534px) 100vw, 534px\" \/><\/a><\/figure><\/li><\/ul>\n","protected":false},"excerpt":{"rendered":"<p>Wanda Kwietniewska \u2013 osoba urocza. A zdj\u0119cia: na mo\u015bcie Poniatowskiego, w nocy (ten kolor), \u017cadnego oszukiwania w photoshopie\u2026 I nieco innych, kiedy\u015b dodam. mr m.<\/p>\n","protected":false},"author":1,"featured_media":1292,"parent":0,"menu_order":0,"comment_status":"closed","ping_status":"open","template":"","meta":{"footnotes":""},"class_list":["post-1291","page","type-page","status-publish","has-post-thumbnail","hentry"],"_links":{"self":[{"href":"https:\/\/pracownia52.pl\/www\/index.php?rest_route=\/wp\/v2\/pages\/1291","targetHints":{"allow":["GET"]}}],"collection":[{"href":"https:\/\/pracownia52.pl\/www\/index.php?rest_route=\/wp\/v2\/pages"}],"about":[{"href":"https:\/\/pracownia52.pl\/www\/index.php?rest_route=\/wp\/v2\/types\/page"}],"author":[{"embeddable":true,"href":"https:\/\/pracownia52.pl\/www\/index.php?rest_route=\/wp\/v2\/users\/1"}],"replies":[{"embeddable":true,"href":"https:\/\/pracownia52.pl\/www\/index.php?rest_route=%2Fwp%2Fv2%2Fcomments&post=1291"}],"version-history":[{"count":10,"href":"https:\/\/pracownia52.pl\/www\/index.php?rest_route=\/wp\/v2\/pages\/1291\/revisions"}],"predecessor-version":[{"id":9420,"href":"https:\/\/pracownia52.pl\/www\/index.php?rest_route=\/wp\/v2\/pages\/1291\/revisions\/9420"}],"wp:featuredmedia":[{"embeddable":true,"href":"https:\/\/pracownia52.pl\/www\/index.php?rest_route=\/wp\/v2\/media\/1292"}],"wp:attachment":[{"href":"https:\/\/pracownia52.pl\/www\/index.php?rest_route=%2Fwp%2Fv2%2Fmedia&parent=1291"}],"curies":[{"name":"wp","href":"https:\/\/api.w.org\/{rel}","templated":true}]}}