{"id":1297,"date":"2010-06-14T06:59:04","date_gmt":"2010-06-14T06:59:04","guid":{"rendered":"http:\/\/pracownia52.pl\/www\/?page_id=1297"},"modified":"2018-08-27T09:26:56","modified_gmt":"2018-08-27T09:26:56","slug":"vox-grupa-wokalna","status":"publish","type":"page","link":"https:\/\/pracownia52.pl\/www\/?page_id=1297","title":{"rendered":"Vox (grupa wokalna)"},"content":{"rendered":"<p>Wifon ich wydawa\u0142 \u2013 i chcieli zdj\u0119\u0107, jaki\u015b plakat nawet. ale to nie by\u0142 m\u00f3j ulubiony rodzaj muzyki, cho\u0107 zawodowcy ;) tu: na parkingu hotelu Victoria (dzi\u015b Sofitel); z cudzym samochodem i w\u0142asnymi Z\u0142otymi P\u0142ytami.<br \/>\nmr m.<br \/>\n<img loading=\"lazy\" decoding=\"async\" src=\"http:\/\/pracownia52.pl\/www\/wp-content\/uploads\/2010\/06\/vox-rr-hotel-victoria-low-2.jpg\" alt=\"\" title=\"vox-rr-hotel-victoria-low-2\" width=\"800\" height=\"529\" class=\"alignnone size-full wp-image-1298\" srcset=\"https:\/\/pracownia52.pl\/www\/wp-content\/uploads\/2010\/06\/vox-rr-hotel-victoria-low-2.jpg?v=1627124275 800w, https:\/\/pracownia52.pl\/www\/wp-content\/uploads\/2010\/06\/vox-rr-hotel-victoria-low-2-300x198.jpg?v=1627124275 300w, https:\/\/pracownia52.pl\/www\/wp-content\/uploads\/2010\/06\/vox-rr-hotel-victoria-low-2-768x508.jpg?v=1627124275 768w\" sizes=\"auto, (max-width: 767px) 89vw, (max-width: 1000px) 54vw, (max-width: 1071px) 543px, 580px\" \/><\/p>\n","protected":false},"excerpt":{"rendered":"<p>Wifon ich wydawa\u0142 \u2013 i chcieli zdj\u0119\u0107, jaki\u015b plakat nawet. ale to nie by\u0142 m\u00f3j ulubiony rodzaj muzyki, cho\u0107 zawodowcy ;) tu: na parkingu hotelu Victoria (dzi\u015b Sofitel); z cudzym samochodem i w\u0142asnymi Z\u0142otymi P\u0142ytami. mr m.<\/p>\n","protected":false},"author":1,"featured_media":0,"parent":0,"menu_order":0,"comment_status":"closed","ping_status":"open","template":"","meta":{"footnotes":""},"class_list":["post-1297","page","type-page","status-publish","hentry"],"_links":{"self":[{"href":"https:\/\/pracownia52.pl\/www\/index.php?rest_route=\/wp\/v2\/pages\/1297","targetHints":{"allow":["GET"]}}],"collection":[{"href":"https:\/\/pracownia52.pl\/www\/index.php?rest_route=\/wp\/v2\/pages"}],"about":[{"href":"https:\/\/pracownia52.pl\/www\/index.php?rest_route=\/wp\/v2\/types\/page"}],"author":[{"embeddable":true,"href":"https:\/\/pracownia52.pl\/www\/index.php?rest_route=\/wp\/v2\/users\/1"}],"replies":[{"embeddable":true,"href":"https:\/\/pracownia52.pl\/www\/index.php?rest_route=%2Fwp%2Fv2%2Fcomments&post=1297"}],"version-history":[{"count":5,"href":"https:\/\/pracownia52.pl\/www\/index.php?rest_route=\/wp\/v2\/pages\/1297\/revisions"}],"predecessor-version":[{"id":7740,"href":"https:\/\/pracownia52.pl\/www\/index.php?rest_route=\/wp\/v2\/pages\/1297\/revisions\/7740"}],"wp:attachment":[{"href":"https:\/\/pracownia52.pl\/www\/index.php?rest_route=%2Fwp%2Fv2%2Fmedia&parent=1297"}],"curies":[{"name":"wp","href":"https:\/\/api.w.org\/{rel}","templated":true}]}}