{"id":1341,"date":"2010-06-14T07:28:57","date_gmt":"2010-06-14T07:28:57","guid":{"rendered":"http:\/\/pracownia52.pl\/www\/?page_id=1341"},"modified":"2010-06-14T07:28:57","modified_gmt":"2010-06-14T07:28:57","slug":"the-stranglers","status":"publish","type":"page","link":"https:\/\/pracownia52.pl\/www\/?page_id=1341","title":{"rendered":"the Stranglers"},"content":{"rendered":"<p>jeden koncert z playbacku w \u0141odzi (dla TVP 2), a te\u017c jakie\u015b p\u00f3\u0142-oficjalne zdj\u0119cia J. J. Burnella z \u201e<a href=\"http:\/\/pracownia52.pl\/www\/?page_id=568\">Poza kontrol\u0105 1986<\/a>&#8222;\u2026<br \/>\n[mrm]<br \/>\n<img loading=\"lazy\" decoding=\"async\" src=\"http:\/\/pracownia52.pl\/www\/wp-content\/uploads\/2010\/06\/burnell-lodz-88-mn.jpg\" alt=\"\" title=\"burnell-lodz-88-mn\" width=\"450\" height=\"667\" class=\"alignnone size-full wp-image-1348\" srcset=\"https:\/\/pracownia52.pl\/www\/wp-content\/uploads\/2010\/06\/burnell-lodz-88-mn.jpg?v=1627124271 450w, https:\/\/pracownia52.pl\/www\/wp-content\/uploads\/2010\/06\/burnell-lodz-88-mn-202x300.jpg?v=1627124271 202w\" sizes=\"auto, (max-width: 450px) 100vw, 450px\" \/><\/p>\n","protected":false},"excerpt":{"rendered":"<p>jeden koncert z playbacku w \u0141odzi (dla TVP 2), a te\u017c jakie\u015b p\u00f3\u0142-oficjalne zdj\u0119cia J. J. Burnella z \u201ePoza kontrol\u0105 1986&#8222;\u2026 [mrm]<\/p>\n","protected":false},"author":1,"featured_media":0,"parent":0,"menu_order":0,"comment_status":"closed","ping_status":"open","template":"","meta":{"footnotes":""},"class_list":["post-1341","page","type-page","status-publish","hentry"],"_links":{"self":[{"href":"https:\/\/pracownia52.pl\/www\/index.php?rest_route=\/wp\/v2\/pages\/1341","targetHints":{"allow":["GET"]}}],"collection":[{"href":"https:\/\/pracownia52.pl\/www\/index.php?rest_route=\/wp\/v2\/pages"}],"about":[{"href":"https:\/\/pracownia52.pl\/www\/index.php?rest_route=\/wp\/v2\/types\/page"}],"author":[{"embeddable":true,"href":"https:\/\/pracownia52.pl\/www\/index.php?rest_route=\/wp\/v2\/users\/1"}],"replies":[{"embeddable":true,"href":"https:\/\/pracownia52.pl\/www\/index.php?rest_route=%2Fwp%2Fv2%2Fcomments&post=1341"}],"version-history":[{"count":3,"href":"https:\/\/pracownia52.pl\/www\/index.php?rest_route=\/wp\/v2\/pages\/1341\/revisions"}],"predecessor-version":[{"id":1350,"href":"https:\/\/pracownia52.pl\/www\/index.php?rest_route=\/wp\/v2\/pages\/1341\/revisions\/1350"}],"wp:attachment":[{"href":"https:\/\/pracownia52.pl\/www\/index.php?rest_route=%2Fwp%2Fv2%2Fmedia&parent=1341"}],"curies":[{"name":"wp","href":"https:\/\/api.w.org\/{rel}","templated":true}]}}