{"id":1369,"date":"2010-06-14T07:48:38","date_gmt":"2010-06-14T07:48:38","guid":{"rendered":"http:\/\/pracownia52.pl\/www\/?page_id=1369"},"modified":"2019-02-25T12:23:59","modified_gmt":"2019-02-25T12:23:59","slug":"swans","status":"publish","type":"page","link":"https:\/\/pracownia52.pl\/www\/?page_id=1369","title":{"rendered":"Swans"},"content":{"rendered":"\n<ul class=\"wp-block-gallery columns-2 is-cropped wp-block-gallery-1 is-layout-flex wp-block-gallery-is-layout-flex\"><li class=\"blocks-gallery-item\"><figure><a href=\"https:\/\/pracownia52.pl\/www\/wp-content\/uploads\/2019\/02\/1987-Swans-remont-fot-mr-makowski-541-1024x722.jpg\"><img loading=\"lazy\" decoding=\"async\" width=\"1024\" height=\"722\" src=\"https:\/\/pracownia52.pl\/www\/wp-content\/uploads\/2019\/02\/1987-Swans-remont-fot-mr-makowski-541-1024x722.jpg\" alt=\"\" data-id=\"9152\" data-link=\"https:\/\/pracownia52.pl\/www\/?attachment_id=9152\" class=\"wp-image-9152\" srcset=\"https:\/\/pracownia52.pl\/www\/wp-content\/uploads\/2019\/02\/1987-Swans-remont-fot-mr-makowski-541-1024x722.jpg?v=1627123619 1024w, https:\/\/pracownia52.pl\/www\/wp-content\/uploads\/2019\/02\/1987-Swans-remont-fot-mr-makowski-541-300x212.jpg?v=1627123619 300w, https:\/\/pracownia52.pl\/www\/wp-content\/uploads\/2019\/02\/1987-Swans-remont-fot-mr-makowski-541-768x541.jpg?v=1627123619 768w, https:\/\/pracownia52.pl\/www\/wp-content\/uploads\/2019\/02\/1987-Swans-remont-fot-mr-makowski-541.jpg?v=1627123619 1200w\" sizes=\"auto, (max-width: 767px) 89vw, (max-width: 1000px) 54vw, (max-width: 1071px) 543px, 580px\" \/><\/a><\/figure><\/li><li class=\"blocks-gallery-item\"><figure><a href=\"https:\/\/pracownia52.pl\/www\/wp-content\/uploads\/2010\/06\/swans-remont-low-1.jpg\"><img loading=\"lazy\" decoding=\"async\" width=\"800\" height=\"520\" src=\"https:\/\/pracownia52.pl\/www\/wp-content\/uploads\/2010\/06\/swans-remont-low-1.jpg\" alt=\"\" data-id=\"1371\" data-link=\"https:\/\/pracownia52.pl\/www\/?attachment_id=1371\" class=\"wp-image-1371\" srcset=\"https:\/\/pracownia52.pl\/www\/wp-content\/uploads\/2010\/06\/swans-remont-low-1.jpg?v=1627124270 800w, https:\/\/pracownia52.pl\/www\/wp-content\/uploads\/2010\/06\/swans-remont-low-1-300x195.jpg?v=1627124270 300w, https:\/\/pracownia52.pl\/www\/wp-content\/uploads\/2010\/06\/swans-remont-low-1-768x499.jpg?v=1627124270 768w\" sizes=\"auto, (max-width: 767px) 89vw, (max-width: 1000px) 54vw, (max-width: 1071px) 543px, 580px\" \/><\/a><\/figure><\/li><\/ul>\n\n\n\n<figure class=\"wp-block-image\"><img loading=\"lazy\" decoding=\"async\" width=\"550\" height=\"611\" src=\"http:\/\/pracownia52.pl\/www\/wp-content\/uploads\/2010\/06\/normal_swans-mon-stop-1989-mn.jpg\" alt=\"\" class=\"wp-image-1373\" srcset=\"https:\/\/pracownia52.pl\/www\/wp-content\/uploads\/2010\/06\/normal_swans-mon-stop-1989-mn.jpg?v=1627124270 550w, https:\/\/pracownia52.pl\/www\/wp-content\/uploads\/2010\/06\/normal_swans-mon-stop-1989-mn-270x300.jpg?v=1627124270 270w\" sizes=\"auto, (max-width: 550px) 100vw, 550px\" \/><\/figure>\n\n\n\n<p>jeden koncert w Remoncie: znakomity! ale najlepsze zdj\u0119cie zachowa\u0142o si\u0119 tylko na wydruku z <a href=\"http:\/\/pracownia52.pl\/www\/?page_id=13\">Non Stop<\/a>u niestety\u2026<br \/>mr m.<br \/><br \/><\/p>\n","protected":false},"excerpt":{"rendered":"<p>jeden koncert w Remoncie: znakomity! ale najlepsze zdj\u0119cie zachowa\u0142o si\u0119 tylko na wydruku z Non Stopu niestety\u2026mr m.<\/p>\n","protected":false},"author":1,"featured_media":0,"parent":0,"menu_order":0,"comment_status":"closed","ping_status":"open","template":"","meta":{"footnotes":""},"class_list":["post-1369","page","type-page","status-publish","hentry"],"_links":{"self":[{"href":"https:\/\/pracownia52.pl\/www\/index.php?rest_route=\/wp\/v2\/pages\/1369","targetHints":{"allow":["GET"]}}],"collection":[{"href":"https:\/\/pracownia52.pl\/www\/index.php?rest_route=\/wp\/v2\/pages"}],"about":[{"href":"https:\/\/pracownia52.pl\/www\/index.php?rest_route=\/wp\/v2\/types\/page"}],"author":[{"embeddable":true,"href":"https:\/\/pracownia52.pl\/www\/index.php?rest_route=\/wp\/v2\/users\/1"}],"replies":[{"embeddable":true,"href":"https:\/\/pracownia52.pl\/www\/index.php?rest_route=%2Fwp%2Fv2%2Fcomments&post=1369"}],"version-history":[{"count":12,"href":"https:\/\/pracownia52.pl\/www\/index.php?rest_route=\/wp\/v2\/pages\/1369\/revisions"}],"predecessor-version":[{"id":9155,"href":"https:\/\/pracownia52.pl\/www\/index.php?rest_route=\/wp\/v2\/pages\/1369\/revisions\/9155"}],"wp:attachment":[{"href":"https:\/\/pracownia52.pl\/www\/index.php?rest_route=%2Fwp%2Fv2%2Fmedia&parent=1369"}],"curies":[{"name":"wp","href":"https:\/\/api.w.org\/{rel}","templated":true}]}}