{"id":1390,"date":"2010-06-14T08:02:27","date_gmt":"2010-06-14T08:02:27","guid":{"rendered":"http:\/\/pracownia52.pl\/www\/?page_id=1390"},"modified":"2018-12-24T14:26:38","modified_gmt":"2018-12-24T14:26:38","slug":"strajk-80-grupa","status":"publish","type":"page","link":"https:\/\/pracownia52.pl\/www\/?page_id=1390","title":{"rendered":"Strajk 80 (grupa)"},"content":{"rendered":"\n<figure class=\"wp-block-image\"><img loading=\"lazy\" decoding=\"async\" width=\"800\" height=\"535\" src=\"http:\/\/pracownia52.pl\/www\/wp-content\/uploads\/2010\/06\/strajk-80-JnO-1981-low-1.jpg\" alt=\"\" class=\"wp-image-1391\" srcset=\"https:\/\/pracownia52.pl\/www\/wp-content\/uploads\/2010\/06\/strajk-80-JnO-1981-low-1.jpg?v=1627124269 800w, https:\/\/pracownia52.pl\/www\/wp-content\/uploads\/2010\/06\/strajk-80-JnO-1981-low-1-300x201.jpg?v=1627124269 300w, https:\/\/pracownia52.pl\/www\/wp-content\/uploads\/2010\/06\/strajk-80-JnO-1981-low-1-768x514.jpg?v=1627124269 768w\" sizes=\"auto, (max-width: 767px) 89vw, (max-width: 1000px) 54vw, (max-width: 1071px) 543px, 580px\" \/><\/figure>\n\n\n\n<p>jakie\u015b zdj\u0119cia jeszcze z Hybryd, z wiosny 1981\u2026 (te dwa ni\u017cej\u2026 \u201eMuzyka pozosta\u0142a\u2026\u201d) p\u00f3\u017aniej na <a href=\"http:\/\/pracownia52.pl\/www\/?page_id=1236\">Jazz n. Odr\u0105<\/a>. niez\u0142y czad.<br \/>\u201eZefir\u201d p\u00f3\u017cniej przez chwil\u0119 w <a href=\"https:\/\/pracownia52.pl\/www\/?page_id=1157\"><strong>Exodusie<\/strong><\/a>, te\u017c ciekawy sk\u0142ad. w latach 80. nazwa \u201eStrajk 80\u201d by\u0142a oczywi\u015bcie niemo\u017cliwa: Zefir pracowa\u0142 niedaleko mnie, na Wawrzyszewie, m\u00f3j pies Gucio by\u0142 od niego, od narzeczonej w\u0142a\u015bciwie.<br \/>zob. te\u017c: <a href=\"http:\/\/pracownia52.pl\/www\/?page_id=1132\"><strong>Duet 46<\/strong><\/a> i <a href=\"http:\/\/pracownia52.pl\/www\/?page_id=1045\"><strong>Alek Korecki<\/strong><\/a>. a <a href=\"https:\/\/pracownia52.pl\/www\/?page_id=1132\"><strong>Micha\u0142 Zduniak<\/strong><\/a> zmar\u0142 niedawno\u2026<br \/>mr m.<br \/><\/p>\n\n\n\n<ul class=\"wp-block-gallery columns-2 is-cropped wp-block-gallery-1 is-layout-flex wp-block-gallery-is-layout-flex\"><li class=\"blocks-gallery-item\"><figure><img loading=\"lazy\" decoding=\"async\" width=\"1200\" height=\"793\" src=\"https:\/\/pracownia52.pl\/www\/wp-content\/uploads\/2010\/06\/strajk80-hybrydy-1981-fot-mr-makowski-wiosna-01-1200pxl.jpg\" alt=\"\" data-id=\"6107\" class=\"wp-image-6107\" srcset=\"https:\/\/pracownia52.pl\/www\/wp-content\/uploads\/2010\/06\/strajk80-hybrydy-1981-fot-mr-makowski-wiosna-01-1200pxl.jpg?v=1627123773 1200w, https:\/\/pracownia52.pl\/www\/wp-content\/uploads\/2010\/06\/strajk80-hybrydy-1981-fot-mr-makowski-wiosna-01-1200pxl-300x198.jpg?v=1627123773 300w, https:\/\/pracownia52.pl\/www\/wp-content\/uploads\/2010\/06\/strajk80-hybrydy-1981-fot-mr-makowski-wiosna-01-1200pxl-1024x677.jpg?v=1627123773 1024w, https:\/\/pracownia52.pl\/www\/wp-content\/uploads\/2010\/06\/strajk80-hybrydy-1981-fot-mr-makowski-wiosna-01-1200pxl-768x508.jpg?v=1627123773 768w\" sizes=\"auto, (max-width: 767px) 89vw, (max-width: 1000px) 54vw, (max-width: 1071px) 543px, 580px\" \/><\/figure><\/li><li class=\"blocks-gallery-item\"><figure><img loading=\"lazy\" decoding=\"async\" width=\"1200\" height=\"800\" src=\"https:\/\/pracownia52.pl\/www\/wp-content\/uploads\/2010\/06\/strajk80-hybrydy-1981-fot-mr-makowski-wiosna-02-1200pxl-zefir.jpg\" alt=\"\" data-id=\"6108\" class=\"wp-image-6108\" srcset=\"https:\/\/pracownia52.pl\/www\/wp-content\/uploads\/2010\/06\/strajk80-hybrydy-1981-fot-mr-makowski-wiosna-02-1200pxl-zefir.jpg?v=1627123772 1200w, https:\/\/pracownia52.pl\/www\/wp-content\/uploads\/2010\/06\/strajk80-hybrydy-1981-fot-mr-makowski-wiosna-02-1200pxl-zefir-300x200.jpg?v=1627123772 300w, https:\/\/pracownia52.pl\/www\/wp-content\/uploads\/2010\/06\/strajk80-hybrydy-1981-fot-mr-makowski-wiosna-02-1200pxl-zefir-1024x683.jpg?v=1627123772 1024w, https:\/\/pracownia52.pl\/www\/wp-content\/uploads\/2010\/06\/strajk80-hybrydy-1981-fot-mr-makowski-wiosna-02-1200pxl-zefir-768x512.jpg?v=1627123772 768w\" sizes=\"auto, (max-width: 767px) 89vw, (max-width: 1000px) 54vw, (max-width: 1071px) 543px, 580px\" \/><\/figure><\/li><\/ul>\n","protected":false},"excerpt":{"rendered":"<p>jakie\u015b zdj\u0119cia jeszcze z Hybryd, z wiosny 1981\u2026 (te dwa ni\u017cej\u2026 \u201eMuzyka pozosta\u0142a\u2026\u201d) p\u00f3\u017aniej na Jazz n. Odr\u0105. niez\u0142y czad.\u201eZefir\u201d p\u00f3\u017cniej przez chwil\u0119 w Exodusie, te\u017c ciekawy sk\u0142ad. w latach 80. nazwa \u201eStrajk 80\u201d by\u0142a oczywi\u015bcie niemo\u017cliwa: Zefir pracowa\u0142 niedaleko mnie, na Wawrzyszewie, m\u00f3j pies Gucio by\u0142 od niego, od narzeczonej w\u0142a\u015bciwie.zob. te\u017c: Duet 46 &hellip; <\/p>\n<p class=\"link-more\"><a href=\"https:\/\/pracownia52.pl\/www\/?page_id=1390\" class=\"more-link\">Czytaj dalej<span class=\"screen-reader-text\"> \u201eStrajk 80 (grupa)\u201d<\/span><\/a><\/p>\n","protected":false},"author":1,"featured_media":0,"parent":0,"menu_order":0,"comment_status":"closed","ping_status":"open","template":"","meta":{"footnotes":""},"class_list":["post-1390","page","type-page","status-publish","hentry"],"_links":{"self":[{"href":"https:\/\/pracownia52.pl\/www\/index.php?rest_route=\/wp\/v2\/pages\/1390","targetHints":{"allow":["GET"]}}],"collection":[{"href":"https:\/\/pracownia52.pl\/www\/index.php?rest_route=\/wp\/v2\/pages"}],"about":[{"href":"https:\/\/pracownia52.pl\/www\/index.php?rest_route=\/wp\/v2\/types\/page"}],"author":[{"embeddable":true,"href":"https:\/\/pracownia52.pl\/www\/index.php?rest_route=\/wp\/v2\/users\/1"}],"replies":[{"embeddable":true,"href":"https:\/\/pracownia52.pl\/www\/index.php?rest_route=%2Fwp%2Fv2%2Fcomments&post=1390"}],"version-history":[{"count":10,"href":"https:\/\/pracownia52.pl\/www\/index.php?rest_route=\/wp\/v2\/pages\/1390\/revisions"}],"predecessor-version":[{"id":8344,"href":"https:\/\/pracownia52.pl\/www\/index.php?rest_route=\/wp\/v2\/pages\/1390\/revisions\/8344"}],"wp:attachment":[{"href":"https:\/\/pracownia52.pl\/www\/index.php?rest_route=%2Fwp%2Fv2%2Fmedia&parent=1390"}],"curies":[{"name":"wp","href":"https:\/\/api.w.org\/{rel}","templated":true}]}}