{"id":1397,"date":"2010-06-14T08:04:34","date_gmt":"2010-06-14T08:04:34","guid":{"rendered":"http:\/\/pracownia52.pl\/www\/?page_id=1397"},"modified":"2010-06-14T08:04:34","modified_gmt":"2010-06-14T08:04:34","slug":"stanislaw-sojka","status":"publish","type":"page","link":"https:\/\/pracownia52.pl\/www\/?page_id=1397","title":{"rendered":"Stanis\u0142aw Sojka"},"content":{"rendered":"<p>kilka przypadkowych zdj\u0119\u0107. mijali\u015bmy si\u0119. tu: z Jazz n. Odr\u0105 (chyba 1989 r.)<br \/>\n[mrm]<br \/>\n<img loading=\"lazy\" decoding=\"async\" src=\"http:\/\/pracownia52.pl\/www\/wp-content\/uploads\/2010\/06\/st-sojka-1989-JnO-low-1.jpg\" alt=\"\" title=\"st-sojka-1989-JnO-low-1\" width=\"800\" height=\"525\" class=\"alignnone size-full wp-image-1398\" srcset=\"https:\/\/pracownia52.pl\/www\/wp-content\/uploads\/2010\/06\/st-sojka-1989-JnO-low-1.jpg?v=1627124269 800w, https:\/\/pracownia52.pl\/www\/wp-content\/uploads\/2010\/06\/st-sojka-1989-JnO-low-1-300x197.jpg?v=1627124269 300w, https:\/\/pracownia52.pl\/www\/wp-content\/uploads\/2010\/06\/st-sojka-1989-JnO-low-1-768x504.jpg?v=1627124269 768w\" sizes=\"auto, (max-width: 767px) 89vw, (max-width: 1000px) 54vw, (max-width: 1071px) 543px, 580px\" \/><\/p>\n","protected":false},"excerpt":{"rendered":"<p>kilka przypadkowych zdj\u0119\u0107. mijali\u015bmy si\u0119. tu: z Jazz n. Odr\u0105 (chyba 1989 r.) [mrm]<\/p>\n","protected":false},"author":1,"featured_media":0,"parent":0,"menu_order":0,"comment_status":"closed","ping_status":"open","template":"","meta":{"footnotes":""},"class_list":["post-1397","page","type-page","status-publish","hentry"],"_links":{"self":[{"href":"https:\/\/pracownia52.pl\/www\/index.php?rest_route=\/wp\/v2\/pages\/1397","targetHints":{"allow":["GET"]}}],"collection":[{"href":"https:\/\/pracownia52.pl\/www\/index.php?rest_route=\/wp\/v2\/pages"}],"about":[{"href":"https:\/\/pracownia52.pl\/www\/index.php?rest_route=\/wp\/v2\/types\/page"}],"author":[{"embeddable":true,"href":"https:\/\/pracownia52.pl\/www\/index.php?rest_route=\/wp\/v2\/users\/1"}],"replies":[{"embeddable":true,"href":"https:\/\/pracownia52.pl\/www\/index.php?rest_route=%2Fwp%2Fv2%2Fcomments&post=1397"}],"version-history":[{"count":3,"href":"https:\/\/pracownia52.pl\/www\/index.php?rest_route=\/wp\/v2\/pages\/1397\/revisions"}],"predecessor-version":[{"id":1401,"href":"https:\/\/pracownia52.pl\/www\/index.php?rest_route=\/wp\/v2\/pages\/1397\/revisions\/1401"}],"wp:attachment":[{"href":"https:\/\/pracownia52.pl\/www\/index.php?rest_route=%2Fwp%2Fv2%2Fmedia&parent=1397"}],"curies":[{"name":"wp","href":"https:\/\/api.w.org\/{rel}","templated":true}]}}