{"id":1402,"date":"2010-06-14T08:05:51","date_gmt":"2010-06-14T08:05:51","guid":{"rendered":"http:\/\/pracownia52.pl\/www\/?page_id=1402"},"modified":"2024-10-29T09:11:51","modified_gmt":"2024-10-29T09:11:51","slug":"scieranscy-surzyn-trio","status":"publish","type":"page","link":"https:\/\/pracownia52.pl\/www\/?page_id=1402","title":{"rendered":"\u015aciera\u0144scy Surzyn Trio"},"content":{"rendered":"\n<p>kilka zdj\u0119\u0107 + jakie\u015b drobne projekty. \u015bwietna kapela, zw\u0142aszcza na koncertach, pami\u0119tamy (+&nbsp;link do strony <a href=\"https:\/\/www.mareksurzyn.pl\"><strong>Marka<\/strong><\/a>).<br \/>mr m.<\/p>\n\n\n\n<figure class=\"wp-block-gallery has-nested-images columns-3 is-cropped wp-block-gallery-1 is-layout-flex wp-block-gallery-is-layout-flex\">\n<figure class=\"wp-block-image size-full\"><a href=\"https:\/\/pracownia52.pl\/www\/wp-content\/uploads\/2010\/06\/k-scieranski-jarocin1987mmo.jpg\"><img loading=\"lazy\" decoding=\"async\" width=\"899\" height=\"600\" data-id=\"5412\" src=\"https:\/\/pracownia52.pl\/www\/wp-content\/uploads\/2010\/06\/k-scieranski-jarocin1987mmo.jpg?v=1627123900\" alt=\"\" class=\"wp-image-5412\" srcset=\"https:\/\/pracownia52.pl\/www\/wp-content\/uploads\/2010\/06\/k-scieranski-jarocin1987mmo.jpg?v=1627123900 899w, https:\/\/pracownia52.pl\/www\/wp-content\/uploads\/2010\/06\/k-scieranski-jarocin1987mmo-300x200.jpg?v=1627123900 300w, https:\/\/pracownia52.pl\/www\/wp-content\/uploads\/2010\/06\/k-scieranski-jarocin1987mmo-768x513.jpg?v=1627123900 768w\" sizes=\"auto, (max-width: 767px) 89vw, (max-width: 1000px) 54vw, (max-width: 1071px) 543px, 580px\" \/><\/a><\/figure>\n\n\n\n<figure class=\"wp-block-image size-full\"><a href=\"https:\/\/pracownia52.pl\/www\/wp-content\/uploads\/2010\/06\/scieranski-surzyn-jar87-010.jpg\"><img loading=\"lazy\" decoding=\"async\" width=\"850\" height=\"559\" data-id=\"5413\" src=\"https:\/\/pracownia52.pl\/www\/wp-content\/uploads\/2010\/06\/scieranski-surzyn-jar87-010.jpg?v=1627123900\" alt=\"\" class=\"wp-image-5413\" srcset=\"https:\/\/pracownia52.pl\/www\/wp-content\/uploads\/2010\/06\/scieranski-surzyn-jar87-010.jpg?v=1627123900 850w, https:\/\/pracownia52.pl\/www\/wp-content\/uploads\/2010\/06\/scieranski-surzyn-jar87-010-300x197.jpg?v=1627123900 300w, https:\/\/pracownia52.pl\/www\/wp-content\/uploads\/2010\/06\/scieranski-surzyn-jar87-010-768x505.jpg?v=1627123900 768w\" sizes=\"auto, (max-width: 767px) 89vw, (max-width: 1000px) 54vw, (max-width: 1071px) 543px, 580px\" \/><\/a><\/figure>\n\n\n\n<figure class=\"wp-block-image size-full\"><a href=\"https:\/\/pracownia52.pl\/www\/wp-content\/uploads\/2010\/06\/k-scieranski-02-jarocin.jpg\"><img loading=\"lazy\" decoding=\"async\" width=\"575\" height=\"860\" data-id=\"5411\" src=\"https:\/\/pracownia52.pl\/www\/wp-content\/uploads\/2010\/06\/k-scieranski-02-jarocin.jpg?v=1627123901\" alt=\"\" class=\"wp-image-5411\" srcset=\"https:\/\/pracownia52.pl\/www\/wp-content\/uploads\/2010\/06\/k-scieranski-02-jarocin.jpg?v=1627123901 575w, https:\/\/pracownia52.pl\/www\/wp-content\/uploads\/2010\/06\/k-scieranski-02-jarocin-201x300.jpg?v=1627123901 201w\" sizes=\"auto, (max-width: 575px) 100vw, 575px\" \/><\/a><\/figure>\n\n\n<\/figure>\n\n\n\n<p><\/p>\n","protected":false},"excerpt":{"rendered":"<p>kilka zdj\u0119\u0107 + jakie\u015b drobne projekty. \u015bwietna kapela, zw\u0142aszcza na koncertach, pami\u0119tamy (+&nbsp;link do strony Marka).mr m.<\/p>\n","protected":false},"author":1,"featured_media":1403,"parent":0,"menu_order":0,"comment_status":"closed","ping_status":"open","template":"","meta":{"footnotes":""},"class_list":["post-1402","page","type-page","status-publish","has-post-thumbnail","hentry"],"_links":{"self":[{"href":"https:\/\/pracownia52.pl\/www\/index.php?rest_route=\/wp\/v2\/pages\/1402","targetHints":{"allow":["GET"]}}],"collection":[{"href":"https:\/\/pracownia52.pl\/www\/index.php?rest_route=\/wp\/v2\/pages"}],"about":[{"href":"https:\/\/pracownia52.pl\/www\/index.php?rest_route=\/wp\/v2\/types\/page"}],"author":[{"embeddable":true,"href":"https:\/\/pracownia52.pl\/www\/index.php?rest_route=\/wp\/v2\/users\/1"}],"replies":[{"embeddable":true,"href":"https:\/\/pracownia52.pl\/www\/index.php?rest_route=%2Fwp%2Fv2%2Fcomments&post=1402"}],"version-history":[{"count":12,"href":"https:\/\/pracownia52.pl\/www\/index.php?rest_route=\/wp\/v2\/pages\/1402\/revisions"}],"predecessor-version":[{"id":10345,"href":"https:\/\/pracownia52.pl\/www\/index.php?rest_route=\/wp\/v2\/pages\/1402\/revisions\/10345"}],"wp:featuredmedia":[{"embeddable":true,"href":"https:\/\/pracownia52.pl\/www\/index.php?rest_route=\/wp\/v2\/media\/1403"}],"wp:attachment":[{"href":"https:\/\/pracownia52.pl\/www\/index.php?rest_route=%2Fwp%2Fv2%2Fmedia&parent=1402"}],"curies":[{"name":"wp","href":"https:\/\/api.w.org\/{rel}","templated":true}]}}