{"id":1421,"date":"2010-06-14T08:20:47","date_gmt":"2010-06-14T08:20:47","guid":{"rendered":"http:\/\/pracownia52.pl\/www\/?page_id=1421"},"modified":"2018-12-24T12:33:41","modified_gmt":"2018-12-24T12:33:41","slug":"boney-m","status":"publish","type":"page","link":"https:\/\/pracownia52.pl\/www\/?page_id=1421","title":{"rendered":"Boney M."},"content":{"rendered":"\n<p><a href=\"http:\/\/pracownia52.pl\/www\/?page_id=1408\"><strong>Sopot festiwal<\/strong><\/a> \u2013 i nieco z lotniska R\u0119biechowo (dzi\u015b chyba im. Lecha Wa\u0142\u0119sy). A dodatkowo: <a href=\"http:\/\/ooops.pl\/?p=35038\"><strong>pytanie takie<\/strong><\/a>, b\u0142ahe ale mnie m\u0119czy\u0142o, bo nowe zdj\u0119cia wskanowa\u0142em \u2013 te <em>gorsze<\/em>.<br \/>mr m.<\/p>\n\n\n\n<ul class=\"wp-block-gallery columns-2 is-cropped wp-block-gallery-1 is-layout-flex wp-block-gallery-is-layout-flex\"><li class=\"blocks-gallery-item\"><figure><a href=\"https:\/\/pracownia52.pl\/www\/wp-content\/uploads\/2010\/06\/boney-m-sopot-79-lotn.jpg\"><img loading=\"lazy\" decoding=\"async\" width=\"450\" height=\"644\" src=\"https:\/\/pracownia52.pl\/www\/wp-content\/uploads\/2010\/06\/boney-m-sopot-79-lotn.jpg\" alt=\"\" data-id=\"1425\" class=\"wp-image-1425\" srcset=\"https:\/\/pracownia52.pl\/www\/wp-content\/uploads\/2010\/06\/boney-m-sopot-79-lotn.jpg?v=1627124267 450w, https:\/\/pracownia52.pl\/www\/wp-content\/uploads\/2010\/06\/boney-m-sopot-79-lotn-210x300.jpg?v=1627124267 210w\" sizes=\"auto, (max-width: 450px) 100vw, 450px\" \/><\/a><\/figure><\/li><li class=\"blocks-gallery-item\"><figure><a href=\"https:\/\/pracownia52.pl\/www\/wp-content\/uploads\/2010\/06\/1979-sopot-festiwal-boney-m-1.jpg\"><img loading=\"lazy\" decoding=\"async\" width=\"800\" height=\"541\" src=\"https:\/\/pracownia52.pl\/www\/wp-content\/uploads\/2010\/06\/1979-sopot-festiwal-boney-m-1.jpg\" alt=\"\" data-id=\"1426\" class=\"wp-image-1426\" srcset=\"https:\/\/pracownia52.pl\/www\/wp-content\/uploads\/2010\/06\/1979-sopot-festiwal-boney-m-1.jpg?v=1627124267 800w, https:\/\/pracownia52.pl\/www\/wp-content\/uploads\/2010\/06\/1979-sopot-festiwal-boney-m-1-300x203.jpg?v=1627124267 300w, https:\/\/pracownia52.pl\/www\/wp-content\/uploads\/2010\/06\/1979-sopot-festiwal-boney-m-1-768x519.jpg?v=1627124267 768w\" sizes=\"auto, (max-width: 767px) 89vw, (max-width: 1000px) 54vw, (max-width: 1071px) 543px, 580px\" \/><\/a><\/figure><\/li><\/ul>\n\n\n\n<ul class=\"wp-block-gallery aligncenter columns-2 is-cropped wp-block-gallery-2 is-layout-flex wp-block-gallery-is-layout-flex\"><li class=\"blocks-gallery-item\"><figure><img loading=\"lazy\" decoding=\"async\" width=\"676\" height=\"1024\" src=\"https:\/\/pracownia52.pl\/www\/wp-content\/uploads\/2018\/12\/202-1979-Sopot-festiwal-382-precious-wilson-chyba-fot-mr-makowski-676x1024.jpg\" alt=\"\" data-id=\"8115\" data-link=\"https:\/\/pracownia52.pl\/www\/?attachment_id=8115\" class=\"wp-image-8115\" srcset=\"https:\/\/pracownia52.pl\/www\/wp-content\/uploads\/2018\/12\/202-1979-Sopot-festiwal-382-precious-wilson-chyba-fot-mr-makowski-676x1024.jpg?v=1627123667 676w, https:\/\/pracownia52.pl\/www\/wp-content\/uploads\/2018\/12\/202-1979-Sopot-festiwal-382-precious-wilson-chyba-fot-mr-makowski-198x300.jpg?v=1627123667 198w, https:\/\/pracownia52.pl\/www\/wp-content\/uploads\/2018\/12\/202-1979-Sopot-festiwal-382-precious-wilson-chyba-fot-mr-makowski-768x1164.jpg?v=1627123667 768w, https:\/\/pracownia52.pl\/www\/wp-content\/uploads\/2018\/12\/202-1979-Sopot-festiwal-382-precious-wilson-chyba-fot-mr-makowski.jpg?v=1627123667 792w\" sizes=\"auto, (max-width: 676px) 100vw, 676px\" \/><\/figure><\/li><li class=\"blocks-gallery-item\"><figure><img loading=\"lazy\" decoding=\"async\" width=\"753\" height=\"1024\" src=\"https:\/\/pracownia52.pl\/www\/wp-content\/uploads\/2018\/12\/201-1979-Sopot-festiwal-381-Marcia-Barrett-chyba-fot-mr-makowski-753x1024.jpg\" alt=\"\" data-id=\"8114\" data-link=\"https:\/\/pracownia52.pl\/www\/?attachment_id=8114\" class=\"wp-image-8114\" srcset=\"https:\/\/pracownia52.pl\/www\/wp-content\/uploads\/2018\/12\/201-1979-Sopot-festiwal-381-Marcia-Barrett-chyba-fot-mr-makowski-753x1024.jpg?v=1627123667 753w, https:\/\/pracownia52.pl\/www\/wp-content\/uploads\/2018\/12\/201-1979-Sopot-festiwal-381-Marcia-Barrett-chyba-fot-mr-makowski-221x300.jpg?v=1627123667 221w, https:\/\/pracownia52.pl\/www\/wp-content\/uploads\/2018\/12\/201-1979-Sopot-festiwal-381-Marcia-Barrett-chyba-fot-mr-makowski-768x1045.jpg?v=1627123667 768w, https:\/\/pracownia52.pl\/www\/wp-content\/uploads\/2018\/12\/201-1979-Sopot-festiwal-381-Marcia-Barrett-chyba-fot-mr-makowski.jpg?v=1627123667 882w\" sizes=\"auto, (max-width: 706px) 89vw, (max-width: 767px) 82vw, 740px\" \/><\/figure><\/li><\/ul>\n","protected":false},"excerpt":{"rendered":"<p>Sopot festiwal \u2013 i nieco z lotniska R\u0119biechowo (dzi\u015b chyba im. Lecha Wa\u0142\u0119sy). A dodatkowo: pytanie takie, b\u0142ahe ale mnie m\u0119czy\u0142o, bo nowe zdj\u0119cia wskanowa\u0142em \u2013 te gorsze.mr m.<\/p>\n","protected":false},"author":1,"featured_media":0,"parent":0,"menu_order":0,"comment_status":"closed","ping_status":"open","template":"","meta":{"footnotes":""},"class_list":["post-1421","page","type-page","status-publish","hentry"],"_links":{"self":[{"href":"https:\/\/pracownia52.pl\/www\/index.php?rest_route=\/wp\/v2\/pages\/1421","targetHints":{"allow":["GET"]}}],"collection":[{"href":"https:\/\/pracownia52.pl\/www\/index.php?rest_route=\/wp\/v2\/pages"}],"about":[{"href":"https:\/\/pracownia52.pl\/www\/index.php?rest_route=\/wp\/v2\/types\/page"}],"author":[{"embeddable":true,"href":"https:\/\/pracownia52.pl\/www\/index.php?rest_route=\/wp\/v2\/users\/1"}],"replies":[{"embeddable":true,"href":"https:\/\/pracownia52.pl\/www\/index.php?rest_route=%2Fwp%2Fv2%2Fcomments&post=1421"}],"version-history":[{"count":12,"href":"https:\/\/pracownia52.pl\/www\/index.php?rest_route=\/wp\/v2\/pages\/1421\/revisions"}],"predecessor-version":[{"id":8283,"href":"https:\/\/pracownia52.pl\/www\/index.php?rest_route=\/wp\/v2\/pages\/1421\/revisions\/8283"}],"wp:attachment":[{"href":"https:\/\/pracownia52.pl\/www\/index.php?rest_route=%2Fwp%2Fv2%2Fmedia&parent=1421"}],"curies":[{"name":"wp","href":"https:\/\/api.w.org\/{rel}","templated":true}]}}