{"id":144,"date":"2010-06-11T07:48:33","date_gmt":"2010-06-11T07:48:33","guid":{"rendered":"http:\/\/pracownia52.pl\/www\/?page_id=144"},"modified":"2010-06-13T07:33:50","modified_gmt":"2010-06-13T07:33:50","slug":"citibank-handlowy","status":"publish","type":"page","link":"https:\/\/pracownia52.pl\/www\/?page_id=144","title":{"rendered":"Citibank-Handlowy"},"content":{"rendered":"<p>biuletyn tzw. klientowski (2000-2002)<br \/>\nale to ju\u017c by\u0142 korporacyjny kolos; i wsp\u00f3\u0142praca nie uk\u0142ada\u0142a si\u0119 tak dobrze, jak z (dawnym) BH\u2026 procedury, procedury \u2013 cz\u0119sto zamiast sensu i (np.) rzetelnej korekty. (kiedy\u015b dali nam wykres czego\u015b, tzw. serek: zreszt\u0105 przys\u0142any z centrali w ameryce. suma wynosi\u0142a 108%. gdy zapytali\u015bmy, co z tym zrobi\u0107 \u2013 d\u0142ugo my\u015bleli; a w ko\u0144cu kazali wykres wyrzuci\u0107\u2026)<br \/>\nzob. te\u017c: <a href=\"http:\/\/pracownia52.pl\/www\/?page_id=86\">Bank Handlowy w Warszawie SA<\/a><br \/>\n[mrm]<br \/>\n<img decoding=\"async\" src=\"http:\/\/pracownia52.pl\/www\/wp-content\/uploads\/2010\/06\/kontakt-2-200101.jpg\" border=\"0\" alt=\"\" \/><\/p>\n","protected":false},"excerpt":{"rendered":"<p>biuletyn tzw. klientowski (2000-2002) ale to ju\u017c by\u0142 korporacyjny kolos; i wsp\u00f3\u0142praca nie uk\u0142ada\u0142a si\u0119 tak dobrze, jak z (dawnym) BH\u2026 procedury, procedury \u2013 cz\u0119sto zamiast sensu i (np.) rzetelnej korekty. (kiedy\u015b dali nam wykres czego\u015b, tzw. serek: zreszt\u0105 przys\u0142any z centrali w ameryce. suma wynosi\u0142a 108%. gdy zapytali\u015bmy, co z tym zrobi\u0107 \u2013 d\u0142ugo &hellip; <\/p>\n<p class=\"link-more\"><a href=\"https:\/\/pracownia52.pl\/www\/?page_id=144\" class=\"more-link\">Czytaj dalej<span class=\"screen-reader-text\"> \u201eCitibank-Handlowy\u201d<\/span><\/a><\/p>\n","protected":false},"author":1,"featured_media":0,"parent":0,"menu_order":3,"comment_status":"closed","ping_status":"open","template":"","meta":{"footnotes":""},"class_list":["post-144","page","type-page","status-publish","hentry"],"_links":{"self":[{"href":"https:\/\/pracownia52.pl\/www\/index.php?rest_route=\/wp\/v2\/pages\/144","targetHints":{"allow":["GET"]}}],"collection":[{"href":"https:\/\/pracownia52.pl\/www\/index.php?rest_route=\/wp\/v2\/pages"}],"about":[{"href":"https:\/\/pracownia52.pl\/www\/index.php?rest_route=\/wp\/v2\/types\/page"}],"author":[{"embeddable":true,"href":"https:\/\/pracownia52.pl\/www\/index.php?rest_route=\/wp\/v2\/users\/1"}],"replies":[{"embeddable":true,"href":"https:\/\/pracownia52.pl\/www\/index.php?rest_route=%2Fwp%2Fv2%2Fcomments&post=144"}],"version-history":[{"count":7,"href":"https:\/\/pracownia52.pl\/www\/index.php?rest_route=\/wp\/v2\/pages\/144\/revisions"}],"predecessor-version":[{"id":991,"href":"https:\/\/pracownia52.pl\/www\/index.php?rest_route=\/wp\/v2\/pages\/144\/revisions\/991"}],"wp:attachment":[{"href":"https:\/\/pracownia52.pl\/www\/index.php?rest_route=%2Fwp%2Fv2%2Fmedia&parent=144"}],"curies":[{"name":"wp","href":"https:\/\/api.w.org\/{rel}","templated":true}]}}