{"id":1445,"date":"2010-06-14T08:41:27","date_gmt":"2010-06-14T08:41:27","guid":{"rendered":"http:\/\/pracownia52.pl\/www\/?page_id=1445"},"modified":"2018-12-24T14:09:46","modified_gmt":"2018-12-24T14:09:46","slug":"oz-i-krzysztof-jaryczewski","status":"publish","type":"page","link":"https:\/\/pracownia52.pl\/www\/?page_id=1445","title":{"rendered":"OZ  i Krzysztof Jaryczewski"},"content":{"rendered":"\n<p>kilka zdj\u0119\u0107 (1981, 1984, 86\u2026) \u2013 z r\u00f3\u017cnymi historiami (w tym: z plakatem jaroci\u0144skim, <a href=\"http:\/\/pracownia52.pl\/www\/?page_id=232\"><strong>1989<\/strong><\/a>) i r\u00f3\u017cnymi sk\u0142adami\u2026<br \/>mr m.<br \/><br \/> <\/p>\n\n\n\n<ul class=\"wp-block-gallery columns-3 is-cropped wp-block-gallery-1 is-layout-flex wp-block-gallery-is-layout-flex\"><li class=\"blocks-gallery-item\"><figure><a href=\"https:\/\/pracownia52.pl\/www\/wp-content\/uploads\/2010\/06\/1981-OZ-jaryczewski-hybrydy-Low-1.jpg\"><img loading=\"lazy\" decoding=\"async\" width=\"555\" height=\"800\" src=\"https:\/\/pracownia52.pl\/www\/wp-content\/uploads\/2010\/06\/1981-OZ-jaryczewski-hybrydy-Low-1.jpg\" alt=\"\" data-id=\"1444\" data-link=\"https:\/\/pracownia52.pl\/www\/?attachment_id=1444\" class=\"wp-image-1444\" srcset=\"https:\/\/pracownia52.pl\/www\/wp-content\/uploads\/2010\/06\/1981-OZ-jaryczewski-hybrydy-Low-1.jpg?v=1627124266 555w, https:\/\/pracownia52.pl\/www\/wp-content\/uploads\/2010\/06\/1981-OZ-jaryczewski-hybrydy-Low-1-208x300.jpg?v=1627124266 208w\" sizes=\"auto, (max-width: 555px) 100vw, 555px\" \/><\/a><\/figure><\/li><li class=\"blocks-gallery-item\"><figure><a href=\"https:\/\/pracownia52.pl\/www\/wp-content\/uploads\/2010\/06\/jaryczewski-opole-84.jpg\"><img loading=\"lazy\" decoding=\"async\" width=\"500\" height=\"345\" src=\"https:\/\/pracownia52.pl\/www\/wp-content\/uploads\/2010\/06\/jaryczewski-opole-84.jpg\" alt=\"\" data-id=\"1448\" data-link=\"https:\/\/pracownia52.pl\/www\/?attachment_id=1448\" class=\"wp-image-1448\" srcset=\"https:\/\/pracownia52.pl\/www\/wp-content\/uploads\/2010\/06\/jaryczewski-opole-84.jpg?v=1627124266 500w, https:\/\/pracownia52.pl\/www\/wp-content\/uploads\/2010\/06\/jaryczewski-opole-84-300x207.jpg?v=1627124266 300w\" sizes=\"auto, (max-width: 500px) 100vw, 500px\" \/><\/a><\/figure><\/li><li class=\"blocks-gallery-item\"><figure><a href=\"https:\/\/pracownia52.pl\/www\/wp-content\/uploads\/2010\/06\/OZ-1986-VI-3-1024x556.png\"><img loading=\"lazy\" decoding=\"async\" width=\"1024\" height=\"556\" src=\"https:\/\/pracownia52.pl\/www\/wp-content\/uploads\/2010\/06\/OZ-1986-VI-3-1024x556.png\" alt=\"\" data-id=\"1451\" data-link=\"https:\/\/pracownia52.pl\/www\/?attachment_id=1451\" class=\"wp-image-1451\" srcset=\"https:\/\/pracownia52.pl\/www\/wp-content\/uploads\/2010\/06\/OZ-1986-VI-3-1024x556.png?v=1627124266 1024w, https:\/\/pracownia52.pl\/www\/wp-content\/uploads\/2010\/06\/OZ-1986-VI-3-300x163.png?v=1627124266 300w, https:\/\/pracownia52.pl\/www\/wp-content\/uploads\/2010\/06\/OZ-1986-VI-3-768x417.png?v=1627124266 768w, https:\/\/pracownia52.pl\/www\/wp-content\/uploads\/2010\/06\/OZ-1986-VI-3.png?v=1627124266 1200w\" sizes=\"auto, (max-width: 767px) 89vw, (max-width: 1000px) 54vw, (max-width: 1071px) 543px, 580px\" \/><\/a><\/figure><\/li><\/ul>\n","protected":false},"excerpt":{"rendered":"<p>kilka zdj\u0119\u0107 (1981, 1984, 86\u2026) \u2013 z r\u00f3\u017cnymi historiami (w tym: z plakatem jaroci\u0144skim, 1989) i r\u00f3\u017cnymi sk\u0142adami\u2026mr m.<\/p>\n","protected":false},"author":1,"featured_media":0,"parent":0,"menu_order":0,"comment_status":"closed","ping_status":"open","template":"","meta":{"footnotes":""},"class_list":["post-1445","page","type-page","status-publish","hentry"],"_links":{"self":[{"href":"https:\/\/pracownia52.pl\/www\/index.php?rest_route=\/wp\/v2\/pages\/1445","targetHints":{"allow":["GET"]}}],"collection":[{"href":"https:\/\/pracownia52.pl\/www\/index.php?rest_route=\/wp\/v2\/pages"}],"about":[{"href":"https:\/\/pracownia52.pl\/www\/index.php?rest_route=\/wp\/v2\/types\/page"}],"author":[{"embeddable":true,"href":"https:\/\/pracownia52.pl\/www\/index.php?rest_route=\/wp\/v2\/users\/1"}],"replies":[{"embeddable":true,"href":"https:\/\/pracownia52.pl\/www\/index.php?rest_route=%2Fwp%2Fv2%2Fcomments&post=1445"}],"version-history":[{"count":9,"href":"https:\/\/pracownia52.pl\/www\/index.php?rest_route=\/wp\/v2\/pages\/1445\/revisions"}],"predecessor-version":[{"id":8327,"href":"https:\/\/pracownia52.pl\/www\/index.php?rest_route=\/wp\/v2\/pages\/1445\/revisions\/8327"}],"wp:attachment":[{"href":"https:\/\/pracownia52.pl\/www\/index.php?rest_route=%2Fwp%2Fv2%2Fmedia&parent=1445"}],"curies":[{"name":"wp","href":"https:\/\/api.w.org\/{rel}","templated":true}]}}