{"id":1459,"date":"2010-06-14T08:48:07","date_gmt":"2010-06-14T08:48:07","guid":{"rendered":"http:\/\/pracownia52.pl\/www\/?page_id=1459"},"modified":"2019-01-25T08:26:16","modified_gmt":"2019-01-25T08:26:16","slug":"malgorzata-ostrowska-i-lombard","status":"publish","type":"page","link":"https:\/\/pracownia52.pl\/www\/?page_id=1459","title":{"rendered":"Ma\u0142gorzata Ostrowska i Lombard"},"content":{"rendered":"\n<p>Zobaczmy te\u017c <strong><a href=\"https:\/\/pracownia52.pl\/www\/?page_id=1455\">Kwartet Vist<\/a><\/strong>, z bardzo odleg\u0142ej przesz\u0142o\u015bci. (A zdj\u0119cie g\u00f3rne to te\u017c Ma\u0142gorzata O. z Koleg\u0105, pono\u0107 z <strong><a href=\"https:\/\/pracownia52.pl\/www\/?page_id=1816\">Teatru 8 Dnia<\/a><\/strong>, na <strong><a href=\"https:\/\/pracownia52.pl\/www\/?page_id=3712\">Rock Arenie<\/a><\/strong> (1983). Ale nieostre.)<\/p>\n\n\n\n<p>mr m.<\/p>\n\n\n\n<ul class=\"wp-block-gallery columns-2 is-cropped wp-block-gallery-1 is-layout-flex wp-block-gallery-is-layout-flex\"><li class=\"blocks-gallery-item\"><figure><a href=\"http:\/\/pracownia52.pl\/www\/wp-content\/uploads\/2010\/06\/rock-arena-1985-m-ostrowska-o1mod.jpg\"><img loading=\"lazy\" decoding=\"async\" width=\"800\" height=\"528\" src=\"http:\/\/pracownia52.pl\/www\/wp-content\/uploads\/2010\/06\/rock-arena-1985-m-ostrowska-o1mod.jpg\" alt=\"\" data-id=\"1463\" class=\"wp-image-1463\" srcset=\"https:\/\/pracownia52.pl\/www\/wp-content\/uploads\/2010\/06\/rock-arena-1985-m-ostrowska-o1mod.jpg?v=1627124265 800w, https:\/\/pracownia52.pl\/www\/wp-content\/uploads\/2010\/06\/rock-arena-1985-m-ostrowska-o1mod-300x198.jpg?v=1627124265 300w, https:\/\/pracownia52.pl\/www\/wp-content\/uploads\/2010\/06\/rock-arena-1985-m-ostrowska-o1mod-768x507.jpg?v=1627124265 768w\" sizes=\"auto, (max-width: 767px) 89vw, (max-width: 1000px) 54vw, (max-width: 1071px) 543px, 580px\" \/><\/a><\/figure><\/li><li class=\"blocks-gallery-item\"><figure><a href=\"http:\/\/pracownia52.pl\/www\/wp-content\/uploads\/2010\/06\/malg-ostrowska-park-84.jpg\"><img loading=\"lazy\" decoding=\"async\" width=\"500\" height=\"326\" src=\"http:\/\/pracownia52.pl\/www\/wp-content\/uploads\/2010\/06\/malg-ostrowska-park-84.jpg\" alt=\"\" data-id=\"1460\" class=\"wp-image-1460\" srcset=\"https:\/\/pracownia52.pl\/www\/wp-content\/uploads\/2010\/06\/malg-ostrowska-park-84.jpg?v=1627124265 500w, https:\/\/pracownia52.pl\/www\/wp-content\/uploads\/2010\/06\/malg-ostrowska-park-84-300x196.jpg?v=1627124265 300w\" sizes=\"auto, (max-width: 500px) 100vw, 500px\" \/><\/a><\/figure><\/li><\/ul>\n\n\n\n<ul class=\"wp-block-gallery columns-2 is-cropped wp-block-gallery-2 is-layout-flex wp-block-gallery-is-layout-flex\"><li class=\"blocks-gallery-item\"><figure><a href=\"http:\/\/pracownia52.pl\/www\/wp-content\/uploads\/2010\/06\/opole-2klatki-2-1024x335.jpg\"><img decoding=\"async\" src=\"http:\/\/pracownia52.pl\/www\/wp-content\/uploads\/2010\/06\/opole-2klatki-2-1024x335.jpg\" alt=\"\" data-id=\"1461\" class=\"wp-image-1461\"\/><\/a><\/figure><\/li><li class=\"blocks-gallery-item\"><figure><a href=\"http:\/\/pracownia52.pl\/www\/wp-content\/uploads\/2010\/06\/malgosia-ostrowska-rock-Arena-1985-201mnmod-1024x343.jpg\"><img loading=\"lazy\" decoding=\"async\" width=\"1024\" height=\"343\" src=\"http:\/\/pracownia52.pl\/www\/wp-content\/uploads\/2010\/06\/malgosia-ostrowska-rock-Arena-1985-201mnmod-1024x343.jpg\" alt=\"\" data-id=\"1465\" class=\"wp-image-1465\" srcset=\"https:\/\/pracownia52.pl\/www\/wp-content\/uploads\/2010\/06\/malgosia-ostrowska-rock-Arena-1985-201mnmod-1024x343.jpg?v=1627124265 1024w, https:\/\/pracownia52.pl\/www\/wp-content\/uploads\/2010\/06\/malgosia-ostrowska-rock-Arena-1985-201mnmod-300x101.jpg?v=1627124265 300w, https:\/\/pracownia52.pl\/www\/wp-content\/uploads\/2010\/06\/malgosia-ostrowska-rock-Arena-1985-201mnmod-768x257.jpg?v=1627124265 768w, https:\/\/pracownia52.pl\/www\/wp-content\/uploads\/2010\/06\/malgosia-ostrowska-rock-Arena-1985-201mnmod-1536x515.jpg?v=1627124265 1536w, https:\/\/pracownia52.pl\/www\/wp-content\/uploads\/2010\/06\/malgosia-ostrowska-rock-Arena-1985-201mnmod.jpg?v=1627124265 1600w\" sizes=\"auto, (max-width: 767px) 89vw, (max-width: 1000px) 54vw, (max-width: 1071px) 543px, 580px\" \/><\/a><\/figure><\/li><\/ul>\n","protected":false},"excerpt":{"rendered":"<p>Zobaczmy te\u017c Kwartet Vist, z bardzo odleg\u0142ej przesz\u0142o\u015bci. (A zdj\u0119cie g\u00f3rne to te\u017c Ma\u0142gorzata O. z Koleg\u0105, pono\u0107 z Teatru 8 Dnia, na Rock Arenie (1983). Ale nieostre.) mr m.<\/p>\n","protected":false},"author":1,"featured_media":3715,"parent":0,"menu_order":0,"comment_status":"closed","ping_status":"open","template":"","meta":{"footnotes":""},"class_list":["post-1459","page","type-page","status-publish","has-post-thumbnail","hentry"],"_links":{"self":[{"href":"https:\/\/pracownia52.pl\/www\/index.php?rest_route=\/wp\/v2\/pages\/1459","targetHints":{"allow":["GET"]}}],"collection":[{"href":"https:\/\/pracownia52.pl\/www\/index.php?rest_route=\/wp\/v2\/pages"}],"about":[{"href":"https:\/\/pracownia52.pl\/www\/index.php?rest_route=\/wp\/v2\/types\/page"}],"author":[{"embeddable":true,"href":"https:\/\/pracownia52.pl\/www\/index.php?rest_route=\/wp\/v2\/users\/1"}],"replies":[{"embeddable":true,"href":"https:\/\/pracownia52.pl\/www\/index.php?rest_route=%2Fwp%2Fv2%2Fcomments&post=1459"}],"version-history":[{"count":8,"href":"https:\/\/pracownia52.pl\/www\/index.php?rest_route=\/wp\/v2\/pages\/1459\/revisions"}],"predecessor-version":[{"id":8946,"href":"https:\/\/pracownia52.pl\/www\/index.php?rest_route=\/wp\/v2\/pages\/1459\/revisions\/8946"}],"wp:featuredmedia":[{"embeddable":true,"href":"https:\/\/pracownia52.pl\/www\/index.php?rest_route=\/wp\/v2\/media\/3715"}],"wp:attachment":[{"href":"https:\/\/pracownia52.pl\/www\/index.php?rest_route=%2Fwp%2Fv2%2Fmedia&parent=1459"}],"curies":[{"name":"wp","href":"https:\/\/api.w.org\/{rel}","templated":true}]}}