{"id":1474,"date":"2010-06-14T10:16:21","date_gmt":"2010-06-14T10:16:21","guid":{"rendered":"http:\/\/pracownia52.pl\/www\/?page_id=1474"},"modified":"2016-08-11T14:59:01","modified_gmt":"2016-08-11T14:59:01","slug":"rendez-vous-i-ziemek-kosmowski","status":"publish","type":"page","link":"https:\/\/pracownia52.pl\/www\/?page_id=1474","title":{"rendered":"Rendez Vous i Ziemek Kosmowski"},"content":{"rendered":"<p>bardzo mi\u0142y go\u015b\u0107. kilka zdj\u0119\u0107, z kilku imprez (Rockowisko, Jarocin\u2026) i jakie\u015b nawet u mnie, \u201estudyjne&#8221;\u2026<br \/>\nte\u017c nieco zdj\u0119\u0107 jeszcze z grup\u0105 BRAK \u2013 autor: Jacek Awakumowski \u2013 w albumie o <a href=\"https:\/\/pracownia52.pl\/www\/?page_id=1523\"><strong>MMG<\/strong><\/a>.<br \/>\na tu: jarocin 1987; a dok\u0142adnie \u017cerk\u00f3w, baseny.<br \/>\nmr m.<br \/>\n<img loading=\"lazy\" decoding=\"async\" src=\"http:\/\/pracownia52.pl\/www\/wp-content\/uploads\/2010\/06\/1987-ziemek-kosmowski-jarocin-zerkow-low-2.jpg\" alt=\"\" title=\"1987-ziemek-kosmowski-jarocin-zerkow-low-2\" width=\"800\" height=\"527\" class=\"alignnone size-full wp-image-1475\" srcset=\"https:\/\/pracownia52.pl\/www\/wp-content\/uploads\/2010\/06\/1987-ziemek-kosmowski-jarocin-zerkow-low-2.jpg?v=1627124264 800w, https:\/\/pracownia52.pl\/www\/wp-content\/uploads\/2010\/06\/1987-ziemek-kosmowski-jarocin-zerkow-low-2-300x198.jpg?v=1627124264 300w, https:\/\/pracownia52.pl\/www\/wp-content\/uploads\/2010\/06\/1987-ziemek-kosmowski-jarocin-zerkow-low-2-768x506.jpg?v=1627124264 768w\" sizes=\"auto, (max-width: 767px) 89vw, (max-width: 1000px) 54vw, (max-width: 1071px) 543px, 580px\" \/><\/p>\n","protected":false},"excerpt":{"rendered":"<p>bardzo mi\u0142y go\u015b\u0107. kilka zdj\u0119\u0107, z kilku imprez (Rockowisko, Jarocin\u2026) i jakie\u015b nawet u mnie, \u201estudyjne&#8221;\u2026 te\u017c nieco zdj\u0119\u0107 jeszcze z grup\u0105 BRAK \u2013 autor: Jacek Awakumowski \u2013 w albumie o MMG. a tu: jarocin 1987; a dok\u0142adnie \u017cerk\u00f3w, baseny. mr m.<\/p>\n","protected":false},"author":1,"featured_media":0,"parent":0,"menu_order":0,"comment_status":"closed","ping_status":"open","template":"","meta":{"footnotes":""},"class_list":["post-1474","page","type-page","status-publish","hentry"],"_links":{"self":[{"href":"https:\/\/pracownia52.pl\/www\/index.php?rest_route=\/wp\/v2\/pages\/1474","targetHints":{"allow":["GET"]}}],"collection":[{"href":"https:\/\/pracownia52.pl\/www\/index.php?rest_route=\/wp\/v2\/pages"}],"about":[{"href":"https:\/\/pracownia52.pl\/www\/index.php?rest_route=\/wp\/v2\/types\/page"}],"author":[{"embeddable":true,"href":"https:\/\/pracownia52.pl\/www\/index.php?rest_route=\/wp\/v2\/users\/1"}],"replies":[{"embeddable":true,"href":"https:\/\/pracownia52.pl\/www\/index.php?rest_route=%2Fwp%2Fv2%2Fcomments&post=1474"}],"version-history":[{"count":4,"href":"https:\/\/pracownia52.pl\/www\/index.php?rest_route=\/wp\/v2\/pages\/1474\/revisions"}],"predecessor-version":[{"id":5604,"href":"https:\/\/pracownia52.pl\/www\/index.php?rest_route=\/wp\/v2\/pages\/1474\/revisions\/5604"}],"wp:attachment":[{"href":"https:\/\/pracownia52.pl\/www\/index.php?rest_route=%2Fwp%2Fv2%2Fmedia&parent=1474"}],"curies":[{"name":"wp","href":"https:\/\/api.w.org\/{rel}","templated":true}]}}