{"id":149,"date":"2010-06-11T07:50:16","date_gmt":"2010-06-11T07:50:16","guid":{"rendered":"http:\/\/pracownia52.pl\/www\/?page_id=149"},"modified":"2019-02-25T12:33:32","modified_gmt":"2019-02-25T12:33:32","slug":"closterkeller-anja-orthodox","status":"publish","type":"page","link":"https:\/\/pracownia52.pl\/www\/?page_id=149","title":{"rendered":"Closterkeller \u2013 Anja Orthodox"},"content":{"rendered":"\n<figure class=\"wp-block-image\"><img decoding=\"async\" src=\"http:\/\/pracownia52.pl\/www\/wp-content\/uploads\/2010\/06\/Closterkeller-purple-1990-01.jpg\" alt=\"\"\/><\/figure>\n\n\n\n<p>Ok\u0142adka CD, MK (\u201epurple\u201d), zdj\u0119cia, wi\u0119kszo\u015b\u0107 niepublikowana: prasa muzyczna pad\u0142a, a rynek opanowa\u0142o <a href=\"https:\/\/pracownia52.pl\/www\/?page_id=332\"><strong>Studio \u201eIzabelin\u201d<\/strong><\/a>\u2026 Skutki znamy.<br \/>Projekt semi-komputerowy (1990); litery jeszcze drukowane na laser\u00f3wce HP IIp \u2013 i dawane na tradycyjn\u0105 kamer\u0119 reprodukcyjn\u0105, podobnie jak zdj\u0119cie. I wszystko wychodzi\u0142o wtedy jakie\u015b takie\u2026 niedopracowane.<br \/>mr m.<br \/><\/p>\n\n\n\n<ul class=\"wp-block-gallery columns-4 is-cropped wp-block-gallery-1 is-layout-flex wp-block-gallery-is-layout-flex\"><li class=\"blocks-gallery-item\"><figure><a href=\"https:\/\/pracownia52.pl\/www\/wp-content\/uploads\/2010\/06\/anja-orthodox-89.jpg\"><img loading=\"lazy\" decoding=\"async\" width=\"450\" height=\"668\" src=\"https:\/\/pracownia52.pl\/www\/wp-content\/uploads\/2010\/06\/anja-orthodox-89.jpg\" alt=\"\" data-id=\"5547\" class=\"wp-image-5547\" srcset=\"https:\/\/pracownia52.pl\/www\/wp-content\/uploads\/2010\/06\/anja-orthodox-89.jpg?v=1627123891 450w, https:\/\/pracownia52.pl\/www\/wp-content\/uploads\/2010\/06\/anja-orthodox-89-202x300.jpg?v=1627123891 202w\" sizes=\"auto, (max-width: 450px) 100vw, 450px\" \/><\/a><\/figure><\/li><li class=\"blocks-gallery-item\"><figure><a href=\"https:\/\/pracownia52.pl\/www\/wp-content\/uploads\/2010\/06\/closterkeller-1990-ania-orthodox-1low.jpg\"><img loading=\"lazy\" decoding=\"async\" width=\"800\" height=\"483\" src=\"https:\/\/pracownia52.pl\/www\/wp-content\/uploads\/2010\/06\/closterkeller-1990-ania-orthodox-1low.jpg\" alt=\"\" data-id=\"5548\" class=\"wp-image-5548\" srcset=\"https:\/\/pracownia52.pl\/www\/wp-content\/uploads\/2010\/06\/closterkeller-1990-ania-orthodox-1low.jpg?v=1627123891 800w, https:\/\/pracownia52.pl\/www\/wp-content\/uploads\/2010\/06\/closterkeller-1990-ania-orthodox-1low-300x181.jpg?v=1627123891 300w, https:\/\/pracownia52.pl\/www\/wp-content\/uploads\/2010\/06\/closterkeller-1990-ania-orthodox-1low-768x464.jpg?v=1627123891 768w\" sizes=\"auto, (max-width: 767px) 89vw, (max-width: 1000px) 54vw, (max-width: 1071px) 543px, 580px\" \/><\/a><\/figure><\/li><li class=\"blocks-gallery-item\"><figure><a href=\"https:\/\/pracownia52.pl\/www\/wp-content\/uploads\/2010\/06\/closterkeller-muzycy-low-02.jpg\"><img loading=\"lazy\" decoding=\"async\" width=\"521\" height=\"800\" src=\"https:\/\/pracownia52.pl\/www\/wp-content\/uploads\/2010\/06\/closterkeller-muzycy-low-02.jpg\" alt=\"\" data-id=\"5549\" class=\"wp-image-5549\" srcset=\"https:\/\/pracownia52.pl\/www\/wp-content\/uploads\/2010\/06\/closterkeller-muzycy-low-02.jpg?v=1627123891 521w, https:\/\/pracownia52.pl\/www\/wp-content\/uploads\/2010\/06\/closterkeller-muzycy-low-02-195x300.jpg?v=1627123891 195w\" sizes=\"auto, (max-width: 521px) 100vw, 521px\" \/><\/a><\/figure><\/li><li class=\"blocks-gallery-item\"><figure><a href=\"https:\/\/pracownia52.pl\/www\/wp-content\/uploads\/2019\/02\/01-1990-Anja-Orthodox-fot-mr-makowski-600-678x1024.jpg\"><img loading=\"lazy\" decoding=\"async\" width=\"678\" height=\"1024\" src=\"https:\/\/pracownia52.pl\/www\/wp-content\/uploads\/2019\/02\/01-1990-Anja-Orthodox-fot-mr-makowski-600-678x1024.jpg\" alt=\"\" data-id=\"9160\" data-link=\"https:\/\/pracownia52.pl\/www\/?attachment_id=9160\" class=\"wp-image-9160\" srcset=\"https:\/\/pracownia52.pl\/www\/wp-content\/uploads\/2019\/02\/01-1990-Anja-Orthodox-fot-mr-makowski-600-678x1024.jpg?v=1627123618 678w, https:\/\/pracownia52.pl\/www\/wp-content\/uploads\/2019\/02\/01-1990-Anja-Orthodox-fot-mr-makowski-600-199x300.jpg?v=1627123618 199w, https:\/\/pracownia52.pl\/www\/wp-content\/uploads\/2019\/02\/01-1990-Anja-Orthodox-fot-mr-makowski-600-768x1161.jpg?v=1627123618 768w, https:\/\/pracownia52.pl\/www\/wp-content\/uploads\/2019\/02\/01-1990-Anja-Orthodox-fot-mr-makowski-600.jpg?v=1627123618 794w\" sizes=\"auto, (max-width: 678px) 100vw, 678px\" \/><\/a><\/figure><\/li><\/ul>\n","protected":false},"excerpt":{"rendered":"<p>Ok\u0142adka CD, MK (\u201epurple\u201d), zdj\u0119cia, wi\u0119kszo\u015b\u0107 niepublikowana: prasa muzyczna pad\u0142a, a rynek opanowa\u0142o Studio \u201eIzabelin\u201d\u2026 Skutki znamy.Projekt semi-komputerowy (1990); litery jeszcze drukowane na laser\u00f3wce HP IIp \u2013 i dawane na tradycyjn\u0105 kamer\u0119 reprodukcyjn\u0105, podobnie jak zdj\u0119cie. I wszystko wychodzi\u0142o wtedy jakie\u015b takie\u2026 niedopracowane.mr m.<\/p>\n","protected":false},"author":1,"featured_media":0,"parent":0,"menu_order":0,"comment_status":"closed","ping_status":"open","template":"","meta":{"footnotes":""},"class_list":["post-149","page","type-page","status-publish","hentry"],"_links":{"self":[{"href":"https:\/\/pracownia52.pl\/www\/index.php?rest_route=\/wp\/v2\/pages\/149","targetHints":{"allow":["GET"]}}],"collection":[{"href":"https:\/\/pracownia52.pl\/www\/index.php?rest_route=\/wp\/v2\/pages"}],"about":[{"href":"https:\/\/pracownia52.pl\/www\/index.php?rest_route=\/wp\/v2\/types\/page"}],"author":[{"embeddable":true,"href":"https:\/\/pracownia52.pl\/www\/index.php?rest_route=\/wp\/v2\/users\/1"}],"replies":[{"embeddable":true,"href":"https:\/\/pracownia52.pl\/www\/index.php?rest_route=%2Fwp%2Fv2%2Fcomments&post=149"}],"version-history":[{"count":13,"href":"https:\/\/pracownia52.pl\/www\/index.php?rest_route=\/wp\/v2\/pages\/149\/revisions"}],"predecessor-version":[{"id":9161,"href":"https:\/\/pracownia52.pl\/www\/index.php?rest_route=\/wp\/v2\/pages\/149\/revisions\/9161"}],"wp:attachment":[{"href":"https:\/\/pracownia52.pl\/www\/index.php?rest_route=%2Fwp%2Fv2%2Fmedia&parent=149"}],"curies":[{"name":"wp","href":"https:\/\/api.w.org\/{rel}","templated":true}]}}