{"id":1503,"date":"2010-06-14T10:23:58","date_gmt":"2010-06-14T10:23:58","guid":{"rendered":"http:\/\/pracownia52.pl\/www\/?page_id=1503"},"modified":"2017-08-27T15:03:24","modified_gmt":"2017-08-27T15:03:24","slug":"kryzys-1981","status":"publish","type":"page","link":"https:\/\/pracownia52.pl\/www\/?page_id=1503","title":{"rendered":"Kryzys (1981)"},"content":{"rendered":"<p>dwie klatki z paska negatywu z demonstracj\u0105 NSZ (i jak\u0105\u015b akcj\u0105 w <a href=\"http:\/\/pracownia52.pl\/www\/?page_id=668\"><strong>re-repassage<\/strong><\/a>, te\u017c)<br \/>\nnie za bardzo <a href=\"http:\/\/www.ooops.pl\/blog\/?p=11430\">mnie zachwycili<\/a>, wtedy. nieco wi\u0119cej o tych zdj\u0119ciach w \u201e<a href=\"http:\/\/ooops.pl\/?page_id=10844\"><strong>Obok<\/strong><\/a>\u2026\u201d, nie za du\u017co, w sumie.<br \/>\nmr m.<br \/>\n<img loading=\"lazy\" decoding=\"async\" src=\"http:\/\/pracownia52.pl\/www\/wp-content\/uploads\/2010\/06\/pase-kryzys-1981-low-4.jpg\" alt=\"\" title=\"pase-kryzys-1981-low-4\" width=\"1000\" height=\"216\" class=\"alignnone size-full wp-image-1504\" srcset=\"https:\/\/pracownia52.pl\/www\/wp-content\/uploads\/2010\/06\/pase-kryzys-1981-low-4.jpg?v=1627124263 1000w, https:\/\/pracownia52.pl\/www\/wp-content\/uploads\/2010\/06\/pase-kryzys-1981-low-4-300x65.jpg?v=1627124263 300w, https:\/\/pracownia52.pl\/www\/wp-content\/uploads\/2010\/06\/pase-kryzys-1981-low-4-768x166.jpg?v=1627124263 768w\" sizes=\"auto, (max-width: 767px) 89vw, (max-width: 1000px) 54vw, (max-width: 1071px) 543px, 580px\" \/><\/p>\n","protected":false},"excerpt":{"rendered":"<p>dwie klatki z paska negatywu z demonstracj\u0105 NSZ (i jak\u0105\u015b akcj\u0105 w re-repassage, te\u017c) nie za bardzo mnie zachwycili, wtedy. nieco wi\u0119cej o tych zdj\u0119ciach w \u201eObok\u2026\u201d, nie za du\u017co, w sumie. mr m.<\/p>\n","protected":false},"author":1,"featured_media":0,"parent":0,"menu_order":0,"comment_status":"closed","ping_status":"open","template":"","meta":{"footnotes":""},"class_list":["post-1503","page","type-page","status-publish","hentry"],"_links":{"self":[{"href":"https:\/\/pracownia52.pl\/www\/index.php?rest_route=\/wp\/v2\/pages\/1503","targetHints":{"allow":["GET"]}}],"collection":[{"href":"https:\/\/pracownia52.pl\/www\/index.php?rest_route=\/wp\/v2\/pages"}],"about":[{"href":"https:\/\/pracownia52.pl\/www\/index.php?rest_route=\/wp\/v2\/types\/page"}],"author":[{"embeddable":true,"href":"https:\/\/pracownia52.pl\/www\/index.php?rest_route=\/wp\/v2\/users\/1"}],"replies":[{"embeddable":true,"href":"https:\/\/pracownia52.pl\/www\/index.php?rest_route=%2Fwp%2Fv2%2Fcomments&post=1503"}],"version-history":[{"count":7,"href":"https:\/\/pracownia52.pl\/www\/index.php?rest_route=\/wp\/v2\/pages\/1503\/revisions"}],"predecessor-version":[{"id":7132,"href":"https:\/\/pracownia52.pl\/www\/index.php?rest_route=\/wp\/v2\/pages\/1503\/revisions\/7132"}],"wp:attachment":[{"href":"https:\/\/pracownia52.pl\/www\/index.php?rest_route=%2Fwp%2Fv2%2Fmedia&parent=1503"}],"curies":[{"name":"wp","href":"https:\/\/api.w.org\/{rel}","templated":true}]}}