{"id":1558,"date":"2010-06-14T11:08:16","date_gmt":"2010-06-14T11:08:16","guid":{"rendered":"http:\/\/pracownia52.pl\/www\/?page_id=1558"},"modified":"2018-01-10T16:29:45","modified_gmt":"2018-01-10T16:29:45","slug":"the-quartet","status":"publish","type":"page","link":"https:\/\/pracownia52.pl\/www\/?page_id=1558","title":{"rendered":"the Quartet"},"content":{"rendered":"<p>kilka zdj\u0119\u0107 dla mies. JAZZ; w tym: <strong>S\u0142awomir Kulpowicz<\/strong> (1952-2008), <strong>Tomasz Szukalski<\/strong> (1947\u22122012), <a href=\"http:\/\/ooops.pl\/?p=30886\"><strong>Janusz Stefa\u0144ski<\/strong><\/a> (1946-2016)\u2026<br \/>\nmr m.<br \/>\n<div id='gallery-1' class='gallery galleryid-1558 gallery-columns-3 gallery-size-large'><figure class='gallery-item'>\n\t\t\t<div class='gallery-icon landscape'>\n\t\t\t\t<a href='https:\/\/pracownia52.pl\/www\/wp-content\/uploads\/2010\/06\/szukalski-quartet-low-2.jpg'><img loading=\"lazy\" decoding=\"async\" width=\"525\" height=\"351\" src=\"https:\/\/pracownia52.pl\/www\/wp-content\/uploads\/2010\/06\/szukalski-quartet-low-2.jpg?v=1627124260\" class=\"attachment-large size-large\" alt=\"\" srcset=\"https:\/\/pracownia52.pl\/www\/wp-content\/uploads\/2010\/06\/szukalski-quartet-low-2.jpg?v=1627124260 800w, https:\/\/pracownia52.pl\/www\/wp-content\/uploads\/2010\/06\/szukalski-quartet-low-2-300x201.jpg?v=1627124260 300w, https:\/\/pracownia52.pl\/www\/wp-content\/uploads\/2010\/06\/szukalski-quartet-low-2-768x514.jpg?v=1627124260 768w\" sizes=\"auto, 100vw\" \/><\/a>\n\t\t\t<\/div><\/figure><figure class='gallery-item'>\n\t\t\t<div class='gallery-icon landscape'>\n\t\t\t\t<a href='https:\/\/pracownia52.pl\/www\/wp-content\/uploads\/2010\/06\/the-quartet-4low-1.jpg'><img loading=\"lazy\" decoding=\"async\" width=\"525\" height=\"350\" src=\"https:\/\/pracownia52.pl\/www\/wp-content\/uploads\/2010\/06\/the-quartet-4low-1.jpg?v=1627124260\" class=\"attachment-large size-large\" alt=\"\" srcset=\"https:\/\/pracownia52.pl\/www\/wp-content\/uploads\/2010\/06\/the-quartet-4low-1.jpg?v=1627124260 800w, https:\/\/pracownia52.pl\/www\/wp-content\/uploads\/2010\/06\/the-quartet-4low-1-300x200.jpg?v=1627124260 300w, https:\/\/pracownia52.pl\/www\/wp-content\/uploads\/2010\/06\/the-quartet-4low-1-768x513.jpg?v=1627124260 768w\" sizes=\"auto, 100vw\" \/><\/a>\n\t\t\t<\/div><\/figure><figure class='gallery-item'>\n\t\t\t<div class='gallery-icon landscape'>\n\t\t\t\t<a href='https:\/\/pracownia52.pl\/www\/wp-content\/uploads\/2010\/06\/kulpowicz-2-quortet-low.jpg'><img loading=\"lazy\" decoding=\"async\" width=\"525\" height=\"348\" src=\"https:\/\/pracownia52.pl\/www\/wp-content\/uploads\/2010\/06\/kulpowicz-2-quortet-low.jpg?v=1627124260\" class=\"attachment-large size-large\" alt=\"\" srcset=\"https:\/\/pracownia52.pl\/www\/wp-content\/uploads\/2010\/06\/kulpowicz-2-quortet-low.jpg?v=1627124260 800w, https:\/\/pracownia52.pl\/www\/wp-content\/uploads\/2010\/06\/kulpowicz-2-quortet-low-300x199.jpg?v=1627124260 300w, https:\/\/pracownia52.pl\/www\/wp-content\/uploads\/2010\/06\/kulpowicz-2-quortet-low-768x509.jpg?v=1627124260 768w\" sizes=\"auto, 100vw\" \/><\/a>\n\t\t\t<\/div><\/figure><figure class='gallery-item'>\n\t\t\t<div class='gallery-icon landscape'>\n\t\t\t\t<a href='https:\/\/pracownia52.pl\/www\/wp-content\/uploads\/2010\/06\/the-Quartet-stefanski-i-Mala-1980-fot-mr-makowski-1200pxl.jpg'><img loading=\"lazy\" decoding=\"async\" width=\"525\" height=\"331\" src=\"https:\/\/pracownia52.pl\/www\/wp-content\/uploads\/2010\/06\/the-Quartet-stefanski-i-Mala-1980-fot-mr-makowski-1200pxl-1024x645.jpg?v=1627123774\" class=\"attachment-large size-large\" alt=\"\" srcset=\"https:\/\/pracownia52.pl\/www\/wp-content\/uploads\/2010\/06\/the-Quartet-stefanski-i-Mala-1980-fot-mr-makowski-1200pxl-1024x645.jpg?v=1627123774 1024w, https:\/\/pracownia52.pl\/www\/wp-content\/uploads\/2010\/06\/the-Quartet-stefanski-i-Mala-1980-fot-mr-makowski-1200pxl-300x189.jpg?v=1627123774 300w, https:\/\/pracownia52.pl\/www\/wp-content\/uploads\/2010\/06\/the-Quartet-stefanski-i-Mala-1980-fot-mr-makowski-1200pxl-768x484.jpg?v=1627123774 768w, https:\/\/pracownia52.pl\/www\/wp-content\/uploads\/2010\/06\/the-Quartet-stefanski-i-Mala-1980-fot-mr-makowski-1200pxl.jpg?v=1627123774 1200w\" sizes=\"auto, 100vw\" \/><\/a>\n\t\t\t<\/div><\/figure><figure class='gallery-item'>\n\t\t\t<div class='gallery-icon landscape'>\n\t\t\t\t<a href='https:\/\/pracownia52.pl\/www\/wp-content\/uploads\/2010\/06\/the-Quartet-Stefanski-1980-fot-mr-makowski-1200pxl.jpg'><img loading=\"lazy\" decoding=\"async\" width=\"525\" height=\"342\" src=\"https:\/\/pracownia52.pl\/www\/wp-content\/uploads\/2010\/06\/the-Quartet-Stefanski-1980-fot-mr-makowski-1200pxl-1024x668.jpg?v=1627123773\" class=\"attachment-large size-large\" alt=\"\" srcset=\"https:\/\/pracownia52.pl\/www\/wp-content\/uploads\/2010\/06\/the-Quartet-Stefanski-1980-fot-mr-makowski-1200pxl-1024x668.jpg?v=1627123773 1024w, https:\/\/pracownia52.pl\/www\/wp-content\/uploads\/2010\/06\/the-Quartet-Stefanski-1980-fot-mr-makowski-1200pxl-300x196.jpg?v=1627123773 300w, https:\/\/pracownia52.pl\/www\/wp-content\/uploads\/2010\/06\/the-Quartet-Stefanski-1980-fot-mr-makowski-1200pxl-768x501.jpg?v=1627123773 768w, https:\/\/pracownia52.pl\/www\/wp-content\/uploads\/2010\/06\/the-Quartet-Stefanski-1980-fot-mr-makowski-1200pxl.jpg?v=1627123773 1200w\" sizes=\"auto, 100vw\" \/><\/a>\n\t\t\t<\/div><\/figure>\n\t\t<\/div>\n<\/p>\n","protected":false},"excerpt":{"rendered":"<p>kilka zdj\u0119\u0107 dla mies. JAZZ; w tym: S\u0142awomir Kulpowicz (1952-2008), Tomasz Szukalski (1947\u22122012), Janusz Stefa\u0144ski (1946-2016)\u2026 mr m.<\/p>\n","protected":false},"author":1,"featured_media":1561,"parent":0,"menu_order":0,"comment_status":"closed","ping_status":"open","template":"","meta":{"footnotes":""},"class_list":["post-1558","page","type-page","status-publish","has-post-thumbnail","hentry"],"_links":{"self":[{"href":"https:\/\/pracownia52.pl\/www\/index.php?rest_route=\/wp\/v2\/pages\/1558","targetHints":{"allow":["GET"]}}],"collection":[{"href":"https:\/\/pracownia52.pl\/www\/index.php?rest_route=\/wp\/v2\/pages"}],"about":[{"href":"https:\/\/pracownia52.pl\/www\/index.php?rest_route=\/wp\/v2\/types\/page"}],"author":[{"embeddable":true,"href":"https:\/\/pracownia52.pl\/www\/index.php?rest_route=\/wp\/v2\/users\/1"}],"replies":[{"embeddable":true,"href":"https:\/\/pracownia52.pl\/www\/index.php?rest_route=%2Fwp%2Fv2%2Fcomments&post=1558"}],"version-history":[{"count":13,"href":"https:\/\/pracownia52.pl\/www\/index.php?rest_route=\/wp\/v2\/pages\/1558\/revisions"}],"predecessor-version":[{"id":7483,"href":"https:\/\/pracownia52.pl\/www\/index.php?rest_route=\/wp\/v2\/pages\/1558\/revisions\/7483"}],"wp:featuredmedia":[{"embeddable":true,"href":"https:\/\/pracownia52.pl\/www\/index.php?rest_route=\/wp\/v2\/media\/1561"}],"wp:attachment":[{"href":"https:\/\/pracownia52.pl\/www\/index.php?rest_route=%2Fwp%2Fv2%2Fmedia&parent=1558"}],"curies":[{"name":"wp","href":"https:\/\/api.w.org\/{rel}","templated":true}]}}