{"id":1581,"date":"2010-06-15T07:05:18","date_gmt":"2010-06-15T07:05:18","guid":{"rendered":"http:\/\/pracownia52.pl\/www\/?page_id=1581"},"modified":"2018-12-24T13:58:10","modified_gmt":"2018-12-24T13:58:10","slug":"don-cherry","status":"publish","type":"page","link":"https:\/\/pracownia52.pl\/www\/?page_id=1581","title":{"rendered":"Don Cherry"},"content":{"rendered":"\n<p>kilka zdj\u0119\u0107 z r\u00f3\u017cnych <a href=\"https:\/\/pracownia52.pl\/www\/?page_id=1594\"><strong>Jazz Jamboree<\/strong><\/a> i z <a href=\"https:\/\/pracownia52.pl\/www\/?page_id=4361\"><strong>berlina<\/strong><\/a> (zach.)<br \/>mr m.<\/p>\n\n\n\n<ul class=\"wp-block-gallery columns-2 is-cropped wp-block-gallery-1 is-layout-flex wp-block-gallery-is-layout-flex\"><li class=\"blocks-gallery-item\"><figure><a href=\"https:\/\/pracownia52.pl\/www\/wp-content\/uploads\/2018\/10\/sam-Don-Cherry-kulisy1980-jazz-jam-fot-mr-makowski-001-low.jpg\"><img loading=\"lazy\" decoding=\"async\" width=\"1200\" height=\"801\" src=\"https:\/\/pracownia52.pl\/www\/wp-content\/uploads\/2018\/10\/sam-Don-Cherry-kulisy1980-jazz-jam-fot-mr-makowski-001-low.jpg\" alt=\"\" data-id=\"7777\" class=\"wp-image-7777\" srcset=\"https:\/\/pracownia52.pl\/www\/wp-content\/uploads\/2018\/10\/sam-Don-Cherry-kulisy1980-jazz-jam-fot-mr-makowski-001-low.jpg?v=1627123698 1200w, https:\/\/pracownia52.pl\/www\/wp-content\/uploads\/2018\/10\/sam-Don-Cherry-kulisy1980-jazz-jam-fot-mr-makowski-001-low-300x200.jpg?v=1627123698 300w, https:\/\/pracownia52.pl\/www\/wp-content\/uploads\/2018\/10\/sam-Don-Cherry-kulisy1980-jazz-jam-fot-mr-makowski-001-low-1024x684.jpg?v=1627123698 1024w, https:\/\/pracownia52.pl\/www\/wp-content\/uploads\/2018\/10\/sam-Don-Cherry-kulisy1980-jazz-jam-fot-mr-makowski-001-low-768x513.jpg?v=1627123698 768w\" sizes=\"auto, (max-width: 767px) 89vw, (max-width: 1000px) 54vw, (max-width: 1071px) 543px, 580px\" \/><\/a><\/figure><\/li><li class=\"blocks-gallery-item\"><figure><a href=\"https:\/\/pracownia52.pl\/www\/wp-content\/uploads\/2010\/06\/1980-jj-kulisy-4.jpg\"><img loading=\"lazy\" decoding=\"async\" width=\"800\" height=\"535\" src=\"https:\/\/pracownia52.pl\/www\/wp-content\/uploads\/2010\/06\/1980-jj-kulisy-4.jpg\" alt=\"\" data-id=\"1582\" class=\"wp-image-1582\" srcset=\"https:\/\/pracownia52.pl\/www\/wp-content\/uploads\/2010\/06\/1980-jj-kulisy-4.jpg?v=1627124259 800w, https:\/\/pracownia52.pl\/www\/wp-content\/uploads\/2010\/06\/1980-jj-kulisy-4-300x201.jpg?v=1627124259 300w, https:\/\/pracownia52.pl\/www\/wp-content\/uploads\/2010\/06\/1980-jj-kulisy-4-768x514.jpg?v=1627124259 768w\" sizes=\"auto, (max-width: 767px) 89vw, (max-width: 1000px) 54vw, (max-width: 1071px) 543px, 580px\" \/><\/a><\/figure><\/li><\/ul>\n\n\n\n<ul class=\"wp-block-gallery columns-2 is-cropped wp-block-gallery-2 is-layout-flex wp-block-gallery-is-layout-flex\"><li class=\"blocks-gallery-item\"><figure><a href=\"https:\/\/pracownia52.pl\/www\/wp-content\/uploads\/2018\/10\/1980-jj-Don-Cherry-013-fot-mr-makowski-low.jpg\"><img loading=\"lazy\" decoding=\"async\" width=\"1200\" height=\"805\" src=\"https:\/\/pracownia52.pl\/www\/wp-content\/uploads\/2018\/10\/1980-jj-Don-Cherry-013-fot-mr-makowski-low.jpg\" alt=\"\" data-id=\"7798\" class=\"wp-image-7798\" srcset=\"https:\/\/pracownia52.pl\/www\/wp-content\/uploads\/2018\/10\/1980-jj-Don-Cherry-013-fot-mr-makowski-low.jpg?v=1627123694 1200w, https:\/\/pracownia52.pl\/www\/wp-content\/uploads\/2018\/10\/1980-jj-Don-Cherry-013-fot-mr-makowski-low-300x201.jpg?v=1627123694 300w, https:\/\/pracownia52.pl\/www\/wp-content\/uploads\/2018\/10\/1980-jj-Don-Cherry-013-fot-mr-makowski-low-1024x687.jpg?v=1627123694 1024w, https:\/\/pracownia52.pl\/www\/wp-content\/uploads\/2018\/10\/1980-jj-Don-Cherry-013-fot-mr-makowski-low-768x515.jpg?v=1627123694 768w\" sizes=\"auto, (max-width: 767px) 89vw, (max-width: 1000px) 54vw, (max-width: 1071px) 543px, 580px\" \/><\/a><\/figure><\/li><li class=\"blocks-gallery-item\"><figure><a href=\"https:\/\/pracownia52.pl\/www\/wp-content\/uploads\/2018\/10\/1980-Don-Cherry-Kongresowa-fot-mr-mak-245.jpg\"><img loading=\"lazy\" decoding=\"async\" width=\"1200\" height=\"807\" src=\"https:\/\/pracownia52.pl\/www\/wp-content\/uploads\/2018\/10\/1980-Don-Cherry-Kongresowa-fot-mr-mak-245.jpg\" alt=\"\" data-id=\"7810\" class=\"wp-image-7810\" srcset=\"https:\/\/pracownia52.pl\/www\/wp-content\/uploads\/2018\/10\/1980-Don-Cherry-Kongresowa-fot-mr-mak-245.jpg?v=1627123694 1200w, https:\/\/pracownia52.pl\/www\/wp-content\/uploads\/2018\/10\/1980-Don-Cherry-Kongresowa-fot-mr-mak-245-300x202.jpg?v=1627123694 300w, https:\/\/pracownia52.pl\/www\/wp-content\/uploads\/2018\/10\/1980-Don-Cherry-Kongresowa-fot-mr-mak-245-1024x689.jpg?v=1627123694 1024w, https:\/\/pracownia52.pl\/www\/wp-content\/uploads\/2018\/10\/1980-Don-Cherry-Kongresowa-fot-mr-mak-245-768x516.jpg?v=1627123694 768w\" sizes=\"auto, (max-width: 767px) 89vw, (max-width: 1000px) 54vw, (max-width: 1071px) 543px, 580px\" \/><\/a><\/figure><\/li><\/ul>\n","protected":false},"excerpt":{"rendered":"<p>kilka zdj\u0119\u0107 z r\u00f3\u017cnych Jazz Jamboree i z berlina (zach.)mr m.<\/p>\n","protected":false},"author":1,"featured_media":0,"parent":0,"menu_order":0,"comment_status":"closed","ping_status":"open","template":"","meta":{"footnotes":""},"class_list":["post-1581","page","type-page","status-publish","hentry"],"_links":{"self":[{"href":"https:\/\/pracownia52.pl\/www\/index.php?rest_route=\/wp\/v2\/pages\/1581","targetHints":{"allow":["GET"]}}],"collection":[{"href":"https:\/\/pracownia52.pl\/www\/index.php?rest_route=\/wp\/v2\/pages"}],"about":[{"href":"https:\/\/pracownia52.pl\/www\/index.php?rest_route=\/wp\/v2\/types\/page"}],"author":[{"embeddable":true,"href":"https:\/\/pracownia52.pl\/www\/index.php?rest_route=\/wp\/v2\/users\/1"}],"replies":[{"embeddable":true,"href":"https:\/\/pracownia52.pl\/www\/index.php?rest_route=%2Fwp%2Fv2%2Fcomments&post=1581"}],"version-history":[{"count":11,"href":"https:\/\/pracownia52.pl\/www\/index.php?rest_route=\/wp\/v2\/pages\/1581\/revisions"}],"predecessor-version":[{"id":8312,"href":"https:\/\/pracownia52.pl\/www\/index.php?rest_route=\/wp\/v2\/pages\/1581\/revisions\/8312"}],"wp:attachment":[{"href":"https:\/\/pracownia52.pl\/www\/index.php?rest_route=%2Fwp%2Fv2%2Fmedia&parent=1581"}],"curies":[{"name":"wp","href":"https:\/\/api.w.org\/{rel}","templated":true}]}}