{"id":1605,"date":"2010-06-15T07:20:03","date_gmt":"2010-06-15T07:20:03","guid":{"rendered":"http:\/\/pracownia52.pl\/www\/?page_id=1605"},"modified":"2017-07-16T07:55:08","modified_gmt":"2017-07-16T07:55:08","slug":"bobby-mcferrin-i-urszula-dudziak","status":"publish","type":"page","link":"https:\/\/pracownia52.pl\/www\/?page_id=1605","title":{"rendered":"Bobby McFerrin i Urszula Dudziak"},"content":{"rendered":"<p>Jazz Jamboree 1985. jeszcze nas (niekt\u00f3rych, fakt) wpuszczali za kulisy; ale festiwal nie by\u0142 ju\u017c taki (ho! ho! ho\u2026) jak <a href=\"https:\/\/pracownia52.pl\/www\/?page_id=1594\">kiedy\u015b<\/a>\u2026<br \/>\nmr m.<br \/>\n<img loading=\"lazy\" decoding=\"async\" src=\"http:\/\/pracownia52.pl\/www\/wp-content\/uploads\/2010\/06\/1985-ursz-dudziak-low-bobby-mcferrin-2jj.jpg\" alt=\"\" title=\"1985-ursz-dudziak-low-bobby-mcferrin-2jj\" width=\"800\" height=\"529\" class=\"alignnone size-full wp-image-1606\" srcset=\"https:\/\/pracownia52.pl\/www\/wp-content\/uploads\/2010\/06\/1985-ursz-dudziak-low-bobby-mcferrin-2jj.jpg?v=1627124258 800w, https:\/\/pracownia52.pl\/www\/wp-content\/uploads\/2010\/06\/1985-ursz-dudziak-low-bobby-mcferrin-2jj-300x198.jpg?v=1627124258 300w, https:\/\/pracownia52.pl\/www\/wp-content\/uploads\/2010\/06\/1985-ursz-dudziak-low-bobby-mcferrin-2jj-768x508.jpg?v=1627124258 768w\" sizes=\"auto, (max-width: 767px) 89vw, (max-width: 1000px) 54vw, (max-width: 1071px) 543px, 580px\" \/><\/p>\n","protected":false},"excerpt":{"rendered":"<p>Jazz Jamboree 1985. jeszcze nas (niekt\u00f3rych, fakt) wpuszczali za kulisy; ale festiwal nie by\u0142 ju\u017c taki (ho! ho! ho\u2026) jak kiedy\u015b\u2026 mr m.<\/p>\n","protected":false},"author":1,"featured_media":0,"parent":0,"menu_order":0,"comment_status":"closed","ping_status":"open","template":"","meta":{"footnotes":""},"class_list":["post-1605","page","type-page","status-publish","hentry"],"_links":{"self":[{"href":"https:\/\/pracownia52.pl\/www\/index.php?rest_route=\/wp\/v2\/pages\/1605","targetHints":{"allow":["GET"]}}],"collection":[{"href":"https:\/\/pracownia52.pl\/www\/index.php?rest_route=\/wp\/v2\/pages"}],"about":[{"href":"https:\/\/pracownia52.pl\/www\/index.php?rest_route=\/wp\/v2\/types\/page"}],"author":[{"embeddable":true,"href":"https:\/\/pracownia52.pl\/www\/index.php?rest_route=\/wp\/v2\/users\/1"}],"replies":[{"embeddable":true,"href":"https:\/\/pracownia52.pl\/www\/index.php?rest_route=%2Fwp%2Fv2%2Fcomments&post=1605"}],"version-history":[{"count":5,"href":"https:\/\/pracownia52.pl\/www\/index.php?rest_route=\/wp\/v2\/pages\/1605\/revisions"}],"predecessor-version":[{"id":7047,"href":"https:\/\/pracownia52.pl\/www\/index.php?rest_route=\/wp\/v2\/pages\/1605\/revisions\/7047"}],"wp:attachment":[{"href":"https:\/\/pracownia52.pl\/www\/index.php?rest_route=%2Fwp%2Fv2%2Fmedia&parent=1605"}],"curies":[{"name":"wp","href":"https:\/\/api.w.org\/{rel}","templated":true}]}}