{"id":1643,"date":"2010-06-15T07:47:32","date_gmt":"2010-06-15T07:47:32","guid":{"rendered":"http:\/\/pracownia52.pl\/www\/?page_id=1643"},"modified":"2018-12-24T09:59:31","modified_gmt":"2018-12-24T09:59:31","slug":"kontrola-w-kosmetyki-mrs-pinki","status":"publish","type":"page","link":"https:\/\/pracownia52.pl\/www\/?page_id=1643","title":{"rendered":"Kontrola W. \\ Kosmetyki Mrs. Pinki"},"content":{"rendered":"\n<p>zdj\u0119cia jeszcze z Poznania (<a href=\"https:\/\/pracownia52.pl\/www\/?page_id=3712\"><strong>1983<\/strong><\/a>). p\u00f3\u017aniej sporo: Jarocin. fotogeniczna solistka.<br \/>mr m.<\/p>\n\n\n\n<ul class=\"wp-block-gallery columns-3 is-cropped wp-block-gallery-1 is-layout-flex wp-block-gallery-is-layout-flex\"><li class=\"blocks-gallery-item\"><figure><a href=\"https:\/\/pracownia52.pl\/www\/wp-content\/uploads\/2010\/06\/1986-kulda-katarzyna-low-1.jpg\"><img loading=\"lazy\" decoding=\"async\" width=\"800\" height=\"531\" src=\"https:\/\/pracownia52.pl\/www\/wp-content\/uploads\/2010\/06\/1986-kulda-katarzyna-low-1.jpg\" alt=\"\" data-id=\"1648\" class=\"wp-image-1648\" srcset=\"https:\/\/pracownia52.pl\/www\/wp-content\/uploads\/2010\/06\/1986-kulda-katarzyna-low-1.jpg?v=1627124256 800w, https:\/\/pracownia52.pl\/www\/wp-content\/uploads\/2010\/06\/1986-kulda-katarzyna-low-1-300x199.jpg?v=1627124256 300w, https:\/\/pracownia52.pl\/www\/wp-content\/uploads\/2010\/06\/1986-kulda-katarzyna-low-1-768x510.jpg?v=1627124256 768w\" sizes=\"auto, (max-width: 767px) 89vw, (max-width: 1000px) 54vw, (max-width: 1071px) 543px, 580px\" \/><\/a><\/figure><\/li><li class=\"blocks-gallery-item\"><figure><a href=\"https:\/\/pracownia52.pl\/www\/wp-content\/uploads\/2010\/06\/KontrolaW-1983-00102mn.jpg\"><img loading=\"lazy\" decoding=\"async\" width=\"650\" height=\"433\" src=\"https:\/\/pracownia52.pl\/www\/wp-content\/uploads\/2010\/06\/KontrolaW-1983-00102mn.jpg\" alt=\"\" data-id=\"1644\" class=\"wp-image-1644\" srcset=\"https:\/\/pracownia52.pl\/www\/wp-content\/uploads\/2010\/06\/KontrolaW-1983-00102mn.jpg?v=1627124256 650w, https:\/\/pracownia52.pl\/www\/wp-content\/uploads\/2010\/06\/KontrolaW-1983-00102mn-300x200.jpg?v=1627124256 300w\" sizes=\"auto, (max-width: 650px) 100vw, 650px\" \/><\/a><\/figure><\/li><li class=\"blocks-gallery-item\"><figure><a href=\"https:\/\/pracownia52.pl\/www\/wp-content\/uploads\/2010\/06\/kontrola-W-poznan-1983-21.jpg\"><img loading=\"lazy\" decoding=\"async\" width=\"800\" height=\"378\" src=\"https:\/\/pracownia52.pl\/www\/wp-content\/uploads\/2010\/06\/kontrola-W-poznan-1983-21.jpg\" alt=\"\" data-id=\"2012\" class=\"wp-image-2012\" srcset=\"https:\/\/pracownia52.pl\/www\/wp-content\/uploads\/2010\/06\/kontrola-W-poznan-1983-21.jpg?v=1627124235 800w, https:\/\/pracownia52.pl\/www\/wp-content\/uploads\/2010\/06\/kontrola-W-poznan-1983-21-300x142.jpg?v=1627124235 300w, https:\/\/pracownia52.pl\/www\/wp-content\/uploads\/2010\/06\/kontrola-W-poznan-1983-21-768x363.jpg?v=1627124235 768w\" sizes=\"auto, (max-width: 767px) 89vw, (max-width: 1000px) 54vw, (max-width: 1071px) 543px, 580px\" \/><\/a><\/figure><\/li><\/ul>\n","protected":false},"excerpt":{"rendered":"<p>zdj\u0119cia jeszcze z Poznania (1983). p\u00f3\u017aniej sporo: Jarocin. fotogeniczna solistka.mr m.<\/p>\n","protected":false},"author":1,"featured_media":2012,"parent":0,"menu_order":0,"comment_status":"closed","ping_status":"open","template":"","meta":{"footnotes":""},"class_list":["post-1643","page","type-page","status-publish","has-post-thumbnail","hentry"],"_links":{"self":[{"href":"https:\/\/pracownia52.pl\/www\/index.php?rest_route=\/wp\/v2\/pages\/1643","targetHints":{"allow":["GET"]}}],"collection":[{"href":"https:\/\/pracownia52.pl\/www\/index.php?rest_route=\/wp\/v2\/pages"}],"about":[{"href":"https:\/\/pracownia52.pl\/www\/index.php?rest_route=\/wp\/v2\/types\/page"}],"author":[{"embeddable":true,"href":"https:\/\/pracownia52.pl\/www\/index.php?rest_route=\/wp\/v2\/users\/1"}],"replies":[{"embeddable":true,"href":"https:\/\/pracownia52.pl\/www\/index.php?rest_route=%2Fwp%2Fv2%2Fcomments&post=1643"}],"version-history":[{"count":14,"href":"https:\/\/pracownia52.pl\/www\/index.php?rest_route=\/wp\/v2\/pages\/1643\/revisions"}],"predecessor-version":[{"id":8193,"href":"https:\/\/pracownia52.pl\/www\/index.php?rest_route=\/wp\/v2\/pages\/1643\/revisions\/8193"}],"wp:featuredmedia":[{"embeddable":true,"href":"https:\/\/pracownia52.pl\/www\/index.php?rest_route=\/wp\/v2\/media\/2012"}],"wp:attachment":[{"href":"https:\/\/pracownia52.pl\/www\/index.php?rest_route=%2Fwp%2Fv2%2Fmedia&parent=1643"}],"curies":[{"name":"wp","href":"https:\/\/api.w.org\/{rel}","templated":true}]}}