{"id":1656,"date":"2010-06-15T07:53:46","date_gmt":"2010-06-15T07:53:46","guid":{"rendered":"http:\/\/pracownia52.pl\/www\/?page_id=1656"},"modified":"2019-05-20T14:48:51","modified_gmt":"2019-05-20T14:48:51","slug":"krzesimir-debski","status":"publish","type":"page","link":"https:\/\/pracownia52.pl\/www\/?page_id=1656","title":{"rendered":"Krzesimir D\u0119bski"},"content":{"rendered":"\n<figure class=\"wp-block-image\"><a href=\"https:\/\/pracownia52.pl\/www\/wp-content\/uploads\/2010\/06\/rockarena-1983-krzesimir.jpg\"><img loading=\"lazy\" decoding=\"async\" width=\"600\" height=\"895\" src=\"http:\/\/pracownia52.pl\/www\/wp-content\/uploads\/2010\/06\/rockarena-1983-krzesimir.jpg\" alt=\"\" class=\"wp-image-1657\" srcset=\"https:\/\/pracownia52.pl\/www\/wp-content\/uploads\/2010\/06\/rockarena-1983-krzesimir.jpg?v=1627124255 600w, https:\/\/pracownia52.pl\/www\/wp-content\/uploads\/2010\/06\/rockarena-1983-krzesimir-201x300.jpg?v=1627124255 201w\" sizes=\"auto, (max-width: 600px) 100vw, 600px\" \/><\/a><\/figure>\n\n\n\n<p>Wy\u017cej: z Krzakiem, Pozna\u0144 (1983). jeszcze kilka zdje\u0107, z r\u00f3\u017cnych okazji \u2013 w tym: z <strong><a href=\"http:\/\/pracownia52.pl\/www\/?page_id=1590\">Didier Lockwoodem<\/a><\/strong> na Jazz Jamboree (1981).<br \/>mr m.<\/p>\n\n\n\n<figure class=\"wp-block-image\"><a href=\"https:\/\/pracownia52.pl\/www\/wp-content\/uploads\/2010\/06\/jj-1981-didier-lockwood-krz-debski-low-1.jpg\"><img loading=\"lazy\" decoding=\"async\" width=\"1024\" height=\"340\" src=\"https:\/\/pracownia52.pl\/www\/wp-content\/uploads\/2010\/06\/jj-1981-didier-lockwood-krz-debski-low-1-1024x340.jpg\" alt=\"\" class=\"wp-image-1664\" srcset=\"https:\/\/pracownia52.pl\/www\/wp-content\/uploads\/2010\/06\/jj-1981-didier-lockwood-krz-debski-low-1-1024x340.jpg?v=1627124255 1024w, https:\/\/pracownia52.pl\/www\/wp-content\/uploads\/2010\/06\/jj-1981-didier-lockwood-krz-debski-low-1-300x100.jpg?v=1627124255 300w, https:\/\/pracownia52.pl\/www\/wp-content\/uploads\/2010\/06\/jj-1981-didier-lockwood-krz-debski-low-1-768x255.jpg?v=1627124255 768w, https:\/\/pracownia52.pl\/www\/wp-content\/uploads\/2010\/06\/jj-1981-didier-lockwood-krz-debski-low-1.jpg?v=1627124255 1200w\" sizes=\"auto, (max-width: 767px) 89vw, (max-width: 1000px) 54vw, (max-width: 1071px) 543px, 580px\" \/><\/a><\/figure>\n","protected":false},"excerpt":{"rendered":"<p>Wy\u017cej: z Krzakiem, Pozna\u0144 (1983). jeszcze kilka zdje\u0107, z r\u00f3\u017cnych okazji \u2013 w tym: z Didier Lockwoodem na Jazz Jamboree (1981).mr m.<\/p>\n","protected":false},"author":1,"featured_media":0,"parent":0,"menu_order":0,"comment_status":"closed","ping_status":"open","template":"","meta":{"footnotes":""},"class_list":["post-1656","page","type-page","status-publish","hentry"],"_links":{"self":[{"href":"https:\/\/pracownia52.pl\/www\/index.php?rest_route=\/wp\/v2\/pages\/1656","targetHints":{"allow":["GET"]}}],"collection":[{"href":"https:\/\/pracownia52.pl\/www\/index.php?rest_route=\/wp\/v2\/pages"}],"about":[{"href":"https:\/\/pracownia52.pl\/www\/index.php?rest_route=\/wp\/v2\/types\/page"}],"author":[{"embeddable":true,"href":"https:\/\/pracownia52.pl\/www\/index.php?rest_route=\/wp\/v2\/users\/1"}],"replies":[{"embeddable":true,"href":"https:\/\/pracownia52.pl\/www\/index.php?rest_route=%2Fwp%2Fv2%2Fcomments&post=1656"}],"version-history":[{"count":7,"href":"https:\/\/pracownia52.pl\/www\/index.php?rest_route=\/wp\/v2\/pages\/1656\/revisions"}],"predecessor-version":[{"id":9369,"href":"https:\/\/pracownia52.pl\/www\/index.php?rest_route=\/wp\/v2\/pages\/1656\/revisions\/9369"}],"wp:attachment":[{"href":"https:\/\/pracownia52.pl\/www\/index.php?rest_route=%2Fwp%2Fv2%2Fmedia&parent=1656"}],"curies":[{"name":"wp","href":"https:\/\/api.w.org\/{rel}","templated":true}]}}