{"id":167,"date":"2010-06-11T08:01:09","date_gmt":"2010-06-11T08:01:09","guid":{"rendered":"http:\/\/pracownia52.pl\/www\/?page_id=167"},"modified":"2018-12-24T10:37:49","modified_gmt":"2018-12-24T10:37:49","slug":"cydhie-genoside","status":"publish","type":"page","link":"https:\/\/pracownia52.pl\/www\/?page_id=167","title":{"rendered":"cydhie genoside"},"content":{"rendered":"\n<p>ok\u0142adki LP, MK, zdj\u0119cia<br \/>w tym: Patrycja Woy-Wojciechowska i Tomek Ladon. zdj\u0119cie z ok\u0142adki kasety. lubi\u0119 te zdj\u0119cia. (ale i projekty ok\u0142adek dw\u00f3ch p\u0142yt LP, wydawane w czasach, gdy \u201ewchodzi\u0142\u201d CD. c\u00f3\u017c\u2026)<br \/>a nieco wi\u0119cej info (+ niekiedy radykalne oceny) znajdziecie <a href=\"http:\/\/musicblog-piotrk.blogspot.com\/2012\/09\/cydhie-genoside.html\"><strong>tam<\/strong><\/a>.<br \/>mr m.<\/p>\n\n\n\n<ul class=\"wp-block-gallery columns-3 is-cropped wp-block-gallery-1 is-layout-flex wp-block-gallery-is-layout-flex\"><li class=\"blocks-gallery-item\"><figure><a href=\"https:\/\/pracownia52.pl\/www\/wp-content\/uploads\/2010\/06\/goblet-rekonstr.jpg\"><img loading=\"lazy\" decoding=\"async\" width=\"800\" height=\"802\" src=\"https:\/\/pracownia52.pl\/www\/wp-content\/uploads\/2010\/06\/goblet-rekonstr.jpg\" alt=\"\" data-id=\"170\" class=\"wp-image-170\" srcset=\"https:\/\/pracownia52.pl\/www\/wp-content\/uploads\/2010\/06\/goblet-rekonstr.jpg?v=1632751913 800w, https:\/\/pracownia52.pl\/www\/wp-content\/uploads\/2010\/06\/goblet-rekonstr-300x300.jpg?v=1632751913 300w, https:\/\/pracownia52.pl\/www\/wp-content\/uploads\/2010\/06\/goblet-rekonstr-150x150.jpg?v=1632751913 150w, https:\/\/pracownia52.pl\/www\/wp-content\/uploads\/2010\/06\/goblet-rekonstr-768x770.jpg?v=1632751913 768w, https:\/\/pracownia52.pl\/www\/wp-content\/uploads\/2010\/06\/goblet-rekonstr-75x75.jpg?v=1632751913 75w\" sizes=\"auto, (max-width: 767px) 89vw, (max-width: 1000px) 54vw, (max-width: 1071px) 543px, 580px\" \/><\/a><\/figure><\/li><li class=\"blocks-gallery-item\"><figure><a href=\"https:\/\/pracownia52.pl\/www\/wp-content\/uploads\/2010\/06\/cydhie-genoside-001.jpg\"><img loading=\"lazy\" decoding=\"async\" width=\"450\" height=\"287\" src=\"https:\/\/pracownia52.pl\/www\/wp-content\/uploads\/2010\/06\/cydhie-genoside-001.jpg\" alt=\"\" data-id=\"4122\" class=\"wp-image-4122\" srcset=\"https:\/\/pracownia52.pl\/www\/wp-content\/uploads\/2010\/06\/cydhie-genoside-001.jpg?v=1632751841 450w, https:\/\/pracownia52.pl\/www\/wp-content\/uploads\/2010\/06\/cydhie-genoside-001-300x191.jpg?v=1632751841 300w\" sizes=\"auto, (max-width: 450px) 100vw, 450px\" \/><\/a><\/figure><\/li><li class=\"blocks-gallery-item\"><figure><a href=\"https:\/\/pracownia52.pl\/www\/wp-content\/uploads\/2010\/06\/cydhie-genoside-mk-02.jpg\"><img loading=\"lazy\" decoding=\"async\" width=\"721\" height=\"1077\" src=\"https:\/\/pracownia52.pl\/www\/wp-content\/uploads\/2010\/06\/cydhie-genoside-mk-02.jpg\" alt=\"\" data-id=\"4123\" class=\"wp-image-4123\" srcset=\"https:\/\/pracownia52.pl\/www\/wp-content\/uploads\/2010\/06\/cydhie-genoside-mk-02.jpg?v=1632751813 721w, https:\/\/pracownia52.pl\/www\/wp-content\/uploads\/2010\/06\/cydhie-genoside-mk-02-201x300.jpg?v=1632751813 201w, https:\/\/pracownia52.pl\/www\/wp-content\/uploads\/2010\/06\/cydhie-genoside-mk-02-686x1024.jpg?v=1632751813 686w\" sizes=\"auto, (max-width: 721px) 100vw, 721px\" \/><\/a><\/figure><\/li><li class=\"blocks-gallery-item\"><figure><a href=\"https:\/\/pracownia52.pl\/www\/wp-content\/uploads\/2010\/06\/genoside-01.jpg\"><img loading=\"lazy\" decoding=\"async\" width=\"500\" height=\"500\" src=\"https:\/\/pracownia52.pl\/www\/wp-content\/uploads\/2010\/06\/genoside-01.jpg\" alt=\"\" data-id=\"4124\" class=\"wp-image-4124\" srcset=\"https:\/\/pracownia52.pl\/www\/wp-content\/uploads\/2010\/06\/genoside-01.jpg?v=1632751863 500w, https:\/\/pracownia52.pl\/www\/wp-content\/uploads\/2010\/06\/genoside-01-300x300.jpg?v=1632751863 300w, https:\/\/pracownia52.pl\/www\/wp-content\/uploads\/2010\/06\/genoside-01-150x150.jpg?v=1632751863 150w, https:\/\/pracownia52.pl\/www\/wp-content\/uploads\/2010\/06\/genoside-01-75x75.jpg?v=1632751863 75w\" sizes=\"auto, (max-width: 500px) 100vw, 500px\" \/><\/a><\/figure><\/li><li class=\"blocks-gallery-item\"><figure><a href=\"https:\/\/pracownia52.pl\/www\/wp-content\/uploads\/2010\/06\/patrycja-ww-tom-ladon-901.jpg\"><img loading=\"lazy\" decoding=\"async\" width=\"450\" height=\"318\" src=\"https:\/\/pracownia52.pl\/www\/wp-content\/uploads\/2010\/06\/patrycja-ww-tom-ladon-901.jpg\" alt=\"\" data-id=\"4126\" class=\"wp-image-4126\" srcset=\"https:\/\/pracownia52.pl\/www\/wp-content\/uploads\/2010\/06\/patrycja-ww-tom-ladon-901.jpg?v=1627124078 450w, https:\/\/pracownia52.pl\/www\/wp-content\/uploads\/2010\/06\/patrycja-ww-tom-ladon-901-300x212.jpg?v=1627124078 300w\" sizes=\"auto, (max-width: 450px) 100vw, 450px\" \/><\/a><\/figure><\/li><li class=\"blocks-gallery-item\"><figure><a href=\"https:\/\/pracownia52.pl\/www\/wp-content\/uploads\/2018\/11\/01-1990-cydhie-genocide-339.jpg\"><img loading=\"lazy\" decoding=\"async\" width=\"1200\" height=\"794\" src=\"https:\/\/pracownia52.pl\/www\/wp-content\/uploads\/2018\/11\/01-1990-cydhie-genocide-339.jpg\" alt=\"\" data-id=\"7967\" class=\"wp-image-7967\" srcset=\"https:\/\/pracownia52.pl\/www\/wp-content\/uploads\/2018\/11\/01-1990-cydhie-genocide-339.jpg?v=1627123679 1200w, https:\/\/pracownia52.pl\/www\/wp-content\/uploads\/2018\/11\/01-1990-cydhie-genocide-339-300x199.jpg?v=1627123679 300w, https:\/\/pracownia52.pl\/www\/wp-content\/uploads\/2018\/11\/01-1990-cydhie-genocide-339-1024x678.jpg?v=1627123679 1024w, https:\/\/pracownia52.pl\/www\/wp-content\/uploads\/2018\/11\/01-1990-cydhie-genocide-339-768x508.jpg?v=1627123679 768w\" sizes=\"auto, (max-width: 767px) 89vw, (max-width: 1000px) 54vw, (max-width: 1071px) 543px, 580px\" \/><\/a><\/figure><\/li><\/ul>\n","protected":false},"excerpt":{"rendered":"<p>ok\u0142adki LP, MK, zdj\u0119ciaw tym: Patrycja Woy-Wojciechowska i Tomek Ladon. zdj\u0119cie z ok\u0142adki kasety. lubi\u0119 te zdj\u0119cia. (ale i projekty ok\u0142adek dw\u00f3ch p\u0142yt LP, wydawane w czasach, gdy \u201ewchodzi\u0142\u201d CD. c\u00f3\u017c\u2026)a nieco wi\u0119cej info (+ niekiedy radykalne oceny) znajdziecie tam.mr m.<\/p>\n","protected":false},"author":1,"featured_media":4125,"parent":0,"menu_order":0,"comment_status":"closed","ping_status":"open","template":"","meta":{"footnotes":""},"class_list":["post-167","page","type-page","status-publish","has-post-thumbnail","hentry"],"_links":{"self":[{"href":"https:\/\/pracownia52.pl\/www\/index.php?rest_route=\/wp\/v2\/pages\/167","targetHints":{"allow":["GET"]}}],"collection":[{"href":"https:\/\/pracownia52.pl\/www\/index.php?rest_route=\/wp\/v2\/pages"}],"about":[{"href":"https:\/\/pracownia52.pl\/www\/index.php?rest_route=\/wp\/v2\/types\/page"}],"author":[{"embeddable":true,"href":"https:\/\/pracownia52.pl\/www\/index.php?rest_route=\/wp\/v2\/users\/1"}],"replies":[{"embeddable":true,"href":"https:\/\/pracownia52.pl\/www\/index.php?rest_route=%2Fwp%2Fv2%2Fcomments&post=167"}],"version-history":[{"count":15,"href":"https:\/\/pracownia52.pl\/www\/index.php?rest_route=\/wp\/v2\/pages\/167\/revisions"}],"predecessor-version":[{"id":8204,"href":"https:\/\/pracownia52.pl\/www\/index.php?rest_route=\/wp\/v2\/pages\/167\/revisions\/8204"}],"wp:featuredmedia":[{"embeddable":true,"href":"https:\/\/pracownia52.pl\/www\/index.php?rest_route=\/wp\/v2\/media\/4125"}],"wp:attachment":[{"href":"https:\/\/pracownia52.pl\/www\/index.php?rest_route=%2Fwp%2Fv2%2Fmedia&parent=167"}],"curies":[{"name":"wp","href":"https:\/\/api.w.org\/{rel}","templated":true}]}}