{"id":1673,"date":"2010-06-15T08:37:10","date_gmt":"2010-06-15T08:37:10","guid":{"rendered":"http:\/\/pracownia52.pl\/www\/?page_id=1673"},"modified":"2018-12-24T13:49:19","modified_gmt":"2018-12-24T13:49:19","slug":"lady-pank","status":"publish","type":"page","link":"https:\/\/pracownia52.pl\/www\/?page_id=1673","title":{"rendered":"Lady Pank"},"content":{"rendered":"\n<p>zdj\u0119cia od przypadku do przypadku, z pocz. lat 80. Pozna\u0144, Rock Arena, jakie\u015b Rockowiska, chyba Ko\u0142obrzeg (ale festiwal rockowy; nie \u017co\u0142nierski). \u201eKapiszon&#8221; bywa\u0142 fotogeniczny\u2026<br \/>mr m.<\/p>\n\n\n\n<ul class=\"wp-block-gallery columns-3 is-cropped wp-block-gallery-1 is-layout-flex wp-block-gallery-is-layout-flex\"><li class=\"blocks-gallery-item\"><figure><a href=\"https:\/\/pracownia52.pl\/www\/wp-content\/uploads\/2018\/11\/01-1987-lady-pank-cd-849-fot-mr-makowski.jpg\"><img loading=\"lazy\" decoding=\"async\" width=\"1200\" height=\"802\" src=\"https:\/\/pracownia52.pl\/www\/wp-content\/uploads\/2018\/11\/01-1987-lady-pank-cd-849-fot-mr-makowski.jpg\" alt=\"\" data-id=\"8007\" class=\"wp-image-8007\" srcset=\"https:\/\/pracownia52.pl\/www\/wp-content\/uploads\/2018\/11\/01-1987-lady-pank-cd-849-fot-mr-makowski.jpg?v=1627123674 1200w, https:\/\/pracownia52.pl\/www\/wp-content\/uploads\/2018\/11\/01-1987-lady-pank-cd-849-fot-mr-makowski-300x201.jpg?v=1627123674 300w, https:\/\/pracownia52.pl\/www\/wp-content\/uploads\/2018\/11\/01-1987-lady-pank-cd-849-fot-mr-makowski-1024x684.jpg?v=1627123674 1024w, https:\/\/pracownia52.pl\/www\/wp-content\/uploads\/2018\/11\/01-1987-lady-pank-cd-849-fot-mr-makowski-768x513.jpg?v=1627123674 768w\" sizes=\"auto, (max-width: 767px) 89vw, (max-width: 1000px) 54vw, (max-width: 1071px) 543px, 580px\" \/><\/a><\/figure><\/li><li class=\"blocks-gallery-item\"><figure><a href=\"https:\/\/pracownia52.pl\/www\/wp-content\/uploads\/2010\/06\/lady-pank-1986-low_001.jpg\"><img loading=\"lazy\" decoding=\"async\" width=\"1200\" height=\"703\" src=\"https:\/\/pracownia52.pl\/www\/wp-content\/uploads\/2010\/06\/lady-pank-1986-low_001.jpg\" alt=\"\" data-id=\"1674\" class=\"wp-image-1674\" srcset=\"https:\/\/pracownia52.pl\/www\/wp-content\/uploads\/2010\/06\/lady-pank-1986-low_001.jpg?v=1627124255 1200w, https:\/\/pracownia52.pl\/www\/wp-content\/uploads\/2010\/06\/lady-pank-1986-low_001-300x176.jpg?v=1627124255 300w, https:\/\/pracownia52.pl\/www\/wp-content\/uploads\/2010\/06\/lady-pank-1986-low_001-1024x600.jpg?v=1627124255 1024w, https:\/\/pracownia52.pl\/www\/wp-content\/uploads\/2010\/06\/lady-pank-1986-low_001-768x450.jpg?v=1627124255 768w\" sizes=\"auto, (max-width: 767px) 89vw, (max-width: 1000px) 54vw, (max-width: 1071px) 543px, 580px\" \/><\/a><\/figure><\/li><li class=\"blocks-gallery-item\"><figure><a href=\"https:\/\/pracownia52.pl\/www\/wp-content\/uploads\/2010\/06\/kapiszon-lady-p-pozn-83.jpg\"><img loading=\"lazy\" decoding=\"async\" width=\"450\" height=\"652\" src=\"https:\/\/pracownia52.pl\/www\/wp-content\/uploads\/2010\/06\/kapiszon-lady-p-pozn-83.jpg\" alt=\"\" data-id=\"1676\" class=\"wp-image-1676\" srcset=\"https:\/\/pracownia52.pl\/www\/wp-content\/uploads\/2010\/06\/kapiszon-lady-p-pozn-83.jpg?v=1627124254 450w, https:\/\/pracownia52.pl\/www\/wp-content\/uploads\/2010\/06\/kapiszon-lady-p-pozn-83-207x300.jpg?v=1627124254 207w\" sizes=\"auto, (max-width: 450px) 100vw, 450px\" \/><\/a><\/figure><\/li><\/ul>\n","protected":false},"excerpt":{"rendered":"<p>zdj\u0119cia od przypadku do przypadku, z pocz. lat 80. Pozna\u0144, Rock Arena, jakie\u015b Rockowiska, chyba Ko\u0142obrzeg (ale festiwal rockowy; nie \u017co\u0142nierski). \u201eKapiszon&#8221; bywa\u0142 fotogeniczny\u2026mr m.<\/p>\n","protected":false},"author":1,"featured_media":0,"parent":0,"menu_order":0,"comment_status":"closed","ping_status":"open","template":"","meta":{"footnotes":""},"class_list":["post-1673","page","type-page","status-publish","hentry"],"_links":{"self":[{"href":"https:\/\/pracownia52.pl\/www\/index.php?rest_route=\/wp\/v2\/pages\/1673","targetHints":{"allow":["GET"]}}],"collection":[{"href":"https:\/\/pracownia52.pl\/www\/index.php?rest_route=\/wp\/v2\/pages"}],"about":[{"href":"https:\/\/pracownia52.pl\/www\/index.php?rest_route=\/wp\/v2\/types\/page"}],"author":[{"embeddable":true,"href":"https:\/\/pracownia52.pl\/www\/index.php?rest_route=\/wp\/v2\/users\/1"}],"replies":[{"embeddable":true,"href":"https:\/\/pracownia52.pl\/www\/index.php?rest_route=%2Fwp%2Fv2%2Fcomments&post=1673"}],"version-history":[{"count":7,"href":"https:\/\/pracownia52.pl\/www\/index.php?rest_route=\/wp\/v2\/pages\/1673\/revisions"}],"predecessor-version":[{"id":9781,"href":"https:\/\/pracownia52.pl\/www\/index.php?rest_route=\/wp\/v2\/pages\/1673\/revisions\/9781"}],"wp:attachment":[{"href":"https:\/\/pracownia52.pl\/www\/index.php?rest_route=%2Fwp%2Fv2%2Fmedia&parent=1673"}],"curies":[{"name":"wp","href":"https:\/\/api.w.org\/{rel}","templated":true}]}}