{"id":1687,"date":"2010-06-15T11:39:46","date_gmt":"2010-06-15T11:39:46","guid":{"rendered":"http:\/\/pracownia52.pl\/www\/?page_id=1687"},"modified":"2018-10-22T11:30:19","modified_gmt":"2018-10-22T11:30:19","slug":"janusz-olejniczak","status":"publish","type":"page","link":"https:\/\/pracownia52.pl\/www\/?page_id=1687","title":{"rendered":"Janusz Olejniczak"},"content":{"rendered":"<p>kilka (-na\u015bcie) zdj\u0119\u0107 z ko\u0144ca lat 70. praktycznie niewykorzystywane. a i okoliczno\u015bci ich powstania\u2026 no, zabawne i pouczaj\u0105ce, cho\u0107 troch\u0119 straszne jednak: realia Peerelu (+ od kuchni).<br \/>\nmr m.<br \/>\n<div id='gallery-1' class='gallery galleryid-1687 gallery-columns-2 gallery-size-full'><figure class='gallery-item'>\n\t\t\t<div class='gallery-icon landscape'>\n\t\t\t\t<a href='https:\/\/pracownia52.pl\/www\/wp-content\/uploads\/2018\/10\/1979-8-janusz-olejniczak-i-afrykanska-maska-fot-mr-makowski-218.jpg'><img loading=\"lazy\" decoding=\"async\" width=\"1200\" height=\"803\" src=\"https:\/\/pracownia52.pl\/www\/wp-content\/uploads\/2018\/10\/1979-8-janusz-olejniczak-i-afrykanska-maska-fot-mr-makowski-218.jpg?v=1627123691\" class=\"attachment-full size-full\" alt=\"\" srcset=\"https:\/\/pracownia52.pl\/www\/wp-content\/uploads\/2018\/10\/1979-8-janusz-olejniczak-i-afrykanska-maska-fot-mr-makowski-218.jpg?v=1627123691 1200w, https:\/\/pracownia52.pl\/www\/wp-content\/uploads\/2018\/10\/1979-8-janusz-olejniczak-i-afrykanska-maska-fot-mr-makowski-218-300x201.jpg?v=1627123691 300w, https:\/\/pracownia52.pl\/www\/wp-content\/uploads\/2018\/10\/1979-8-janusz-olejniczak-i-afrykanska-maska-fot-mr-makowski-218-1024x685.jpg?v=1627123691 1024w, https:\/\/pracownia52.pl\/www\/wp-content\/uploads\/2018\/10\/1979-8-janusz-olejniczak-i-afrykanska-maska-fot-mr-makowski-218-768x514.jpg?v=1627123691 768w\" sizes=\"auto, 100vw\" \/><\/a>\n\t\t\t<\/div><\/figure><figure class='gallery-item'>\n\t\t\t<div class='gallery-icon landscape'>\n\t\t\t\t<a href='https:\/\/pracownia52.pl\/www\/wp-content\/uploads\/2010\/06\/janusz-olejniczak-79-01.jpg'><img loading=\"lazy\" decoding=\"async\" width=\"500\" height=\"350\" src=\"https:\/\/pracownia52.pl\/www\/wp-content\/uploads\/2010\/06\/janusz-olejniczak-79-01.jpg?v=1627124254\" class=\"attachment-full size-full\" alt=\"\" srcset=\"https:\/\/pracownia52.pl\/www\/wp-content\/uploads\/2010\/06\/janusz-olejniczak-79-01.jpg?v=1627124254 500w, https:\/\/pracownia52.pl\/www\/wp-content\/uploads\/2010\/06\/janusz-olejniczak-79-01-300x210.jpg?v=1627124254 300w\" sizes=\"auto, 100vw\" \/><\/a>\n\t\t\t<\/div><\/figure>\n\t\t<\/div>\n<\/p>\n","protected":false},"excerpt":{"rendered":"<p>kilka (-na\u015bcie) zdj\u0119\u0107 z ko\u0144ca lat 70. praktycznie niewykorzystywane. a i okoliczno\u015bci ich powstania\u2026 no, zabawne i pouczaj\u0105ce, cho\u0107 troch\u0119 straszne jednak: realia Peerelu (+ od kuchni). mr m.<\/p>\n","protected":false},"author":1,"featured_media":0,"parent":0,"menu_order":0,"comment_status":"closed","ping_status":"open","template":"","meta":{"footnotes":""},"class_list":["post-1687","page","type-page","status-publish","hentry"],"_links":{"self":[{"href":"https:\/\/pracownia52.pl\/www\/index.php?rest_route=\/wp\/v2\/pages\/1687","targetHints":{"allow":["GET"]}}],"collection":[{"href":"https:\/\/pracownia52.pl\/www\/index.php?rest_route=\/wp\/v2\/pages"}],"about":[{"href":"https:\/\/pracownia52.pl\/www\/index.php?rest_route=\/wp\/v2\/types\/page"}],"author":[{"embeddable":true,"href":"https:\/\/pracownia52.pl\/www\/index.php?rest_route=\/wp\/v2\/users\/1"}],"replies":[{"embeddable":true,"href":"https:\/\/pracownia52.pl\/www\/index.php?rest_route=%2Fwp%2Fv2%2Fcomments&post=1687"}],"version-history":[{"count":4,"href":"https:\/\/pracownia52.pl\/www\/index.php?rest_route=\/wp\/v2\/pages\/1687\/revisions"}],"predecessor-version":[{"id":7846,"href":"https:\/\/pracownia52.pl\/www\/index.php?rest_route=\/wp\/v2\/pages\/1687\/revisions\/7846"}],"wp:attachment":[{"href":"https:\/\/pracownia52.pl\/www\/index.php?rest_route=%2Fwp%2Fv2%2Fmedia&parent=1687"}],"curies":[{"name":"wp","href":"https:\/\/api.w.org\/{rel}","templated":true}]}}