{"id":1690,"date":"2010-06-15T11:44:57","date_gmt":"2010-06-15T11:44:57","guid":{"rendered":"http:\/\/pracownia52.pl\/www\/?page_id=1690"},"modified":"2018-01-05T14:25:46","modified_gmt":"2018-01-05T14:25:46","slug":"jozef-skrzek-sbb","status":"publish","type":"page","link":"https:\/\/pracownia52.pl\/www\/?page_id=1690","title":{"rendered":"J\u00f3zef Skrzek (SBB)"},"content":{"rendered":"<p>kilka zdj\u0119\u0107 z nagrywania muzyki do \u201eGolema&#8221; <a href=\"http:\/\/pracownia52.pl\/www\/?page_id=1694\"><strong>Piotra Szulkina<\/strong><\/a>, sporo \u2013 p\u00f3\u017aniej\u2026<br \/>\nmr m.<br \/>\n<img loading=\"lazy\" decoding=\"async\" src=\"http:\/\/pracownia52.pl\/www\/wp-content\/uploads\/2010\/06\/skrzek-szulkin-1.jpg\" alt=\"\" title=\"skrzek-szulkin-1\" width=\"500\" height=\"337\" class=\"alignnone size-full wp-image-1691\" srcset=\"https:\/\/pracownia52.pl\/www\/wp-content\/uploads\/2010\/06\/skrzek-szulkin-1.jpg?v=1627124254 500w, https:\/\/pracownia52.pl\/www\/wp-content\/uploads\/2010\/06\/skrzek-szulkin-1-300x202.jpg?v=1627124254 300w\" sizes=\"auto, (max-width: 500px) 100vw, 500px\" \/><\/p>\n","protected":false},"excerpt":{"rendered":"<p>kilka zdj\u0119\u0107 z nagrywania muzyki do \u201eGolema&#8221; Piotra Szulkina, sporo \u2013 p\u00f3\u017aniej\u2026 mr m.<\/p>\n","protected":false},"author":1,"featured_media":0,"parent":0,"menu_order":0,"comment_status":"closed","ping_status":"open","template":"","meta":{"footnotes":""},"class_list":["post-1690","page","type-page","status-publish","hentry"],"_links":{"self":[{"href":"https:\/\/pracownia52.pl\/www\/index.php?rest_route=\/wp\/v2\/pages\/1690","targetHints":{"allow":["GET"]}}],"collection":[{"href":"https:\/\/pracownia52.pl\/www\/index.php?rest_route=\/wp\/v2\/pages"}],"about":[{"href":"https:\/\/pracownia52.pl\/www\/index.php?rest_route=\/wp\/v2\/types\/page"}],"author":[{"embeddable":true,"href":"https:\/\/pracownia52.pl\/www\/index.php?rest_route=\/wp\/v2\/users\/1"}],"replies":[{"embeddable":true,"href":"https:\/\/pracownia52.pl\/www\/index.php?rest_route=%2Fwp%2Fv2%2Fcomments&post=1690"}],"version-history":[{"count":5,"href":"https:\/\/pracownia52.pl\/www\/index.php?rest_route=\/wp\/v2\/pages\/1690\/revisions"}],"predecessor-version":[{"id":7464,"href":"https:\/\/pracownia52.pl\/www\/index.php?rest_route=\/wp\/v2\/pages\/1690\/revisions\/7464"}],"wp:attachment":[{"href":"https:\/\/pracownia52.pl\/www\/index.php?rest_route=%2Fwp%2Fv2%2Fmedia&parent=1690"}],"curies":[{"name":"wp","href":"https:\/\/api.w.org\/{rel}","templated":true}]}}