{"id":1694,"date":"2010-06-15T11:49:47","date_gmt":"2010-06-15T11:49:47","guid":{"rendered":"http:\/\/pracownia52.pl\/www\/?page_id=1694"},"modified":"2018-12-27T12:45:08","modified_gmt":"2018-12-27T12:45:08","slug":"piotr-szulkin","status":"publish","type":"page","link":"https:\/\/pracownia52.pl\/www\/?page_id=1694","title":{"rendered":"Piotr Szulkin"},"content":{"rendered":"\n<p>Do\u015b\u0107 marne, ale do\u015b\u0107 stare zdj\u0119cia z drugiej po\u0142owy lat 70. \u2013 i nieco z koncertu w Hali Gwardii, kr\u0119conego do \u201eWojny \u015bwiat\u00f3w&#8221;. Patrz te\u017c: <a href=\"http:\/\/pracownia52.pl\/www\/?page_id=1690\"><strong>J\u00f3zef Skrzek<\/strong><\/a>; a ten Pan pierwszy z lewej, w galerii \u2013 to Roman Wilhelmi w peruce. aktor znaczy :\u2013)<br \/>u-aktualnienie: \u2026oraz <a href=\"http:\/\/ooops.pl\/?p=34638\"><strong>nekrolog<\/strong><\/a>.<br \/>mr m.<\/p>\n\n\n\n<ul class=\"wp-block-gallery columns-3 is-cropped wp-block-gallery-1 is-layout-flex wp-block-gallery-is-layout-flex\"><li class=\"blocks-gallery-item\"><figure><a href=\"https:\/\/pracownia52.pl\/www\/wp-content\/uploads\/2018\/08\/wojna-swiatow-hala-gw-1980low-13.jpg\"><img loading=\"lazy\" decoding=\"async\" width=\"600\" height=\"902\" src=\"https:\/\/pracownia52.pl\/www\/wp-content\/uploads\/2018\/08\/wojna-swiatow-hala-gw-1980low-13.jpg\" alt=\"\" data-id=\"7722\" class=\"wp-image-7722\" srcset=\"https:\/\/pracownia52.pl\/www\/wp-content\/uploads\/2018\/08\/wojna-swiatow-hala-gw-1980low-13.jpg?v=1627123699 600w, https:\/\/pracownia52.pl\/www\/wp-content\/uploads\/2018\/08\/wojna-swiatow-hala-gw-1980low-13-200x300.jpg?v=1627123699 200w\" sizes=\"auto, (max-width: 600px) 100vw, 600px\" \/><\/a><\/figure><\/li><li class=\"blocks-gallery-item\"><figure><a href=\"https:\/\/pracownia52.pl\/www\/wp-content\/uploads\/2010\/06\/jozef-skrzek-1979-003mn.jpg\"><img loading=\"lazy\" decoding=\"async\" width=\"800\" height=\"531\" src=\"https:\/\/pracownia52.pl\/www\/wp-content\/uploads\/2010\/06\/jozef-skrzek-1979-003mn.jpg\" alt=\"\" data-id=\"1702\" class=\"wp-image-1702\" srcset=\"https:\/\/pracownia52.pl\/www\/wp-content\/uploads\/2010\/06\/jozef-skrzek-1979-003mn.jpg?v=1627124253 800w, https:\/\/pracownia52.pl\/www\/wp-content\/uploads\/2010\/06\/jozef-skrzek-1979-003mn-300x199.jpg?v=1627124253 300w, https:\/\/pracownia52.pl\/www\/wp-content\/uploads\/2010\/06\/jozef-skrzek-1979-003mn-768x510.jpg?v=1627124253 768w\" sizes=\"auto, (max-width: 767px) 89vw, (max-width: 1000px) 54vw, (max-width: 1071px) 543px, 580px\" \/><\/a><\/figure><\/li><li class=\"blocks-gallery-item\"><figure><a href=\"https:\/\/pracownia52.pl\/www\/wp-content\/uploads\/2010\/06\/piotr-szulkin-1978-bodaj3.jpg\"><img loading=\"lazy\" decoding=\"async\" width=\"517\" height=\"800\" src=\"https:\/\/pracownia52.pl\/www\/wp-content\/uploads\/2010\/06\/piotr-szulkin-1978-bodaj3.jpg\" alt=\"\" data-id=\"1698\" class=\"wp-image-1698\" srcset=\"https:\/\/pracownia52.pl\/www\/wp-content\/uploads\/2010\/06\/piotr-szulkin-1978-bodaj3.jpg?v=1627124254 517w, https:\/\/pracownia52.pl\/www\/wp-content\/uploads\/2010\/06\/piotr-szulkin-1978-bodaj3-194x300.jpg?v=1627124254 194w\" sizes=\"auto, (max-width: 517px) 100vw, 517px\" \/><\/a><\/figure><\/li><\/ul>\n","protected":false},"excerpt":{"rendered":"<p>Do\u015b\u0107 marne, ale do\u015b\u0107 stare zdj\u0119cia z drugiej po\u0142owy lat 70. \u2013 i nieco z koncertu w Hali Gwardii, kr\u0119conego do \u201eWojny \u015bwiat\u00f3w&#8221;. Patrz te\u017c: J\u00f3zef Skrzek; a ten Pan pierwszy z lewej, w galerii \u2013 to Roman Wilhelmi w peruce. aktor znaczy :\u2013)u-aktualnienie: \u2026oraz nekrolog.mr m.<\/p>\n","protected":false},"author":1,"featured_media":0,"parent":0,"menu_order":3,"comment_status":"closed","ping_status":"open","template":"","meta":{"footnotes":""},"class_list":["post-1694","page","type-page","status-publish","hentry"],"_links":{"self":[{"href":"https:\/\/pracownia52.pl\/www\/index.php?rest_route=\/wp\/v2\/pages\/1694","targetHints":{"allow":["GET"]}}],"collection":[{"href":"https:\/\/pracownia52.pl\/www\/index.php?rest_route=\/wp\/v2\/pages"}],"about":[{"href":"https:\/\/pracownia52.pl\/www\/index.php?rest_route=\/wp\/v2\/types\/page"}],"author":[{"embeddable":true,"href":"https:\/\/pracownia52.pl\/www\/index.php?rest_route=\/wp\/v2\/users\/1"}],"replies":[{"embeddable":true,"href":"https:\/\/pracownia52.pl\/www\/index.php?rest_route=%2Fwp%2Fv2%2Fcomments&post=1694"}],"version-history":[{"count":12,"href":"https:\/\/pracownia52.pl\/www\/index.php?rest_route=\/wp\/v2\/pages\/1694\/revisions"}],"predecessor-version":[{"id":8395,"href":"https:\/\/pracownia52.pl\/www\/index.php?rest_route=\/wp\/v2\/pages\/1694\/revisions\/8395"}],"wp:attachment":[{"href":"https:\/\/pracownia52.pl\/www\/index.php?rest_route=%2Fwp%2Fv2%2Fmedia&parent=1694"}],"curies":[{"name":"wp","href":"https:\/\/api.w.org\/{rel}","templated":true}]}}