{"id":1710,"date":"2010-06-15T12:21:04","date_gmt":"2010-06-15T12:21:04","guid":{"rendered":"http:\/\/pracownia52.pl\/www\/?page_id=1710"},"modified":"2018-05-02T07:27:43","modified_gmt":"2018-05-02T07:27:43","slug":"wanda-wilkomirska","status":"publish","type":"page","link":"https:\/\/pracownia52.pl\/www\/?page_id=1710","title":{"rendered":"Wanda Wi\u0142komirska"},"content":{"rendered":"<p>koniec lat 70. jaka\u015b rozmowa (Wies\u0142aw Kr\u00f3likowski dla \u201eNowego Medyka\u201d) z ryzykiem, \u017ce nie puszcz\u0105, Pani by\u0142a wtedy na indeksie (nieco)\u2026 ale pu\u015bcili: gazetka dla student\u00f3w.<br \/>\nmr m.<br \/>\n<div id='gallery-1' class='gallery galleryid-1710 gallery-columns-2 gallery-size-thumbnail'><figure class='gallery-item'>\n\t\t\t<div class='gallery-icon portrait'>\n\t\t\t\t<a href='https:\/\/pracownia52.pl\/www\/wp-content\/uploads\/2010\/06\/wanda-wilkomirska-i-skrzypce-48-1.jpg'><img loading=\"lazy\" decoding=\"async\" width=\"150\" height=\"150\" src=\"https:\/\/pracownia52.pl\/www\/wp-content\/uploads\/2010\/06\/wanda-wilkomirska-i-skrzypce-48-1-150x150.jpg?v=1627123756\" class=\"attachment-thumbnail size-thumbnail\" alt=\"\" srcset=\"https:\/\/pracownia52.pl\/www\/wp-content\/uploads\/2010\/06\/wanda-wilkomirska-i-skrzypce-48-1-150x150.jpg?v=1627123756 150w, https:\/\/pracownia52.pl\/www\/wp-content\/uploads\/2010\/06\/wanda-wilkomirska-i-skrzypce-48-1-75x75.jpg?v=1627123756 75w\" sizes=\"auto, 100vw\" \/><\/a>\n\t\t\t<\/div><\/figure><figure class='gallery-item'>\n\t\t\t<div class='gallery-icon portrait'>\n\t\t\t\t<a href='https:\/\/pracownia52.pl\/www\/wp-content\/uploads\/2010\/06\/wanda-wilkomirska-1977-neg-uszk-50.jpg'><img loading=\"lazy\" decoding=\"async\" width=\"150\" height=\"150\" src=\"https:\/\/pracownia52.pl\/www\/wp-content\/uploads\/2010\/06\/wanda-wilkomirska-1977-neg-uszk-50-150x150.jpg?v=1627123756\" class=\"attachment-thumbnail size-thumbnail\" alt=\"\" srcset=\"https:\/\/pracownia52.pl\/www\/wp-content\/uploads\/2010\/06\/wanda-wilkomirska-1977-neg-uszk-50-150x150.jpg?v=1627123756 150w, https:\/\/pracownia52.pl\/www\/wp-content\/uploads\/2010\/06\/wanda-wilkomirska-1977-neg-uszk-50-75x75.jpg?v=1627123756 75w\" sizes=\"auto, 100vw\" \/><\/a>\n\t\t\t<\/div><\/figure>\n\t\t<\/div>\n<\/p>\n","protected":false},"excerpt":{"rendered":"<p>koniec lat 70. jaka\u015b rozmowa (Wies\u0142aw Kr\u00f3likowski dla \u201eNowego Medyka\u201d) z ryzykiem, \u017ce nie puszcz\u0105, Pani by\u0142a wtedy na indeksie (nieco)\u2026 ale pu\u015bcili: gazetka dla student\u00f3w. mr m.<\/p>\n","protected":false},"author":1,"featured_media":0,"parent":0,"menu_order":0,"comment_status":"closed","ping_status":"open","template":"","meta":{"footnotes":""},"class_list":["post-1710","page","type-page","status-publish","hentry"],"_links":{"self":[{"href":"https:\/\/pracownia52.pl\/www\/index.php?rest_route=\/wp\/v2\/pages\/1710","targetHints":{"allow":["GET"]}}],"collection":[{"href":"https:\/\/pracownia52.pl\/www\/index.php?rest_route=\/wp\/v2\/pages"}],"about":[{"href":"https:\/\/pracownia52.pl\/www\/index.php?rest_route=\/wp\/v2\/types\/page"}],"author":[{"embeddable":true,"href":"https:\/\/pracownia52.pl\/www\/index.php?rest_route=\/wp\/v2\/users\/1"}],"replies":[{"embeddable":true,"href":"https:\/\/pracownia52.pl\/www\/index.php?rest_route=%2Fwp%2Fv2%2Fcomments&post=1710"}],"version-history":[{"count":8,"href":"https:\/\/pracownia52.pl\/www\/index.php?rest_route=\/wp\/v2\/pages\/1710\/revisions"}],"predecessor-version":[{"id":7531,"href":"https:\/\/pracownia52.pl\/www\/index.php?rest_route=\/wp\/v2\/pages\/1710\/revisions\/7531"}],"wp:attachment":[{"href":"https:\/\/pracownia52.pl\/www\/index.php?rest_route=%2Fwp%2Fv2%2Fmedia&parent=1710"}],"curies":[{"name":"wp","href":"https:\/\/api.w.org\/{rel}","templated":true}]}}