{"id":1732,"date":"2010-06-15T15:02:10","date_gmt":"2010-06-15T15:02:10","guid":{"rendered":"http:\/\/pracownia52.pl\/www\/?page_id=1732"},"modified":"2025-11-10T19:52:53","modified_gmt":"2025-11-10T19:52:53","slug":"info","status":"publish","type":"page","link":"https:\/\/pracownia52.pl\/www\/?page_id=1732","title":{"rendered":"\u2013 info \u2013"},"content":{"rendered":"\n<figure class=\"wp-block-image is-resized\"><img loading=\"lazy\" decoding=\"async\" width=\"600\" height=\"600\" src=\"https:\/\/pracownia52.pl\/www\/wp-content\/uploads\/2017\/03\/Frania-1bit-600pxl-Galeria52.jpg\" alt=\"\" class=\"wp-image-6759\" style=\"width:108px;height:108px\" srcset=\"https:\/\/pracownia52.pl\/www\/wp-content\/uploads\/2017\/03\/Frania-1bit-600pxl-Galeria52.jpg?v=1748362777 600w, https:\/\/pracownia52.pl\/www\/wp-content\/uploads\/2017\/03\/Frania-1bit-600pxl-Galeria52-300x300.jpg?v=1748362777 300w, https:\/\/pracownia52.pl\/www\/wp-content\/uploads\/2017\/03\/Frania-1bit-600pxl-Galeria52-150x150.jpg?v=1748362777 150w, https:\/\/pracownia52.pl\/www\/wp-content\/uploads\/2017\/03\/Frania-1bit-600pxl-Galeria52-75x75.jpg?v=1748362777 75w\" sizes=\"auto, (max-width: 600px) 100vw, 600px\" \/><\/figure>\n\n\n\n<p>\u2022 mr makowski \u2022 (d. pracownia 52) \u2022<br \/>To jest galeria moich zdj\u0119\u0107, <strong><a href=\"https:\/\/makowski.info\/?page_id=1861\" data-type=\"URL\" data-id=\"https:\/\/makowski.info\/?page_id=1861\">projekt\u00f3w<\/a><\/strong> i innych prac: dawna <a href=\"http:\/\/www.pracownia52.pl\/www\/gallery\/\"><strong>galeria<\/strong><\/a> usuni\u0119ta\u2026 i jakby co: oto <a href=\"mailto:makowski@makowski.info\"><strong>mail<\/strong><\/a>. Dla pewnego u\u0142atwienia podzieli\u0142em list\u0119-menu na dwie, mocno umowne cz\u0119\u015bci: w <strong>pierwszej<\/strong> znajdujemy ludzi, grupy, nazwy czy zdarzenia\u2026 zwi\u0105zane z muzyk\u0105; w <strong>drugiej<\/strong> \u2013 projekty, inicjatywy, inne akcje, niekiedy te\u017c oko\u0142o-muzyczne.<br \/>mr m.<\/p>\n\n\n\n<p>(a Lista \u2013 obok.)<br \/>m.<\/p>\n","protected":false},"excerpt":{"rendered":"<p>\u2022 mr makowski \u2022 (d. pracownia 52) \u2022To jest galeria moich zdj\u0119\u0107, projekt\u00f3w i innych prac: dawna galeria usuni\u0119ta\u2026 i jakby co: oto mail. Dla pewnego u\u0142atwienia podzieli\u0142em list\u0119-menu na dwie, mocno umowne cz\u0119\u015bci: w pierwszej znajdujemy ludzi, grupy, nazwy czy zdarzenia\u2026 zwi\u0105zane z muzyk\u0105; w drugiej \u2013 projekty, inicjatywy, inne akcje, niekiedy te\u017c oko\u0142o-muzyczne.mr &hellip; <\/p>\n<p class=\"link-more\"><a href=\"https:\/\/pracownia52.pl\/www\/?page_id=1732\" class=\"more-link\">Czytaj dalej<span class=\"screen-reader-text\"> \u201e\u2013 info \u2013\u201d<\/span><\/a><\/p>\n","protected":false},"author":1,"featured_media":0,"parent":0,"menu_order":7,"comment_status":"closed","ping_status":"open","template":"","meta":{"footnotes":""},"class_list":["post-1732","page","type-page","status-publish","hentry"],"_links":{"self":[{"href":"https:\/\/pracownia52.pl\/www\/index.php?rest_route=\/wp\/v2\/pages\/1732","targetHints":{"allow":["GET"]}}],"collection":[{"href":"https:\/\/pracownia52.pl\/www\/index.php?rest_route=\/wp\/v2\/pages"}],"about":[{"href":"https:\/\/pracownia52.pl\/www\/index.php?rest_route=\/wp\/v2\/types\/page"}],"author":[{"embeddable":true,"href":"https:\/\/pracownia52.pl\/www\/index.php?rest_route=\/wp\/v2\/users\/1"}],"replies":[{"embeddable":true,"href":"https:\/\/pracownia52.pl\/www\/index.php?rest_route=%2Fwp%2Fv2%2Fcomments&post=1732"}],"version-history":[{"count":28,"href":"https:\/\/pracownia52.pl\/www\/index.php?rest_route=\/wp\/v2\/pages\/1732\/revisions"}],"predecessor-version":[{"id":10552,"href":"https:\/\/pracownia52.pl\/www\/index.php?rest_route=\/wp\/v2\/pages\/1732\/revisions\/10552"}],"wp:attachment":[{"href":"https:\/\/pracownia52.pl\/www\/index.php?rest_route=%2Fwp%2Fv2%2Fmedia&parent=1732"}],"curies":[{"name":"wp","href":"https:\/\/api.w.org\/{rel}","templated":true}]}}